{"id":408,"date":"2018-06-29T09:05:09","date_gmt":"2018-06-29T09:05:09","guid":{"rendered":"https:\/\/whitehorseperfume.com\/?post_type=product&#038;p=408"},"modified":"2026-04-13T22:54:34","modified_gmt":"2026-04-13T20:54:34","slug":"white-horse-hair-control-cream-no","status":"publish","type":"product","link":"https:\/\/whitehorseperfume.com\/no\/produkt\/white-horse-hair-control-cream-no\/","title":{"rendered":"White Horse Hair Control Cream"},"content":{"rendered":"","protected":false},"excerpt":{"rendered":"<h2>H\u00e5rkrem for menn<\/h2>\n<h3><strong>Glem klebrig kremer og stiv voks!<\/strong><\/h3>\n<p>White Horse Hair Control Cream &#8211; er et alsidig produkt, som gir dit h\u00e5r stabilitet og glans mens du f\u00e5r en myk finish. Kremen er veldig dr\u00f8y og et lite klikk er nok til \u00e5 lage en frisyre, som varer hele dagen. Enten du vil ha en avslappet og naturlig finish, en klassisk herrefrisyre eller et 50-talls inspireret look, gir h\u00e5rkremen deg de optimale forholdene.<\/p>\n<p>Du kan bruke kremen i b\u00e5de v\u00e5tt og t\u00f8rt h\u00e5r. Ta et lite klikk i<br \/>\nh\u00e5ndflaten, gni hendene mot hverandre og p\u00e5f\u00f8r h\u00e5ret for \u00e5 etterp\u00e5 forme frisyren du \u00f8nsker. Kremen har en frisk og veldig mild duft, som ikke forstyrrer andre dufter fra for eksempel etterbarberingsvann.<\/p>\n<p>White Horse h\u00e5rkrem er produsert i Sverige &#8211; og er originalen fra 50-tallet, et ikonisk produkt som sammen med Brylcream dominerte markedet &#8211; med James Dean, jeans og rock\u00b4n roll som forbilder.<\/p>\n","protected":false},"featured_media":2623,"comment_status":"open","ping_status":"closed","template":"","meta":[],"product_brand":[],"product_cat":[25],"product_tag":[],"class_list":{"0":"post-408","1":"product","2":"type-product","3":"status-publish","4":"has-post-thumbnail","6":"product_cat-white-horse-perfume-no","8":"first","9":"outofstock","10":"taxable","11":"shipping-taxable","12":"purchasable","13":"product-type-simple"},"_links":{"self":[{"href":"https:\/\/whitehorseperfume.com\/no\/wp-json\/wp\/v2\/product\/408","targetHints":{"allow":["GET"]}}],"collection":[{"href":"https:\/\/whitehorseperfume.com\/no\/wp-json\/wp\/v2\/product"}],"about":[{"href":"https:\/\/whitehorseperfume.com\/no\/wp-json\/wp\/v2\/types\/product"}],"replies":[{"embeddable":true,"href":"https:\/\/whitehorseperfume.com\/no\/wp-json\/wp\/v2\/comments?post=408"}],"wp:featuredmedia":[{"embeddable":true,"href":"https:\/\/whitehorseperfume.com\/no\/wp-json\/wp\/v2\/media\/2623"}],"wp:attachment":[{"href":"https:\/\/whitehorseperfume.com\/no\/wp-json\/wp\/v2\/media?parent=408"}],"wp:term":[{"taxonomy":"product_brand","embeddable":true,"href":"https:\/\/whitehorseperfume.com\/no\/wp-json\/wp\/v2\/product_brand?post=408"},{"taxonomy":"product_cat","embeddable":true,"href":"https:\/\/whitehorseperfume.com\/no\/wp-json\/wp\/v2\/product_cat?post=408"},{"taxonomy":"product_tag","embeddable":true,"href":"https:\/\/whitehorseperfume.com\/no\/wp-json\/wp\/v2\/product_tag?post=408"}],"curies":[{"name":"wp","href":"https:\/\/api.w.org\/{rel}","templated":true}]}}