{"id":2020,"date":"2018-06-03T20:41:32","date_gmt":"2018-06-03T20:41:32","guid":{"rendered":"https:\/\/whitehorseperfume.com\/product\/presentkartong-white-horse-harcream-white-horse-eau-de-toilette\/"},"modified":"2023-09-13T09:34:23","modified_gmt":"2023-09-13T07:34:23","slug":"gavesett-white-horse-har-krem-white-horse-eau-de-toilette-1","status":"publish","type":"product","link":"https:\/\/whitehorseperfume.com\/no\/produkt\/gavesett-white-horse-har-krem-white-horse-eau-de-toilette-1\/","title":{"rendered":"Gavesett \u2013 White Horse H\u00e5r Krem + White Horse Eau de Toilette"},"content":{"rendered":"<h2>Gavesett for menn \u2013 Innhold<br \/>\nWhite Horse Eau de Toilette<\/h2>\n<p>En del av hemmeligheten bak den klassiske parfymen fra White Horse er att den fortsatt idag lagres p\u00e5 eike fat. Grunn-notene i parfymen er blant annet sedertre og eterisk olje fra Patchouli. Som en annen del av hemmeligheten toppes parfymen dessuten av ekte roseolje. White Horse Eau de Toilette\u2019s parfyme-gavesett for menn kan b\u00e5de brukes som etterbarberingsvann og som parfyme, f.eks. p\u00e5 h\u00e5ndledd, hals og tinninger. Den karakteristiske og behagelige duften holder seg lenge.<\/p>\n<h2>White Horse Hair Control Cream<\/h2>\n<p>Originalen som aldri har sluttet \u00e5 finne fram til nye brukere som favoritt i toalett-vesken. En dr\u00f8y h\u00e5r krem som er enkel \u00e5 p\u00e5f\u00f8re, uten en klebrig eller uregjerlig frisyre som resultat. Du kontrollerer h\u00e5rlokkene og stabilitet p\u00e5 frisyren som varer hele dagen. Dessuten gir White Horse h\u00e5r krem liv i h\u00e5ret uten \u00e5 slite p\u00e5 det, og dufter mildt av den ikoniske White Horse-parfymen.<\/p>\n<p>V\u00e6r oppmerksom p\u00e5 at dette produktet inneholder en White Horse Eau de Toilette, mens det p\u00e5 bildet vises en After Shave Lotion.<\/p>\n","protected":false},"excerpt":{"rendered":"<h2>White Horse Parfyme \u2013 Et gavesett med en historie<\/h2>\n<p>Lurer du p\u00e5 \u00e5 for\u00e6re noen en elegant parfyme? Dette parfyme-gavesettet inneholder klassisk parfyme for menn. White Horse Eau de Toilette som kan brukes b\u00e5de som etterbarberingsvann og parfyme, og s\u00e5 den fantastiske h\u00e5r kremen fra White Horse som gir liv og stabilitet til frisyren. Alt elegant pakket i en gave eske. Lokkets inside prydes av et bilde av engelsk revejakt; slik det s\u00e5 ut p\u00e5 Downtown Abbeys tid. Like hyggelig \u00e5 gi som \u00e5 f\u00e5.<\/p>\n<p>Velg en gave med en historisk bakgrunn. White Horse er et tradisjonsrikt merke, grunnlagt for over 60 \u00e5r siden av Monsieur Jonas \u2013 Sveriges eneste dav\u00e6rende parfymemaker. Idag ruller produksjonen videre i Link\u00f6ping, under tilsyn av familien Jonas. De autentiske produktene st\u00e5r h\u00f8yt i kurs hos s\u00e5vel yngre som eldre menn, som vil ta vare p\u00e5 seg selv og holde seg proper med stil. Det gj\u00f8r dette parfyme-gavesettet for menn til en fin og omtenksom gave. Skjem bort noen som fortjener det med en ber\u00f8mt kroppspleie-serie for menn.<\/p>\n","protected":false},"featured_media":3263,"comment_status":"open","ping_status":"closed","template":"","meta":[],"product_brand":[],"product_cat":[25],"product_tag":[],"class_list":{"0":"post-2020","1":"product","2":"type-product","3":"status-publish","4":"has-post-thumbnail","6":"product_cat-white-horse-perfume-no","7":"product_shipping_class-presentkartang-no","9":"first","10":"instock","11":"taxable","12":"shipping-taxable","13":"purchasable","14":"product-type-simple"},"_links":{"self":[{"href":"https:\/\/whitehorseperfume.com\/no\/wp-json\/wp\/v2\/product\/2020","targetHints":{"allow":["GET"]}}],"collection":[{"href":"https:\/\/whitehorseperfume.com\/no\/wp-json\/wp\/v2\/product"}],"about":[{"href":"https:\/\/whitehorseperfume.com\/no\/wp-json\/wp\/v2\/types\/product"}],"replies":[{"embeddable":true,"href":"https:\/\/whitehorseperfume.com\/no\/wp-json\/wp\/v2\/comments?post=2020"}],"wp:featuredmedia":[{"embeddable":true,"href":"https:\/\/whitehorseperfume.com\/no\/wp-json\/wp\/v2\/media\/3263"}],"wp:attachment":[{"href":"https:\/\/whitehorseperfume.com\/no\/wp-json\/wp\/v2\/media?parent=2020"}],"wp:term":[{"taxonomy":"product_brand","embeddable":true,"href":"https:\/\/whitehorseperfume.com\/no\/wp-json\/wp\/v2\/product_brand?post=2020"},{"taxonomy":"product_cat","embeddable":true,"href":"https:\/\/whitehorseperfume.com\/no\/wp-json\/wp\/v2\/product_cat?post=2020"},{"taxonomy":"product_tag","embeddable":true,"href":"https:\/\/whitehorseperfume.com\/no\/wp-json\/wp\/v2\/product_tag?post=2020"}],"curies":[{"name":"wp","href":"https:\/\/api.w.org\/{rel}","templated":true}]}}