{"id":184,"date":"2018-06-03T20:43:39","date_gmt":"2018-06-03T20:43:39","guid":{"rendered":"https:\/\/whitehorseperfume.com\/product\/2-pack-white-horse-hair-control-cream\/"},"modified":"2024-08-09T14:34:36","modified_gmt":"2024-08-09T12:34:36","slug":"2-pack-white-horse-hair-control-cream","status":"publish","type":"product","link":"https:\/\/whitehorseperfume.com\/no\/produkt\/2-pack-white-horse-hair-control-cream\/","title":{"rendered":"2-pack White Horse Hair Control Cream"},"content":{"rendered":"","protected":false},"excerpt":{"rendered":"<p>H\u00e5r krem for menn<\/p>\n<p>Glem klissete kremer og stiv voks! White Horse h\u00e5r krem er originalen. White Horse Hair Control Cream gir deg en mer velpleid og livligere look. White Horse Hair Control Cream er en h\u00e5r-gel for menn som gir h\u00e5ret mer liv, uten \u00e5 gj\u00f8re det t\u00f8rt og bustete. Med White Horse h\u00e5r krem for menn kontrollerer du lokkene og gir dem en stylet look. Produktet har en sterk bindekraft p\u00e5 h\u00e5ret og ved riktig bruk holder du frisyren p\u00e5 plass hele dagen. White Horse Hair Control Cream er dessuten veldig dr\u00f8y, lite rekker<br \/>\nlangt! Det er en h\u00e5r-gel som brukes best ved at du tar litt i h\u00e5ndflaten, gnir hendene dine lett mot hverandre og deretter fordeler kremen i h\u00e5ret. Dette h\u00e5r produktet har en frisk og veldig mild parfymering i samme stil som White Horse \u00f8vrige ikoniske produkter.<\/p>\n","protected":false},"featured_media":185,"comment_status":"open","ping_status":"closed","template":"","meta":[],"product_brand":[],"product_cat":[25],"product_tag":[],"class_list":{"0":"post-184","1":"product","2":"type-product","3":"status-publish","4":"has-post-thumbnail","6":"product_cat-white-horse-perfume-no","8":"first","9":"outofstock","10":"taxable","11":"shipping-taxable","12":"purchasable","13":"product-type-simple"},"_links":{"self":[{"href":"https:\/\/whitehorseperfume.com\/no\/wp-json\/wp\/v2\/product\/184","targetHints":{"allow":["GET"]}}],"collection":[{"href":"https:\/\/whitehorseperfume.com\/no\/wp-json\/wp\/v2\/product"}],"about":[{"href":"https:\/\/whitehorseperfume.com\/no\/wp-json\/wp\/v2\/types\/product"}],"replies":[{"embeddable":true,"href":"https:\/\/whitehorseperfume.com\/no\/wp-json\/wp\/v2\/comments?post=184"}],"wp:featuredmedia":[{"embeddable":true,"href":"https:\/\/whitehorseperfume.com\/no\/wp-json\/wp\/v2\/media\/185"}],"wp:attachment":[{"href":"https:\/\/whitehorseperfume.com\/no\/wp-json\/wp\/v2\/media?parent=184"}],"wp:term":[{"taxonomy":"product_brand","embeddable":true,"href":"https:\/\/whitehorseperfume.com\/no\/wp-json\/wp\/v2\/product_brand?post=184"},{"taxonomy":"product_cat","embeddable":true,"href":"https:\/\/whitehorseperfume.com\/no\/wp-json\/wp\/v2\/product_cat?post=184"},{"taxonomy":"product_tag","embeddable":true,"href":"https:\/\/whitehorseperfume.com\/no\/wp-json\/wp\/v2\/product_tag?post=184"}],"curies":[{"name":"wp","href":"https:\/\/api.w.org\/{rel}","templated":true}]}}