{"id":181,"date":"2018-06-03T20:45:40","date_gmt":"2018-06-03T20:45:40","guid":{"rendered":"https:\/\/whitehorseperfume.com\/product\/white-horse-eau-de-toilette-100ml-fl-pumpe\/"},"modified":"2023-09-13T09:49:58","modified_gmt":"2023-09-13T07:49:58","slug":"white-horse-eau-de-toilette-100ml-fl-pumpe","status":"publish","type":"product","link":"https:\/\/whitehorseperfume.com\/no\/produkt\/white-horse-eau-de-toilette-100ml-fl-pumpe\/","title":{"rendered":"White Horse Eau de Toilette 100ml Fl.pumpe"},"content":{"rendered":"","protected":false},"excerpt":{"rendered":"<h2>Parfyme for menn &#8211; Eau de toilette<\/h2>\n<p>White Horse Eau de Toilette er en herreduft som er en anelse sterkere enn den klassiske duft fra White Horse After Shave Lotion. Det er roseolje som danner basen i White Horse herreparfyme og det er nettopp roseoljen som er en del av de grunnleggende bestanddelene. Parfymen lagres p\u00e5 eike fat, noe som gir en karakteristisk herreduft som har holdt seg popul\u00e6r i flere ti\u00e5r. White Horse klassiske herreduft gj\u00f8r at du kjenner deg vel hele dagen. White Horse Eau de Toilette kan med fordel utelukkende brukes som etterbarberingsvann men ogs\u00e5 over hele kroppen om \u00f8nskelig. Du kommer til \u00e5 sette pris p\u00e5 b\u00e5de den klassiske duften og produktets h\u00f8ye kvalitet, som virkelig stikker seg ut i mengden. White Horse Eau de Toilette er parfymen for deg som leter etter en maskulin duft som er frisk og moderne.<\/p>\n","protected":false},"featured_media":1552,"comment_status":"open","ping_status":"closed","template":"","meta":[],"product_brand":[],"product_cat":[25],"product_tag":[],"class_list":{"0":"post-181","1":"product","2":"type-product","3":"status-publish","4":"has-post-thumbnail","6":"product_cat-white-horse-perfume-no","8":"first","9":"instock","10":"taxable","11":"shipping-taxable","12":"purchasable","13":"product-type-simple"},"_links":{"self":[{"href":"https:\/\/whitehorseperfume.com\/no\/wp-json\/wp\/v2\/product\/181","targetHints":{"allow":["GET"]}}],"collection":[{"href":"https:\/\/whitehorseperfume.com\/no\/wp-json\/wp\/v2\/product"}],"about":[{"href":"https:\/\/whitehorseperfume.com\/no\/wp-json\/wp\/v2\/types\/product"}],"replies":[{"embeddable":true,"href":"https:\/\/whitehorseperfume.com\/no\/wp-json\/wp\/v2\/comments?post=181"}],"wp:featuredmedia":[{"embeddable":true,"href":"https:\/\/whitehorseperfume.com\/no\/wp-json\/wp\/v2\/media\/1552"}],"wp:attachment":[{"href":"https:\/\/whitehorseperfume.com\/no\/wp-json\/wp\/v2\/media?parent=181"}],"wp:term":[{"taxonomy":"product_brand","embeddable":true,"href":"https:\/\/whitehorseperfume.com\/no\/wp-json\/wp\/v2\/product_brand?post=181"},{"taxonomy":"product_cat","embeddable":true,"href":"https:\/\/whitehorseperfume.com\/no\/wp-json\/wp\/v2\/product_cat?post=181"},{"taxonomy":"product_tag","embeddable":true,"href":"https:\/\/whitehorseperfume.com\/no\/wp-json\/wp\/v2\/product_tag?post=181"}],"curies":[{"name":"wp","href":"https:\/\/api.w.org\/{rel}","templated":true}]}}