{"id":179,"date":"2018-06-03T20:48:29","date_gmt":"2018-06-03T20:48:29","guid":{"rendered":"https:\/\/whitehorseperfume.com\/product\/white-horse-after-shave-lotion-100ml-fl\/"},"modified":"2025-04-29T12:10:54","modified_gmt":"2025-04-29T10:10:54","slug":"white-horse-after-shave-lotion-100ml-fl","status":"publish","type":"product","link":"https:\/\/whitehorseperfume.com\/no\/produkt\/white-horse-after-shave-lotion-100ml-fl\/","title":{"rendered":"White Horse After Shave Lotion 100ml Fl"},"content":{"rendered":"","protected":false},"excerpt":{"rendered":"<h2>Etterbarberingsvann for menn<\/h2>\n<p>White Horse After Shave Lotion har en klassisk og velkjent maskulin herreduft. Bruk White Horse After Shave Lotion etter barberingen og kjenn en herlig friskhet og en behagelig ru-het. White Horse After<br \/>\nShave er et deilig etterbarberingsvann med snerpende, sammentrekkende effekt, som inneb\u00e6rer at den alkaliske virkning p\u00e5 huden som for\u00e5rsakes av s\u00e5pen, n\u00f8ytraliseres slik at huden gjenvinner sin riktige<br \/>\nPH-verdi og igjen f\u00f8les frisk og komfortabel. Bruk White Horse etterbarberingsvann for \u00e5 avslutte barberingen med en velduftende og oppfriskende f\u00f8lelse, som varer hele dagen. Ingen barbering er komplett uten et avsluttende etterbarberingsvann for \u00e5 sette prikken over i&#8217;en og virkelig f\u00e5 den nybarberte f\u00f8lelsen til \u00e5 forbli lenge. Duften p\u00e5 denne after shave-lotion baserer seg p\u00e5 den popul\u00e6re originalresepten fra 50-tallet, med bl.a. ekte roseolje som base. Duften er en riktig klassiker blant produkter for menn, og har i lang blitt verdsatt og elsket for b\u00e5de sin friske virkning og sin h\u00f8ye kvalitet. Du kommer straks til \u00e5 merke duftens kvalitet fordi dette er et etterbarberingsvann hvis herreduft varer betydelig lengre enn mange andre lignende, konkurrerende<br \/>\nprodukter.<\/p>\n","protected":false},"featured_media":1546,"comment_status":"open","ping_status":"closed","template":"","meta":[],"product_brand":[],"product_cat":[25],"product_tag":[],"class_list":{"0":"post-179","1":"product","2":"type-product","3":"status-publish","4":"has-post-thumbnail","6":"product_cat-white-horse-perfume-no","8":"first","9":"instock","10":"taxable","11":"shipping-taxable","12":"purchasable","13":"product-type-simple"},"_links":{"self":[{"href":"https:\/\/whitehorseperfume.com\/no\/wp-json\/wp\/v2\/product\/179","targetHints":{"allow":["GET"]}}],"collection":[{"href":"https:\/\/whitehorseperfume.com\/no\/wp-json\/wp\/v2\/product"}],"about":[{"href":"https:\/\/whitehorseperfume.com\/no\/wp-json\/wp\/v2\/types\/product"}],"replies":[{"embeddable":true,"href":"https:\/\/whitehorseperfume.com\/no\/wp-json\/wp\/v2\/comments?post=179"}],"wp:featuredmedia":[{"embeddable":true,"href":"https:\/\/whitehorseperfume.com\/no\/wp-json\/wp\/v2\/media\/1546"}],"wp:attachment":[{"href":"https:\/\/whitehorseperfume.com\/no\/wp-json\/wp\/v2\/media?parent=179"}],"wp:term":[{"taxonomy":"product_brand","embeddable":true,"href":"https:\/\/whitehorseperfume.com\/no\/wp-json\/wp\/v2\/product_brand?post=179"},{"taxonomy":"product_cat","embeddable":true,"href":"https:\/\/whitehorseperfume.com\/no\/wp-json\/wp\/v2\/product_cat?post=179"},{"taxonomy":"product_tag","embeddable":true,"href":"https:\/\/whitehorseperfume.com\/no\/wp-json\/wp\/v2\/product_tag?post=179"}],"curies":[{"name":"wp","href":"https:\/\/api.w.org\/{rel}","templated":true}]}}