{"id":334,"date":"2018-06-15T13:09:57","date_gmt":"2018-06-15T13:09:57","guid":{"rendered":"https:\/\/whitehorseperfume.com\/?page_id=334"},"modified":"2023-09-13T10:26:07","modified_gmt":"2023-09-13T08:26:07","slug":"aterforsaljare","status":"publish","type":"page","link":"https:\/\/whitehorseperfume.com\/no\/aterforsaljare\/","title":{"rendered":"\u00c5terforsaljare"},"content":{"rendered":"\n\n\t<section class=\"section\" id=\"section_528263186\">\n\t\t<div class=\"section-bg fill\" >\n\t\t\t\t\t\t\t\t\t<button class=\"scroll-for-more z-5 icon absolute bottom h-center\" aria-label=\"Scroll for more\"><i class=\"icon-angle-down\" style=\"font-size:42px;\" ><\/i><\/button>\n\t\t\t\n\n\t\t<\/div>\n\n\t\t\n\n\t\t<div class=\"section-content relative\">\n\t\t\t\n\n\n  <div class=\"banner has-hover\" id=\"banner-1304070050\">\n          <div class=\"banner-inner fill\">\n        <div class=\"banner-bg fill\" >\n                                                \n                    <\/div>\n\t\t\n        <div class=\"banner-layers container\">\n            <div class=\"fill banner-link\"><\/div>            \n\n   <div id=\"text-box-1210861117\" class=\"text-box banner-layer x50 md-x50 lg-x50 y50 md-y50 lg-y50 res-text\">\n                                <div class=\"text-box-content text dark\">\n              \n              <div class=\"text-inner text-center\">\n                  \n\n<h1 class=\"h3 uppercase\"><strong>\u00d6nskar du att bli \u00e5terf\u00f6rs\u00e4ljare av white horse produkterna?<\/strong><\/h1>\n<p><em>V\u00e4nligen kontakta oss p\u00e5 <a href=\"mailto:info@whitehorse.se\" style=\"color: #10d9e4;\">info@whitehorse.se<\/a><\/em><\/p>\n<p><em>Ange f\u00f6retagets namn, org.nr, leverans &amp; fakturaadress, telnr och e-mailadress<\/em><\/p>\n\n              <\/div>\n           <\/div>\n                            \n<style>\n#text-box-1210861117 {\n  width: 60%;\n}\n#text-box-1210861117 .text-box-content {\n  font-size: 100%;\n}\n<\/style>\n    <\/div>\n \n\n        <\/div>\n      <\/div>\n\n            \n<style>\n#banner-1304070050 {\n  padding-top: 400px;\n  background-color: rgb(165, 18, 37);\n}\n@media (min-width:550px) {\n  #banner-1304070050 {\n    padding-top: 600px;\n  }\n}\n<\/style>\n  <\/div>\n\n\n\n\t\t<\/div>\n\n\t\t\n<style>\n#section_528263186 {\n  padding-top: 0px;\n  padding-bottom: 0px;\n}\n<\/style>\n\t<\/section>\n\t\n<div class=\"container section-title-container\" style=\"margin-top:21px;\"><h2 class=\"section-title section-title-center\"><b><\/b><span class=\"section-title-main\" >Hitta en \u00e5terf\u00f6rs\u00e4ljare<\/span><b><\/b><\/h2><\/div>\n\n\n\t<section class=\"section\" id=\"section_1818734335\">\n\t\t<div class=\"section-bg fill\" >\n\t\t\t\t\t\t\t\t\t\n\t\t\t\n\n\t\t<\/div>\n\n\t\t\n\n\t\t<div class=\"section-content relative\">\n\t\t\t\n\n<div class=\"row\"  id=\"row-901417977\">\n\n\n\t<div id=\"col-180777185\" class=\"col medium-3 small-6 large-3\"  >\n\t\t\t\t<div class=\"col-inner\"  >\n\t\t\t\n\t\t\t\n\n<p><strong>Havrest Cosmetic<\/strong><br \/>\nc\/o Parelle<br \/>\nFarstaplan 25<br \/>\n123 47 Farsta<\/p>\n\n\t\t<\/div>\n\t\t\t\t\t<\/div>\n\n\t\n\n\t<div id=\"col-1790556869\" class=\"col medium-3 small-6 large-3\"  >\n\t\t\t\t<div class=\"col-inner\"  >\n\t\t\t\n\t\t\t\n\n<p><strong>Grooming AB<\/strong><br \/>\n166 67 Bromma<\/p>\n\n\t\t<\/div>\n\t\t\t\t\t<\/div>\n\n\t\n\n\t<div id=\"col-579498150\" class=\"col medium-3 small-6 large-3\"  >\n\t\t\t\t<div class=\"col-inner\"  >\n\t\t\t\n\t\t\t\n\n<p><strong>ICA Maxi Toftan\u00e4s<\/strong><br \/>\n212 41 Malm\u00f6<\/p>\n\n\t\t<\/div>\n\t\t\t\t\t<\/div>\n\n\t\n\n\t<div id=\"col-1689764380\" class=\"col medium-3 small-6 large-3\"  >\n\t\t\t\t<div class=\"col-inner\"  >\n\t\t\t\n\t\t\t\n\n<p><strong>Brommaplans H\u00e5ratelj\u00e9<\/strong><br \/>\nDrottningsholmsv\u00e4gen 409<br \/>\n168 73 Bromma<\/p>\n\n\t\t<\/div>\n\t\t\t\t\t<\/div>\n\n\t\n\n<\/div>\n<div class=\"row\"  id=\"row-2093886777\">\n\n\n\t<div id=\"col-1811135571\" class=\"col medium-3 small-6 large-3\"  >\n\t\t\t\t<div class=\"col-inner\"  >\n\t\t\t\n\t\t\t\n\n<p><strong>ICA Maxi Trelleborg<\/strong><br \/>\n231 61 Trelleborg<\/p>\n\n\t\t<\/div>\n\t\t\t\t\t<\/div>\n\n\t\n\n\t<div id=\"col-1398019322\" class=\"col medium-3 small-6 large-3\"  >\n\t\t\t\t<div class=\"col-inner\"  >\n\t\t\t\n\t\t\t\n\n<p><strong>ICA Maxi Kristianstad<\/strong><br \/>\n291 53 Kristianstad<\/p>\n\n\t\t<\/div>\n\t\t\t\t\t<\/div>\n\n\t\n\n\t<div id=\"col-1378506303\" class=\"col medium-3 small-6 large-3\"  >\n\t\t\t\t<div class=\"col-inner\"  >\n\t\t\t\n\t\t\t\n\n<p><strong>ICA Maxi V\u00e4xj\u00f6<\/strong><br \/>\n352 46 V\u00e4xsj\u00f6<\/p>\n\n\t\t<\/div>\n\t\t\t\t\t<\/div>\n\n\t\n\n\t<div id=\"col-1642553420\" class=\"col medium-3 small-6 large-3\"  >\n\t\t\t\t<div class=\"col-inner\"  >\n\t\t\t\n\t\t\t\n\n<p><strong>Headspot Signalfabriken<\/strong><br \/>\nEsplanaden 10<br \/>\n172 67 Sundbyberg<\/p>\n\n\t\t<\/div>\n\t\t\t\t\t<\/div>\n\n\t\n\n<\/div>\n<div class=\"row\"  id=\"row-498397177\">\n\n\n\t<div id=\"col-651823163\" class=\"col medium-3 small-6 large-3\"  >\n\t\t\t\t<div class=\"col-inner\"  >\n\t\t\t\n\t\t\t\n\n<p><strong>Asterling Cosmetics AB<\/strong><br \/>\nc\/o Parelle<br \/>\n582 19 Link\u00f6ping<\/p>\n\n\t\t<\/div>\n\t\t\t\t\t<\/div>\n\n\t\n\n\t<div id=\"col-1250034045\" class=\"col medium-3 small-6 large-3\"  >\n\t\t\t\t<div class=\"col-inner\"  >\n\t\t\t\n\t\t\t\n\n<p><strong>COOP Konsum Extra<\/strong><br \/>\n577 30 Hultsfred<\/p>\n\n\t\t<\/div>\n\t\t\t\t\t<\/div>\n\n\t\n\n\t<div id=\"col-264467367\" class=\"col medium-3 small-6 large-3\"  >\n\t\t\t\t<div class=\"col-inner\"  >\n\t\t\t\n\t\t\t\n\n<p><strong>Salong Arnalids<\/strong><br \/>\nBirkagatan 27<br \/>\n113 39 Stockholm<\/p>\n\n\t\t<\/div>\n\t\t\t\t\t<\/div>\n\n\t\n\n\t<div id=\"col-1519685158\" class=\"col medium-3 small-6 large-3\"  >\n\t\t\t\t<div class=\"col-inner\"  >\n\t\t\t\n\t\t\t\n\n<p><strong>Headspot Hair&amp;Face<\/strong><br \/>\nEsplanaden 10<br \/>\n172 67 Sundbyberg<\/p>\n\n\t\t<\/div>\n\t\t\t\t\t<\/div>\n\n\t\n\n<\/div>\n<div class=\"row\"  id=\"row-2125508854\">\n\n\n\t<div id=\"col-1894304063\" class=\"col medium-3 small-6 large-3\"  >\n\t\t\t\t<div class=\"col-inner\"  >\n\t\t\t\n\t\t\t\n\n<p><strong>Domus Kosmetik<\/strong><br \/>\nOskarshamn<br \/>\n572 30 Oskarshamn<\/p>\n\n\t\t<\/div>\n\t\t\t\t\t<\/div>\n\n\t\n\n\t<div id=\"col-999780636\" class=\"col medium-3 small-6 large-3\"  >\n\t\t\t\t<div class=\"col-inner\"  >\n\t\t\t\n\t\t\t\n\n<p><strong>Colorama Klintehamn<\/strong><br \/>\n673 77 Klintehamn<\/p>\n\n\t\t<\/div>\n\t\t\t\t\t<\/div>\n\n\t\n\n\t<div id=\"col-974193005\" class=\"col medium-3 small-6 large-3\"  >\n\t\t\t\t<div class=\"col-inner\"  >\n\t\t\t\n\t\t\t\n\n<p><strong>Citygallerian<\/strong><br \/>\nKosmetik &amp; H\u00e4lsokost<br \/>\n374 36 Karlshamn<\/p>\n\n\t\t<\/div>\n\t\t\t\t\t<\/div>\n\n\t\n\n\t<div id=\"col-1064549178\" class=\"col medium-3 small-6 large-3\"  >\n\t\t\t\t<div class=\"col-inner\"  >\n\t\t\t\n\t\t\t\n\n<p><strong>Nisses Varuhus AB<\/strong><br \/>\n281 22 H\u00e4ssleholm<\/p>\n\n\t\t<\/div>\n\t\t\t\t\t<\/div>\n\n\t\n\n<\/div>\n<div class=\"row\"  id=\"row-30594267\">\n\n\n\t<div id=\"col-1150803857\" class=\"col medium-3 small-6 large-3\"  >\n\t\t\t\t<div class=\"col-inner\"  >\n\t\t\t\n\t\t\t\n\n<p><strong>Alexandra Beauty Corner<\/strong><br \/>\n235 33 Vellinge<\/p>\n\n\t\t<\/div>\n\t\t\t\t\t<\/div>\n\n\t\n\n\t<div id=\"col-1966745381\" class=\"col medium-3 small-6 large-3\"  >\n\t\t\t\t<div class=\"col-inner\"  >\n\t\t\t\n\t\t\t\n\n<p><strong>Parfymeri Regina<\/strong><br \/>\n232 37 Arl\u00f6v<\/p>\n\n\t\t<\/div>\n\t\t\t\t\t<\/div>\n\n\t\n\n\t<div id=\"col-556246627\" class=\"col medium-3 small-6 large-3\"  >\n\t\t\t\t<div class=\"col-inner\"  >\n\t\t\t\n\t\t\t\n\n<p><strong>Parelle 720<\/strong><br \/>\n271 34 Ystad<\/p>\n\n\t\t<\/div>\n\t\t\t\t\t<\/div>\n\n\t\n\n\t<div id=\"col-1006051512\" class=\"col medium-3 small-6 large-3\"  >\n\t\t\t\t<div class=\"col-inner\"  >\n\t\t\t\n\t\t\t\n\n<p><strong>Parfymeri Viola<\/strong><br \/>\nGallerian<br \/>\n432 41 Varberg<\/p>\n\n\t\t<\/div>\n\t\t\t\t\t<\/div>\n\n\t\n\n<\/div>\n<div class=\"row\"  id=\"row-728117483\">\n\n\n\t<div id=\"col-1839907086\" class=\"col medium-3 small-6 large-3\"  >\n\t\t\t\t<div class=\"col-inner\"  >\n\t\t\t\n\t\t\t\n\n<p><strong>Grand Parfymeri AB<\/strong><br \/>\n434 32 Kungsbacka<\/p>\n\n\t\t<\/div>\n\t\t\t\t\t<\/div>\n\n\t\n\n\t<div id=\"col-367275405\" class=\"col medium-3 small-6 large-3\"  >\n\t\t\t\t<div class=\"col-inner\"  >\n\t\t\t\n\t\t\t\n\n<p><strong>Parfymeri Theresia AB<\/strong><br \/>\nBackav\u00e4gen 2<br \/>\n417 05 G\u00f6teborg<\/p>\n\n\t\t<\/div>\n\t\t\t\t\t<\/div>\n\n\t\n\n\t<div id=\"col-717447742\" class=\"col medium-3 small-6 large-3\"  >\n\t\t\t\t<div class=\"col-inner\"  >\n\t\t\t\n\t\t\t\n\n<p><strong>Adas Sk\u00f6nhetsbod<\/strong><br \/>\nHusargatan 2<br \/>\n411 22 G\u00f6teborg<\/p>\n\n\t\t<\/div>\n\t\t\t\t\t<\/div>\n\n\t\n\n\t<div id=\"col-1839747826\" class=\"col medium-3 small-6 large-3\"  >\n\t\t\t\t<div class=\"col-inner\"  >\n\t\t\t\n\t\t\t\n\n<p><strong>Rinse AB<\/strong><br \/>\nDialoggatan 2<br \/>\n141 75 Kungens Kurva<\/p>\n\n\t\t<\/div>\n\t\t\t\t\t<\/div>\n\n\t\n\n<\/div>\n<div class=\"row\"  id=\"row-2016217891\">\n\n\n\t<div id=\"col-440009995\" class=\"col medium-3 small-6 large-3\"  >\n\t\t\t\t<div class=\"col-inner\"  >\n\t\t\t\n\t\t\t\n\n<p><strong>Harriets Parfym<\/strong><br \/>\n453 33 Lysekil<\/p>\n\n\t\t<\/div>\n\t\t\t\t\t<\/div>\n\n\t\n\n\t<div id=\"col-589854097\" class=\"col medium-3 small-6 large-3\"  >\n\t\t\t\t<div class=\"col-inner\"  >\n\t\t\t\n\t\t\t\n\n<p><strong>Hygieas Parfym &amp; Sjukv\u00e5rd<\/strong><br \/>\n452 30 Str\u00f6mstad<\/p>\n\n\t\t<\/div>\n\t\t\t\t\t<\/div>\n\n\t\n\n\t<div id=\"col-2095252988\" class=\"col medium-3 small-6 large-3\"  >\n\t\t\t\t<div class=\"col-inner\"  >\n\t\t\t\n\t\t\t\n\n<p><strong>Janssons F\u00e4rghandel<\/strong><br \/>\n465 30 Nossebro<\/p>\n\n\t\t<\/div>\n\t\t\t\t\t<\/div>\n\n\t\n\n\t<div id=\"col-29085394\" class=\"col medium-3 small-6 large-3\"  >\n\t\t\t\t<div class=\"col-inner\"  >\n\t\t\t\n\t\t\t\n\n<p><strong>Lidk\u00f6pings Tekn. CS AB<\/strong><br \/>\nNya Stadens Torg<br \/>\n431 31 Lidk\u00f6ping<\/p>\n\n\t\t<\/div>\n\t\t\t\t\t<\/div>\n\n\t\n\n<\/div>\n<div class=\"row\"  id=\"row-478496756\">\n\n\n\t<div id=\"col-390088833\" class=\"col medium-3 small-6 large-3\"  >\n\t\t\t\t<div class=\"col-inner\"  >\n\t\t\t\n\t\t\t\n\n<p><strong>Aberdeen<\/strong><br \/>\n523 38 Skara<\/p>\n\n\t\t<\/div>\n\t\t\t\t\t<\/div>\n\n\t\n\n\t<div id=\"col-1139414941\" class=\"col medium-3 small-6 large-3\"  >\n\t\t\t\t<div class=\"col-inner\"  >\n\t\t\t\n\t\t\t\n\n<p><strong>Magnolia<\/strong><br \/>\n682 30 Filipstad<\/p>\n\n\t\t<\/div>\n\t\t\t\t\t<\/div>\n\n\t\n\n\t<div id=\"col-1058817058\" class=\"col medium-3 small-6 large-3\"  >\n\t\t\t\t<div class=\"col-inner\"  >\n\t\t\t\n\t\t\t\n\n<p><strong>Chintz Forshaga AB<\/strong><br \/>\n667 30 Forshaga<\/p>\n\n\t\t<\/div>\n\t\t\t\t\t<\/div>\n\n\t\n\n\t<div id=\"col-745948193\" class=\"col medium-3 small-6 large-3\"  >\n\t\t\t\t<div class=\"col-inner\"  >\n\t\t\t\n\t\t\t\n\n<p><strong>Martin Makeup &amp; Fris\u00f6r<\/strong><br \/>\n652 25 Karlstad<\/p>\n\n\t\t<\/div>\n\t\t\t\t\t<\/div>\n\n\t\n\n<\/div>\n<div class=\"row\"  id=\"row-1331995350\">\n\n\n\t<div id=\"col-933116899\" class=\"col medium-3 small-6 large-3\"  >\n\t\t\t\t<div class=\"col-inner\"  >\n\t\t\t\n\t\t\t\n\n<p><strong>Pia Parfymeri<\/strong><br \/>\n702 22 \u00d6rebro<\/p>\n\n\t\t<\/div>\n\t\t\t\t\t<\/div>\n\n\t\n\n\t<div id=\"col-965185517\" class=\"col medium-3 small-6 large-3\"  >\n\t\t\t\t<div class=\"col-inner\"  >\n\t\t\t\n\t\t\t\n\n<p><strong>Ragnar Svensson i V\u00e4ster\u00e5s AB<\/strong><br \/>\nGaffelgatan 6<br \/>\n724 76 V\u00e4ster\u00e5s<\/p>\n\n\t\t<\/div>\n\t\t\t\t\t<\/div>\n\n\t\n\n\t<div id=\"col-383202200\" class=\"col medium-3 small-6 large-3\"  >\n\t\t\t\t<div class=\"col-inner\"  >\n\t\t\t\n\t\t\t\n\n<p><strong>Astas Parfym<\/strong><br \/>\nL\u00e5nggatan<br \/>\n821 43 Bolln\u00e4s<\/p>\n\n\t\t<\/div>\n\t\t\t\t\t<\/div>\n\n\t\n\n\t<div id=\"col-1882946366\" class=\"col medium-3 small-6 large-3\"  >\n\t\t\t\t<div class=\"col-inner\"  >\n\t\t\t\n\t\t\t\n\n<p><strong>Sense Parfym &amp; Sjukv\u00e5rd<\/strong><br \/>\n831 34 \u00d6stersund<\/p>\n\n\t\t<\/div>\n\t\t\t\t\t<\/div>\n\n\t\n\n<\/div>\n<div class=\"row\"  id=\"row-108743171\">\n\n\n\t<div id=\"col-1045097263\" class=\"col medium-3 small-6 large-3\"  >\n\t\t\t\t<div class=\"col-inner\"  >\n\t\t\t\n\t\t\t\n\n<p><strong>Parelle Cosmetics<\/strong><br \/>\nCentralv\u00e4gen 1<br \/>\n973 45 Lule\u00e5<\/p>\n\n\t\t<\/div>\n\t\t\t\t\t<\/div>\n\n\t\n\n\t<div id=\"col-2027611043\" class=\"col medium-3 small-6 large-3\"  >\n\t\t\t\t<div class=\"col-inner\"  >\n\t\t\t\n\t\t\t\n\n<p><strong>Centrum F\u00e4rg AB<\/strong><br \/>\nStorgatan<br \/>\n956 31 \u00d6verkalix<\/p>\n\n\t\t<\/div>\n\t\t\t\t\t<\/div>\n\n\t\n\n\t<div id=\"col-2043369333\" class=\"col medium-3 small-6 large-3\"  >\n\t\t\t\t<div class=\"col-inner\"  >\n\t\t\t\n\t\t\t\n\n<p><strong>Lyko Hair AB<\/strong><br \/>\n780 50 Vansbro<\/p>\n\n\t\t<\/div>\n\t\t\t\t\t<\/div>\n\n\t\n\n\t<div id=\"col-894762884\" class=\"col medium-3 small-6 large-3\"  >\n\t\t\t\t<div class=\"col-inner\"  >\n\t\t\t\n\t\t\t\n\n<p><strong>S\u00f6ders Parfym i G\u00e4vle<\/strong><br \/>\nS\u00f6dra Kungsgatan 16<br \/>\n802 52 G\u00e4vle<\/p>\n\n\t\t<\/div>\n\t\t\t\t\t<\/div>\n\n\t\n\n<\/div>\n<div class=\"row\"  id=\"row-1499793464\">\n\n\n\t<div id=\"col-890045469\" class=\"col medium-3 small-6 large-3\"  >\n\t\t\t\t<div class=\"col-inner\"  >\n\t\t\t\n\t\t\t\n\n<p><strong>Coop Nord<\/strong><br \/>\n901 77 Ume\u00e5<\/p>\n\n\t\t<\/div>\n\t\t\t\t\t<\/div>\n\n\t\n\n\t<div id=\"col-2144679780\" class=\"col medium-3 small-6 large-3\"  >\n\t\t\t\t<div class=\"col-inner\"  >\n\t\t\t\n\t\t\t\n\n<p><strong>Hair Science Kista AB<\/strong><br \/>\nKista Galleria<br \/>\n164 40 Kista<\/p>\n\n\t\t<\/div>\n\t\t\t\t\t<\/div>\n\n\t\n\n\t<div id=\"col-581716925\" class=\"col medium-3 small-6 large-3\"  >\n\t\t\t\t<div class=\"col-inner\"  >\n\t\t\t\n\t\t\t\n\n<p><strong>Heads Up AB<\/strong><br \/>\nSt G\u00f6rans v\u00e4g 29<br \/>\n554 54 J\u00f6nk\u00f6ping<\/p>\n\n\t\t<\/div>\n\t\t\t\t\t<\/div>\n\n\t\n\n\t<div id=\"col-395178657\" class=\"col medium-3 small-6 large-3\"  >\n\t\t\t\t<div class=\"col-inner\"  >\n\t\t\t\n\t\t\t\n\n<p><strong>Parfymeri Viola AB<\/strong><br \/>\nV\u00e4stra vallgatan 2 (Gallerian)<br \/>\n432 41 Varberg<\/p>\n\n\t\t<\/div>\n\t\t\t\t\t<\/div>\n\n\t\n\n<\/div>\n<div class=\"row\"  id=\"row-930733044\">\n\n\n\t<div id=\"col-1779261266\" class=\"col medium-3 small-6 large-3\"  >\n\t\t\t\t<div class=\"col-inner\"  >\n\t\t\t\n\t\t\t\n\n<p><strong>Salong H\u00e5rfin Nik Tran<\/strong><br \/>\nHyllie All\u00e9 11<br \/>\n215 34 Malm\u00f6<\/p>\n\n\t\t<\/div>\n\t\t\t\t\t<\/div>\n\n\t\n\n\t<div id=\"col-1192637747\" class=\"col medium-3 small-6 large-3\"  >\n\t\t\t\t<div class=\"col-inner\"  >\n\t\t\t\n\t\t\t\n\n<p><strong>Sivletto AB<\/strong><br \/>\nMalmg\u00e5rdsv\u00e4gen 16-18<br \/>\n116 38 Stockholm<\/p>\n\n\t\t<\/div>\n\t\t\t\t\t<\/div>\n\n\t\n\n\t<div id=\"col-1953412484\" class=\"col medium-3 small-6 large-3\"  >\n\t\t\t\t<div class=\"col-inner\"  >\n\t\t\t\n\t\t\t\n\n<p><strong>Assi Fris\u00f6rsalong i Malm\u00f6<\/strong><br \/>\nMarknadstorget 23<br \/>\n233 33 Malm\u00f6<\/p>\n\n\t\t<\/div>\n\t\t\t\t\t<\/div>\n\n\t\n\n\t<div id=\"col-1137771854\" class=\"col medium-3 small-6 large-3\"  >\n\t\t\t\t<div class=\"col-inner\"  >\n\t\t\t\n\t\t\t\n\n<p><strong>Clip. Art<\/strong><br \/>\nSnapperupsgatan 2<br \/>\n211 35 Malm\u00f6<\/p>\n\n\t\t<\/div>\n\t\t\t\t\t<\/div>\n\n\t\n\n<\/div>\n<div class=\"row\"  id=\"row-858172338\">\n\n\n\t<div id=\"col-157704485\" class=\"col medium-3 small-6 large-3\"  >\n\t\t\t\t<div class=\"col-inner\"  >\n\t\t\t\n\t\t\t\n\n<p><strong>Sv\u00e4rtinge Salong<\/strong><br \/>\nGamla Landsv\u00e4gen 66 A<br \/>\n605 70 Sv\u00e4rtinge<\/p>\n\n\t\t<\/div>\n\t\t\t\t\t<\/div>\n\n\t\n\n\t<div id=\"col-1252649925\" class=\"col medium-3 small-6 large-3\"  >\n\t\t\t\t<div class=\"col-inner\"  >\n\t\t\t\n\t\t\t\n\n<p><strong>Matloub Fris\u00f6rsalong<\/strong><br \/>\nS\u00e5garegr\u00e4nd 7<br \/>\n603 58 Norrk\u00f6ping<\/p>\n\n\t\t<\/div>\n\t\t\t\t\t<\/div>\n\n\t\n\n\n\n<\/div>\n\n\t\t<\/div>\n\n\t\t\n<style>\n#section_1818734335 {\n  padding-top: 30px;\n  padding-bottom: 30px;\n}\n<\/style>\n\t<\/section>\n\t\n","protected":false},"excerpt":{"rendered":"","protected":false},"author":1,"featured_media":0,"parent":0,"menu_order":40,"comment_status":"closed","ping_status":"closed","template":"page-blank.php","meta":{"footnotes":""},"class_list":["post-334","page","type-page","status-publish","hentry"],"_links":{"self":[{"href":"https:\/\/whitehorseperfume.com\/no\/wp-json\/wp\/v2\/pages\/334","targetHints":{"allow":["GET"]}}],"collection":[{"href":"https:\/\/whitehorseperfume.com\/no\/wp-json\/wp\/v2\/pages"}],"about":[{"href":"https:\/\/whitehorseperfume.com\/no\/wp-json\/wp\/v2\/types\/page"}],"author":[{"embeddable":true,"href":"https:\/\/whitehorseperfume.com\/no\/wp-json\/wp\/v2\/users\/1"}],"replies":[{"embeddable":true,"href":"https:\/\/whitehorseperfume.com\/no\/wp-json\/wp\/v2\/comments?post=334"}],"version-history":[{"count":4,"href":"https:\/\/whitehorseperfume.com\/no\/wp-json\/wp\/v2\/pages\/334\/revisions"}],"predecessor-version":[{"id":2696,"href":"https:\/\/whitehorseperfume.com\/no\/wp-json\/wp\/v2\/pages\/334\/revisions\/2696"}],"wp:attachment":[{"href":"https:\/\/whitehorseperfume.com\/no\/wp-json\/wp\/v2\/media?parent=334"}],"curies":[{"name":"wp","href":"https:\/\/api.w.org\/{rel}","templated":true}]}}