{"id":324,"date":"2018-06-04T12:20:24","date_gmt":"2018-06-04T12:20:24","guid":{"rendered":"https:\/\/whitehorseperfume.com\/kopvillkor\/"},"modified":"2025-02-21T15:41:29","modified_gmt":"2025-02-21T13:41:29","slug":"kopvillkor","status":"publish","type":"page","link":"https:\/\/whitehorseperfume.com\/no\/kopvillkor\/","title":{"rendered":"Kopvillkor"},"content":{"rendered":"\n\n\t<section class=\"section\" id=\"section_95878179\">\n\t\t<div class=\"section-bg fill\" >\n\t\t\t\t\t\t\t\t\t\n\t\t\t\n\n\t\t<\/div>\n\n\t\t\n\n\t\t<div class=\"section-content relative\">\n\t\t\t\n\n<div class=\"row row-collapse\"  id=\"row-2118218443\">\n\n\n\t<div id=\"col-1830449355\" class=\"col small-12 large-12\"  >\n\t\t\t\t<div class=\"col-inner\"  >\n\t\t\t\n\t\t\t\n\n<h1><strong>KJ\u00d6BS-VILK\u00c5R<\/strong><\/h1>\n<p><strong>Generelt<\/strong><\/p>\n<p>Denne web-butikk drives av&nbsp; White Horse Products, SE-184 38 Danderyd, Sverige, med organisasjonsnummer 556272-5704. Ved bestillinger i web-butikk inng\u00e5r kunden en avtale med firmaet og godkjenner kj\u00f8psvilk\u00e5rene i sin helhet slik de er utformet nedenfor. Returer for u\u00e5pnet emballasje gjelder innen 14 dager i henhold til e-handelsloven.<\/p>\n<p><strong>Ordrebekreftelse<\/strong><\/p>\n<p>Ved godkjente bestillinger mottar kunden en e-post melding som gjelder som ordrebekreftelse<\/p>\n<p><strong>Priser<\/strong><\/p>\n<p>Alle priser oppgis i Norske kroner og inkluderer svensk moms. <\/p>\n<p><strong>Betaling<\/strong><\/p>\n<p>Vi benytter tjenesten Klarna Checkout eller PayPal.<\/p>\n<p>Det inneb\u00e6rer at vi i samarbeide med Klarna tilbyr f\u00f8lgende betalings alternativ<\/p>\n<ul>\n<li>Fakturabetaling<\/li>\n<li>Delbetaling<\/li>\n<li>Betaling med kontokort<\/li>\n<li>Direktebetaling via bank<\/li>\n<\/ul>\n<p>Ved \u00e5 fylle ut informasjon i kassen godkjenner kunden Klarnas betalingsvilk\u00e5r. Les vilk\u00e5rene<\/p>\n<p><a href=\"https:\/\/cdn.klarna.com\/1.0\/shared\/content\/legal\/terms\/Klarna\/en_gb\/checkout\" target=\"_blank\" rel=\"noopener\">https:\/\/cdn.klarna.com\/1.0\/shared\/content\/legal\/terms\/Klarna\/en_gb\/checkout<\/a><\/p>\n<p><strong>Levering og frakt<\/strong><\/p>\n<p>Frakten I Norge er 59 Nok for alle produkter og 119 Nok for White Horse Gavesett.<\/p>\n<p>Ved bestillinger f\u00f8r kl.15.00 leveres varene vanligvis samme dag . For visse typer<\/p>\n<p>varer kan leveringstiden bli lengre. Vi reserverer oss for vanskeligheter i postgangen som ligger utenfor v\u00e5r kontroll.<\/p>\n<p>Kundservice: info@whitehorseperfume.com<\/p>\n\n\t\t<\/div>\n\t\t\t\t\n<style>\n#col-1830449355 > .col-inner {\n  padding: 0px 20px 0px 20px;\n}\n<\/style>\n\t<\/div>\n\n\t\n\n<\/div>\n\n\t\t<\/div>\n\n\t\t\n<style>\n#section_95878179 {\n  padding-top: 30px;\n  padding-bottom: 30px;\n  background-color: rgb(248, 248, 248);\n}\n<\/style>\n\t<\/section>\n\t\n","protected":false},"excerpt":{"rendered":"","protected":false},"author":1,"featured_media":0,"parent":0,"menu_order":50,"comment_status":"closed","ping_status":"closed","template":"page-blank.php","meta":{"footnotes":""},"class_list":["post-324","page","type-page","status-publish","hentry"],"_links":{"self":[{"href":"https:\/\/whitehorseperfume.com\/no\/wp-json\/wp\/v2\/pages\/324","targetHints":{"allow":["GET"]}}],"collection":[{"href":"https:\/\/whitehorseperfume.com\/no\/wp-json\/wp\/v2\/pages"}],"about":[{"href":"https:\/\/whitehorseperfume.com\/no\/wp-json\/wp\/v2\/types\/page"}],"author":[{"embeddable":true,"href":"https:\/\/whitehorseperfume.com\/no\/wp-json\/wp\/v2\/users\/1"}],"replies":[{"embeddable":true,"href":"https:\/\/whitehorseperfume.com\/no\/wp-json\/wp\/v2\/comments?post=324"}],"version-history":[{"count":5,"href":"https:\/\/whitehorseperfume.com\/no\/wp-json\/wp\/v2\/pages\/324\/revisions"}],"predecessor-version":[{"id":3067,"href":"https:\/\/whitehorseperfume.com\/no\/wp-json\/wp\/v2\/pages\/324\/revisions\/3067"}],"wp:attachment":[{"href":"https:\/\/whitehorseperfume.com\/no\/wp-json\/wp\/v2\/media?parent=324"}],"curies":[{"name":"wp","href":"https:\/\/api.w.org\/{rel}","templated":true}]}}