{"id":214,"date":"2018-06-14T10:57:14","date_gmt":"2018-06-14T10:57:14","guid":{"rendered":"https:\/\/whitehorseperfume.com\/historik\/"},"modified":"2023-09-13T08:32:55","modified_gmt":"2023-09-13T06:32:55","slug":"historik","status":"publish","type":"page","link":"https:\/\/whitehorseperfume.com\/no\/historik\/","title":{"rendered":"Historikk"},"content":{"rendered":"\n<h1>Genuin herreserie gj\u00f8r comeback<\/h1>\n<p>Den kjente herreserien med varemerket White Horse, ble opprinnelig skapt for over 60 \u00e5r siden av Sveriges eneste dav\u00e6rende parfymemaker Monsieur Jonas. N\u00e5 har vi tatt frem igjen resepten til denne klassiske mandige herreduft. En del parfymeoljer har, p.g.a. r\u00e5dende bestemmelser blitt erstattet av syntetiske oljer. Likevel inng\u00e5r fortsatt <a href=\"https:\/\/whitehorseperfume.com\/wp-content\/uploads\/2018\/06\/fotostart-large.png\"><img loading=\"lazy\" decoding=\"async\" class=\"alignright wp-image-210 size-full\" src=\"https:\/\/whitehorseperfume.com\/wp-content\/uploads\/2018\/06\/fotostart-large.png\" alt=\"Monsieur Jonas, Sveriges eneste parfymer p\u00e5 den tiden, skapte White Horse for over 60 \u00e5r siden\" width=\"518\" height=\"326\" srcset=\"https:\/\/whitehorseperfume.com\/wp-content\/uploads\/2018\/06\/fotostart-large.png 518w, https:\/\/whitehorseperfume.com\/wp-content\/uploads\/2018\/06\/fotostart-large-510x321.png 510w\" sizes=\"auto, (max-width: 518px) 100vw, 518px\" \/><\/a>ekte roseolje i White Horse. Dessuten &#8211; og, noe som er unikt &#8211; blir White Horse Eau de Toilette fremdeles lagret p\u00e5 eike fat White Horse er helsvensk og ble opprinnelig produsert i Parfymeri Segers lokaler p\u00e5 Karlav\u00e4gen i Stockholm.<\/p>\n<p>I begynnelsen av 60-tallet var White Horse den dominerende serien for menn p\u00e5 det svenske markedet og den eneste komplette med produkter som Hair Cream, After Shave Lotion, El Shave, Hair Creme, Sjampo, Deodorant, Barberkrem, S\u00e5pe, Barbers\u00e5pe, Brilliantine og Balsam. Totalt ble det solgt over 16 millioner forpakninger. White Horse Hair Control Creme har alltid v\u00e6rt handelsvare og n\u00e5 re-lanseres alts\u00e5 After Shave Lotion og Eau de Toilette (EdT).<\/p>\n<p>Etter et antall \u00e5r i utlandet har White Horse varemerket blitt tatt hjem av J. Nordstr\u00f8ms H. AB. N\u00e5 har den hvite hesten atter igjen f\u00e5tt komme tilbake til sin hjemmestall og er svensk og eies n\u00e5 av familien Jonas. &#8211; &laquo;Vi er overbevist om at White Horse produktene har en gunstig plattform for en helsvensk herreserie p\u00e5 et ekspansivt marked f\u00f8rst og fremst i Norden. Svenske menn bruker i stadig st\u00f8rre grad kosmetiske produkter, dessuten merker vi en voksende interesse fra utlandet for svenske kosmetikkprodukter&raquo;, sier Leif Jonas, s\u00f8nn til produktenes parfymemaker. White Horse er helsvensk og blir produsert p\u00e5 LTF (Link\u00f6pings Tekniske Fabrikk) i Link\u00f6ping som er sertifiserte ISO 9001 respektive ISO 13485 (Medisinske produkter), hvilket borger for god kvalitet og for \u00e5 ivareta milj\u00f8et.<\/p>\n\n","protected":false},"excerpt":{"rendered":"<p>Genuin herreserie gj\u00f8r comeback Den kjente herreserien med varemerket White Horse, ble opprinnelig skapt for over 60 \u00e5r siden av Sveriges eneste dav\u00e6rende parfymemaker Monsieur Jonas. N\u00e5 har vi tatt frem igjen resepten til denne klassiske mandige herreduft. En del parfymeoljer har, p.g.a. r\u00e5dende bestemmelser blitt erstattet av syntetiske oljer. Likevel inng\u00e5r fortsatt ekte roseolje [&#8230;]\n","protected":false},"author":1,"featured_media":0,"parent":0,"menu_order":20,"comment_status":"closed","ping_status":"closed","template":"","meta":{"footnotes":""},"class_list":["post-214","page","type-page","status-publish","hentry"],"_links":{"self":[{"href":"https:\/\/whitehorseperfume.com\/no\/wp-json\/wp\/v2\/pages\/214","targetHints":{"allow":["GET"]}}],"collection":[{"href":"https:\/\/whitehorseperfume.com\/no\/wp-json\/wp\/v2\/pages"}],"about":[{"href":"https:\/\/whitehorseperfume.com\/no\/wp-json\/wp\/v2\/types\/page"}],"author":[{"embeddable":true,"href":"https:\/\/whitehorseperfume.com\/no\/wp-json\/wp\/v2\/users\/1"}],"replies":[{"embeddable":true,"href":"https:\/\/whitehorseperfume.com\/no\/wp-json\/wp\/v2\/comments?post=214"}],"version-history":[{"count":4,"href":"https:\/\/whitehorseperfume.com\/no\/wp-json\/wp\/v2\/pages\/214\/revisions"}],"predecessor-version":[{"id":2708,"href":"https:\/\/whitehorseperfume.com\/no\/wp-json\/wp\/v2\/pages\/214\/revisions\/2708"}],"wp:attachment":[{"href":"https:\/\/whitehorseperfume.com\/no\/wp-json\/wp\/v2\/media?parent=214"}],"curies":[{"name":"wp","href":"https:\/\/api.w.org\/{rel}","templated":true}]}}