{"id":169,"date":"2018-06-08T13:44:29","date_gmt":"2018-06-08T13:44:29","guid":{"rendered":"https:\/\/whitehorseperfume.com\/?page_id=169"},"modified":"2025-01-22T17:37:49","modified_gmt":"2025-01-22T15:37:49","slug":"home","status":"publish","type":"page","link":"https:\/\/whitehorseperfume.com\/no\/","title":{"rendered":"Home"},"content":{"rendered":"\n\n\t<section class=\"section\" id=\"section_1272650901\">\n\t\t<div class=\"section-bg fill\" >\n\t\t\t\t\t\t\t\t\t\n\t\t\t\n\n\t\t<\/div>\n\n\t\t\n\n\t\t<div class=\"section-content relative\">\n\t\t\t\n\n\n  <div class=\"banner has-hover\" id=\"banner-2014313259\">\n          <div class=\"banner-inner fill\">\n        <div class=\"banner-bg fill\" >\n            <img loading=\"lazy\" decoding=\"async\" width=\"1920\" height=\"600\" src=\"https:\/\/whitehorseperfume.com\/wp-content\/uploads\/2018\/05\/White-horse-background.jpg\" class=\"bg attachment-original size-original\" alt=\"\" \/>                        <div class=\"overlay\"><\/div>            \n                    <\/div>\n\t\t\n        <div class=\"banner-layers container\">\n            <div class=\"fill banner-link\"><\/div>            \n\n   <div id=\"text-box-621881451\" class=\"text-box banner-layer x5 md-x5 lg-x5 y70 md-y70 lg-y70 res-text\">\n                                <div class=\"text-box-content text dark\">\n              \n              <div class=\"text-inner text-left\">\n                  \n\n<div class=\"SloganTitle\">\n<p class=\"h3\">Exclusive products<\/p>\n<p class=\"h3 Sloganright\">for gentlemen<br \/> made by sweden<\/strong><\/p>\n<\/div>\n<p class=\"h4\">Lagret p\u00e5 eik fat - for unik duft<\/p>\n\n              <\/div>\n           <\/div>\n                            \n<style>\n#text-box-621881451 {\n  width: 80%;\n}\n#text-box-621881451 .text-box-content {\n  font-size: 100%;\n}\n@media (min-width:550px) {\n  #text-box-621881451 {\n    width: 60%;\n  }\n}\n<\/style>\n    <\/div>\n \n\n        <\/div>\n      <\/div>\n\n            \n<style>\n#banner-2014313259 {\n  padding-top: 400px;\n}\n#banner-2014313259 .overlay {\n  background-color: rgba(0,0,0,.5);\n}\n#banner-2014313259 .banner-bg img {\n  object-position: 50% 35%;\n}\n@media (min-width:550px) {\n  #banner-2014313259 {\n    padding-top: 600px;\n  }\n}\n<\/style>\n  <\/div>\n\n\n<div class=\"row align-center\"  id=\"row-427005031\">\n\n\n\t<div id=\"col-1121459044\" class=\"col small-12 large-12\"  >\n\t\t\t\t<div class=\"col-inner\"  >\n\t\t\t\n\t\t\t\n\n<h1 class=\"h2 uppercase\" style=\"text-align: center;\">WHITE HORSE ER ET KLASSISK, SVENSK MERKE OG TILBYR H\u00c5RKREME, PARFUME OG AFTERSHAVE FOR HERRE<\/h1>\n<h2 class=\"h3 thin-font\" style=\"text-align: center;\"><strong>MADE BY SWEDEN<\/strong><\/h2>\n\n\t\t<\/div>\n\t\t\t\t\t<\/div>\n\n\t\n\n<\/div>\n\n\t\t<\/div>\n\n\t\t\n<style>\n#section_1272650901 {\n  padding-top: 0px;\n  padding-bottom: 0px;\n}\n<\/style>\n\t<\/section>\n\t\n\n\n\t<section class=\"section\" id=\"section_1507973120\">\n\t\t<div class=\"section-bg fill\" >\n\t\t\t\t\t\t\t\t\t\n\t\t\t\n\n\t\t<\/div>\n\n\t\t\n\n\t\t<div class=\"section-content relative\">\n\t\t\t\n\n<div class=\"row row-small\" style=\"max-width:1300px\" id=\"row-1471284740\">\n\n\n\t<div id=\"col-1960377577\" class=\"col medium-12 large-4\"  >\n\t\t\t\t<div class=\"col-inner\"  >\n\t\t\t\n\t\t\t\n\n\n  <div class=\"banner has-hover\" id=\"banner-1948466549\">\n          <div class=\"banner-inner fill\">\n        <div class=\"banner-bg fill\" >\n            <img loading=\"lazy\" decoding=\"async\" width=\"600\" height=\"480\" src=\"https:\/\/whitehorseperfume.com\/wp-content\/uploads\/2018\/05\/White-Horse-Webshop.jpg\" class=\"bg attachment-large size-large\" alt=\"\" \/>                                    \n                    <\/div>\n\t\t\n        <div class=\"banner-layers container\">\n            <a class=\"fill\" href=\"https:\/\/whitehorseperfume.com\/no\/webbutikk\/\" ><div class=\"fill banner-link\"><\/div><\/a>            \n\n   <div id=\"text-box-113662626\" class=\"text-box banner-layer x50 md-x50 lg-x50 y95 md-y95 lg-y95 res-text\">\n                                <div class=\"text-box-content text dark\">\n              \n              <div class=\"text-inner text-center\">\n                  \n\n<h3 class=\"uppercase\"><a href=\"https:\/\/whitehorseperfume.com\/no\/webbutikk\/\"><strong>WEBSHOP<\/strong><\/a><\/h3>\n\n              <\/div>\n           <\/div>\n                            \n<style>\n#text-box-113662626 .text-box-content {\n  background-color: rgb(165, 18, 37);\n  font-size: 100%;\n}\n#text-box-113662626 .text-inner {\n  padding: 20px 0px 20px 0px;\n}\n#text-box-113662626 {\n  width: 60%;\n}\n<\/style>\n    <\/div>\n \n\n        <\/div>\n      <\/div>\n\n            \n<style>\n#banner-1948466549 {\n  padding-top: 99.99%;\n}\n#banner-1948466549 .banner-bg img {\n  object-position: 58% 44%;\n}\n@media (min-width:850px) {\n  #banner-1948466549 {\n    padding-top: 375px;\n  }\n}\n<\/style>\n  <\/div>\n\n\n\n\t\t<\/div>\n\t\t\t\t\t<\/div>\n\n\t\n\n\t<div id=\"col-986055889\" class=\"col medium-6 large-4\"  >\n\t\t\t\t<div class=\"col-inner\"  >\n\t\t\t\n\t\t\t\n\n\n  <div class=\"banner has-hover\" id=\"banner-1764927937\">\n          <div class=\"banner-inner fill\">\n        <div class=\"banner-bg fill\" >\n            <img loading=\"lazy\" decoding=\"async\" width=\"800\" height=\"800\" src=\"https:\/\/whitehorseperfume.com\/wp-content\/uploads\/2018\/05\/White-Horse-Control-Cream-2pack-800x800.jpg\" class=\"bg attachment-large size-large\" alt=\"\" \/>                                    \n                    <\/div>\n\t\t\n        <div class=\"banner-layers container\">\n            <a class=\"fill\" href=\"https:\/\/whitehorseperfume.com\/no\/produkt\/white-horse-hair-control-cream-no\/\" ><div class=\"fill banner-link\"><\/div><\/a>            \n\n   <div id=\"text-box-1590014322\" class=\"text-box banner-layer x50 md-x50 lg-x50 y95 md-y95 lg-y95 res-text\">\n                                <div class=\"text-box-content text dark\">\n              \n              <div class=\"text-inner text-center\">\n                  \n\n<h3 class=\"uppercase\"><a href=\"https:\/\/whitehorseperfume.com\/no\/produkt\/white-horse-hair-control-cream-no\/\"><strong>299 Nok<\/strong><\/a><\/h3>\n\n\n              <\/div>\n           <\/div>\n                            \n<style>\n#text-box-1590014322 .text-box-content {\n  background-color: rgb(165, 18, 37);\n  font-size: 100%;\n}\n#text-box-1590014322 .text-inner {\n  padding: 20px 0px 20px 0px;\n}\n#text-box-1590014322 {\n  width: 60%;\n}\n<\/style>\n    <\/div>\n \n   <div id=\"text-box-1531164170\" class=\"text-box banner-layer text-box-circle x5 md-x5 lg-x5 y5 md-y5 lg-y5 res-text\">\n                                <div class=\"text-box-content text dark\">\n              \n              <div class=\"text-inner text-center\">\n                  \n\n<p class=\"uppercase\"><strong>tilbud!<\/strong><\/p>\n\n              <\/div>\n           <\/div>\n                            \n<style>\n#text-box-1531164170 .text-box-content {\n  background-color: rgba(165, 18, 37, 0.98);\n  font-size: 100%;\n}\n#text-box-1531164170 .text-inner {\n  padding: 0px 0px 0px 0px;\n}\n#text-box-1531164170 {\n  width: 23%;\n}\n<\/style>\n    <\/div>\n \n\n        <\/div>\n      <\/div>\n\n            \n<style>\n#banner-1764927937 {\n  padding-top: 99.99%;\n}\n#banner-1764927937 .banner-bg img {\n  object-position: 50% 50%;\n}\n@media (min-width:550px) {\n  #banner-1764927937 {\n    padding-top: 99.99%;\n  }\n}\n@media (min-width:850px) {\n  #banner-1764927937 {\n    padding-top: 375px;\n  }\n}\n<\/style>\n  <\/div>\n\n\n\n\t\t<\/div>\n\t\t\t\t\t<\/div>\n\n\t\n\n\t<div id=\"col-158134284\" class=\"col medium-6 large-4\"  >\n\t\t\t\t<div class=\"col-inner\"  >\n\t\t\t\n\t\t\t\n\n\n  <div class=\"banner has-hover\" id=\"banner-1273100168\">\n          <div class=\"banner-inner fill\">\n        <div class=\"banner-bg fill\" >\n            <img loading=\"lazy\" decoding=\"async\" width=\"1020\" height=\"682\" src=\"https:\/\/whitehorseperfume.com\/wp-content\/uploads\/2020\/10\/Presentation1201-1196x800.jpg\" class=\"bg attachment-large size-large\" alt=\"Vita h\u00e4sten\" \/>                                    \n                    <\/div>\n\t\t\n        <div class=\"banner-layers container\">\n            <a class=\"fill\" href=\"https:\/\/whitehorseperfume.com\/no\/kampanj\/\" ><div class=\"fill banner-link\"><\/div><\/a>            \n\n   <div id=\"text-box-2083128651\" class=\"text-box banner-layer x50 md-x50 lg-x50 y95 md-y95 lg-y95 res-text\">\n                                <div class=\"text-box-content text dark\">\n              \n              <div class=\"text-inner text-center\">\n                  \n\n<h3 class=\"uppercase\"><a href=\"https:\/\/whitehorseperfume.com\/no\/kampanj\/\"><strong>press<\/strong><\/a><\/h3>\n\n              <\/div>\n           <\/div>\n                            \n<style>\n#text-box-2083128651 .text-box-content {\n  background-color: rgb(165, 18, 37);\n  font-size: 100%;\n}\n#text-box-2083128651 .text-inner {\n  padding: 20px 0px 20px 0px;\n}\n#text-box-2083128651 {\n  width: 60%;\n}\n<\/style>\n    <\/div>\n \n\n        <\/div>\n      <\/div>\n\n            \n<style>\n#banner-1273100168 {\n  padding-top: 99.99%;\n}\n#banner-1273100168 .banner-bg img {\n  object-position: 56% 0%;\n}\n@media (min-width:850px) {\n  #banner-1273100168 {\n    padding-top: 375px;\n  }\n}\n<\/style>\n  <\/div>\n\n\n\n\t\t<\/div>\n\t\t\t\t\t<\/div>\n\n\t\n\n<\/div>\n\n\t\t<\/div>\n\n\t\t\n<style>\n#section_1507973120 {\n  padding-top: 10px;\n  padding-bottom: 10px;\n}\n<\/style>\n\t<\/section>\n\t\n\n\t<section class=\"section\" id=\"section_1199222889\">\n\t\t<div class=\"section-bg fill\" >\n\t\t\t\t\t\t\t\t\t\n\t\t\t\n\n\t\t<\/div>\n\n\t\t\n\n\t\t<div class=\"section-content relative\">\n\t\t\t\n\n<div class=\"row row-collapse\"  id=\"row-1270145181\">\n\n\n\t<div id=\"col-192555380\" class=\"col small-12 large-12\"  >\n\t\t\t\t<div class=\"col-inner\"  >\n\t\t\t\n\t\t\t\n\n<h2 class=\"uppercase\" style=\"text-align: center;\">White horse<\/h2>\n<p class=\"thin-font\" style=\"text-align: left;\">White Horse tilbyr h\u00e5r krem, parfyme og after shave. Merket har en lang historie og et<br \/>nesten ikonisk stempel innenfor kroppspleie-produkter for menn. White Horse passer for deg som er p\u00e5 jakt etter en riktig klassisk parfymeflaske med Eau de Toilette som lagres p\u00e5 eike fat.<\/p>\n<p class=\"thin-font\" style=\"text-align: left;\">Dette gir parfymen dens klassiske duft og h\u00f8ye kvalitet. Duften varer lenge og kan brukes som b\u00e5de etterbarberingsvann og parfyme. I sortimentet inng\u00e5r endog White Horse Hair Control Cream med en veldig mild duft. White Horse Hair Control Cream gir deg et velpleid utseende som varer lenge, uten \u00e5 t\u00f8rke eller \u00e5 gj\u00f8re h\u00e5ret bustete.<\/p>\n<p class=\"thin-font\" style=\"text-align: left;\">White Horse Hair Control Cream er den klassiske m\u00e5ten \u00e5 style h\u00e5ret p\u00e5 og passer godt sammen med de andre produkter i sortimentet. Leter du etter et barberings produkt som tar vare p\u00e5 huden din etter barbering og som til og med har den klassiske White Horse-duften, b\u00f8r du velge White Horse After Shave lotion, med\u00a0en mildere duft enn Eau de Toilette, men som holder samme h\u00f8ye kvalitet og duftintensitet.<\/p>\n<p class=\"thin-font\" style=\"text-align: left;\">N\u00e5r du avslutter en velgj\u00f8rende barbering med en frisk after shave vil du f\u00f8le deg vel og sikker og f\u00f8le at man viser seg fra sin beste side resten av dagen.<\/p>\n<p>\u00a0<\/p>\n\n\t\t<\/div>\n\t\t\t\t\t<\/div>\n\n\t\n\n\t<div id=\"col-1532006041\" class=\"col small-12 large-12\"  >\n\t\t\t\t<div class=\"col-inner\"  >\n\t\t\t\n\t\t\t\n\n<h2 class=\"uppercase\" style=\"text-align: center;\">Klassiskt m\u00e4rke<\/h2>\n<p class=\"thin-font\" style=\"text-align: left;\">White Horse er et klassisk, svensk merke, med aner tilbake til 1960-tallet. Lenge var White Horse det ledende merket for menn og deres pleie og utseende. Dengang ble alle produkter laget i<br \/>Stockholm, og Eau de Toilette-produktet har alltid f\u00e5tt sin unike duft fra lagringen p\u00e5 eike fat.<\/p>\n<p class=\"thin-font\" style=\"text-align: left;\">Den klassiske duften kan ogs\u00e5 spores tilbake til roseoljen som inng\u00e5r i produktene. Produktene har alltid blitt verdsatt for sin h\u00f8ye kvalitet og sin klassiske duft, og produseres idag i Link\u00f6ping p\u00e5 Link\u00f6pings Tekniske Fabrikk. Produktene holder samme h\u00f8ye kvalitet, og omsorg og kontroll av ingrediensene st\u00e5r her i fokus.<\/p>\n<p class=\"thin-font\" style=\"text-align: left;\">White Horse er merket for deg som liker \u00e5 ta vare p\u00e5 deg selv og din kropp, og som setter pris p\u00e5 kvalitetsprodukter med en klassisk duft. I White Horse sortimentet finner du b\u00e5de parfyme, Eau de Toilette og Hair Control Cream, for at du skal kjenne deg vel hele dagen. Skjem deg selv bort med White Horse h\u00f8ykvalitets produkter.<\/p>\n<p><a href=\"https:\/\/whitehorseperfume.com\/wp-content\/uploads\/2018\/06\/payments-800x83.png\"><img loading=\"lazy\" decoding=\"async\" class=\"aligncenter wp-image-395 size-medium\" src=\"https:\/\/whitehorseperfume.com\/wp-content\/uploads\/2018\/06\/payments-800x83.png\" alt=\"Betalning via Klarna, Paypal &amp; Postnord\" width=\"800\" height=\"83\" srcset=\"https:\/\/whitehorseperfume.com\/wp-content\/uploads\/2018\/06\/payments-800x83.png 800w, https:\/\/whitehorseperfume.com\/wp-content\/uploads\/2018\/06\/payments-1400x146.png 1400w, https:\/\/whitehorseperfume.com\/wp-content\/uploads\/2018\/06\/payments-768x80.png 768w, https:\/\/whitehorseperfume.com\/wp-content\/uploads\/2018\/06\/payments-510x53.png 510w, https:\/\/whitehorseperfume.com\/wp-content\/uploads\/2018\/06\/payments.png 1528w\" sizes=\"auto, (max-width: 800px) 100vw, 800px\" \/><\/a><\/p>\n\t<div class=\"img has-hover x md-x lg-x y md-y lg-y\" id=\"image_1132539341\">\n\t\t\t\t\t\t\t\t<div class=\"img-inner dark\" >\n\t\t\t<img loading=\"lazy\" decoding=\"async\" width=\"1020\" height=\"195\" src=\"https:\/\/whitehorseperfume.com\/wp-content\/uploads\/2023\/02\/INT-We-support-Team@2x-1400x268.png\" class=\"attachment-large size-large\" alt=\"We support children with critical illnes\" srcset=\"https:\/\/whitehorseperfume.com\/wp-content\/uploads\/2023\/02\/INT-We-support-Team@2x-1400x268.png 1400w, https:\/\/whitehorseperfume.com\/wp-content\/uploads\/2023\/02\/INT-We-support-Team@2x-800x153.png 800w, https:\/\/whitehorseperfume.com\/wp-content\/uploads\/2023\/02\/INT-We-support-Team@2x-768x147.png 768w, https:\/\/whitehorseperfume.com\/wp-content\/uploads\/2023\/02\/INT-We-support-Team@2x-510x98.png 510w, https:\/\/whitehorseperfume.com\/wp-content\/uploads\/2023\/02\/INT-We-support-Team@2x.png 1472w\" sizes=\"auto, (max-width: 1020px) 100vw, 1020px\" \/>\t\t\t\t\t\t\n\t\t\t\t\t<\/div>\n\t\t\t\t\t\t\t\t\n<style>\n#image_1132539341 {\n  width: 100%;\n}\n<\/style>\n\t<\/div>\n\t\n\n\n\t\t<\/div>\n\t\t\t\t\t<\/div>\n\n\t\n\n<\/div>\n\n\t\t<\/div>\n\n\t\t\n<style>\n#section_1199222889 {\n  padding-top: 20px;\n  padding-bottom: 20px;\n  background-color: rgb(255, 255, 255);\n}\n<\/style>\n\t<\/section>\n\t\n\n","protected":false},"excerpt":{"rendered":"","protected":false},"author":1,"featured_media":0,"parent":0,"menu_order":0,"comment_status":"closed","ping_status":"closed","template":"page-blank.php","meta":{"footnotes":""},"class_list":["post-169","page","type-page","status-publish","hentry"],"_links":{"self":[{"href":"https:\/\/whitehorseperfume.com\/no\/wp-json\/wp\/v2\/pages\/169","targetHints":{"allow":["GET"]}}],"collection":[{"href":"https:\/\/whitehorseperfume.com\/no\/wp-json\/wp\/v2\/pages"}],"about":[{"href":"https:\/\/whitehorseperfume.com\/no\/wp-json\/wp\/v2\/types\/page"}],"author":[{"embeddable":true,"href":"https:\/\/whitehorseperfume.com\/no\/wp-json\/wp\/v2\/users\/1"}],"replies":[{"embeddable":true,"href":"https:\/\/whitehorseperfume.com\/no\/wp-json\/wp\/v2\/comments?post=169"}],"version-history":[{"count":5,"href":"https:\/\/whitehorseperfume.com\/no\/wp-json\/wp\/v2\/pages\/169\/revisions"}],"predecessor-version":[{"id":3045,"href":"https:\/\/whitehorseperfume.com\/no\/wp-json\/wp\/v2\/pages\/169\/revisions\/3045"}],"wp:attachment":[{"href":"https:\/\/whitehorseperfume.com\/no\/wp-json\/wp\/v2\/media?parent=169"}],"curies":[{"name":"wp","href":"https:\/\/api.w.org\/{rel}","templated":true}]}}