{"id":76,"date":"2018-06-03T20:43:39","date_gmt":"2018-06-03T22:33:31","guid":{"rendered":"https:\/\/whitehorseperfume.com\/?post_type=product&#038;p=76"},"modified":"2018-06-17T21:32:38","modified_gmt":"2018-06-17T21:32:38","slug":"2-pack-white-horse-hair-control-cream-2","status":"publish","type":"product","link":"https:\/\/whitehorseperfume.com\/fi\/tuote\/2-pack-white-horse-hair-control-cream-2\/","title":{"rendered":"2-pack White Horse Hair Control Cream"},"content":{"rendered":"","protected":false},"excerpt":{"rendered":"<h2>White Horse Hair Control Cream<\/h2>\n<p>Unohda tahmeat voiteet ja j\u00e4yk\u00e4t vahat! White Horse on alkuper\u00e4inen tuote. White Horse Hair Control Cream antaa sinulle tyylikk\u00e4\u00e4n ja eloisamman lookin. White Horse Hair Control Cream on hiusgeeli miehille, joka antaa eloisammat hiukset tekem\u00e4tt\u00e4 hiuksista kuivat ja karheat. White Horse hiusvoiteella hallitset kiharat ja annat niille stailatun lookin. Tuotteella on vahva kest\u00e4vyys ja oikealla k\u00e4yt\u00f6ll\u00e4 pid\u00e4t kampauksen paikalla koko p\u00e4iv\u00e4n. White Horse Hair Control Cream on eritt\u00e4in riittoisa, pienell\u00e4 m\u00e4\u00e4r\u00e4ll\u00e4 p\u00e4\u00e4set pitk\u00e4lle! Hiusgeeli\u00e4 k\u00e4ytet\u00e4\u00e4n parhaiten kevyesti hieromalla pienen m\u00e4\u00e4r\u00e4n tuotetta k\u00e4mmeneen, ennen kuin tuotteen levitet\u00e4\u00e4n hiuksiin. Tuote on raikas ja eritt\u00e4in miedosti hajustettu, kuten muut ikoniset White Horse-tuotteet.<\/p>\n","protected":false},"featured_media":404,"comment_status":"open","ping_status":"closed","template":"","meta":[],"product_brand":[],"product_cat":[26],"product_tag":[],"class_list":{"0":"post-76","1":"product","2":"type-product","3":"status-publish","4":"has-post-thumbnail","6":"product_cat-white-horse-perfume-fi","8":"first","9":"outofstock","10":"taxable","11":"shipping-taxable","12":"purchasable","13":"product-type-simple"},"_links":{"self":[{"href":"https:\/\/whitehorseperfume.com\/fi\/wp-json\/wp\/v2\/product\/76","targetHints":{"allow":["GET"]}}],"collection":[{"href":"https:\/\/whitehorseperfume.com\/fi\/wp-json\/wp\/v2\/product"}],"about":[{"href":"https:\/\/whitehorseperfume.com\/fi\/wp-json\/wp\/v2\/types\/product"}],"replies":[{"embeddable":true,"href":"https:\/\/whitehorseperfume.com\/fi\/wp-json\/wp\/v2\/comments?post=76"}],"wp:featuredmedia":[{"embeddable":true,"href":"https:\/\/whitehorseperfume.com\/fi\/wp-json\/wp\/v2\/media\/404"}],"wp:attachment":[{"href":"https:\/\/whitehorseperfume.com\/fi\/wp-json\/wp\/v2\/media?parent=76"}],"wp:term":[{"taxonomy":"product_brand","embeddable":true,"href":"https:\/\/whitehorseperfume.com\/fi\/wp-json\/wp\/v2\/product_brand?post=76"},{"taxonomy":"product_cat","embeddable":true,"href":"https:\/\/whitehorseperfume.com\/fi\/wp-json\/wp\/v2\/product_cat?post=76"},{"taxonomy":"product_tag","embeddable":true,"href":"https:\/\/whitehorseperfume.com\/fi\/wp-json\/wp\/v2\/product_tag?post=76"}],"curies":[{"name":"wp","href":"https:\/\/api.w.org\/{rel}","templated":true}]}}