{"id":407,"date":"2018-06-29T09:05:09","date_gmt":"2018-06-29T09:05:09","guid":{"rendered":"https:\/\/whitehorseperfume.com\/?post_type=product&#038;p=407"},"modified":"2026-04-13T22:54:34","modified_gmt":"2026-04-13T20:54:34","slug":"white-horse-hair-control-cream-fi","status":"publish","type":"product","link":"https:\/\/whitehorseperfume.com\/fi\/tuote\/white-horse-hair-control-cream-fi\/","title":{"rendered":"White Horse Hair Control Cream"},"content":{"rendered":"","protected":false},"excerpt":{"rendered":"<h2>White Horse Hair Control Cream<\/h2>\n<h3><strong>Unohda tahmeat voiteet ja j\u00e4yk\u00e4t vahat<\/strong><\/h3>\n<p>White Horse Control Cream on monipuolinen tuote, joka antaa hiuksillesi vahvuutta ja kiiltoa ja samalla my\u00f6s pehme\u00e4n viimeistelyn.<\/p>\n<p>Voide on eritt\u00e4in riittoisaa, pieni nokare riitt\u00e4\u00e4 luomaan koko p\u00e4iv\u00e4n kest\u00e4v\u00e4n kampauksen. Halusitpa sitten rennon ja luonnollisen viimeistelyn, klassisen miesten kampauksen tai 50-luvun innoittaman tyylin, t\u00e4m\u00e4 hiusvoide antaa siihen optimaaliset edellytykset.<\/p>\n<p>Voit k\u00e4ytt\u00e4\u00e4 voidetta sek\u00e4 m\u00e4riss\u00e4 ett\u00e4 kuivissa hiuksissa. Ota pieni nokare k\u00e4mmenellesi, hiero k\u00e4mmeni\u00e4si yhteen ja levit\u00e4 hiuksiin muotoillaksesi haluamasi kampauksen.<br \/>\nVoiteella on raikas ja eritt\u00e4in mieto tuoksu, joka ei h\u00e4iritse muita tuoksuja, esimerkiksi partaveden tuoksua.<\/p>\n<p>White Horse hiusvoide valmistetaan Ruotsissa &#8211; ja sit\u00e4 on valmistettu jo 50-luvulta saakka. T\u00e4m\u00e4 ikoninen tuote hallitsi markkinoita yhdess\u00e4 Brylcreemin kanssa, ja sen esikuvana on James Dean, farkut ja rock\u00b4n roll.<\/p>\n","protected":false},"featured_media":2621,"comment_status":"open","ping_status":"closed","template":"","meta":[],"product_brand":[],"product_cat":[26],"product_tag":[],"class_list":{"0":"post-407","1":"product","2":"type-product","3":"status-publish","4":"has-post-thumbnail","6":"product_cat-white-horse-perfume-fi","8":"first","9":"outofstock","10":"taxable","11":"shipping-taxable","12":"purchasable","13":"product-type-simple"},"_links":{"self":[{"href":"https:\/\/whitehorseperfume.com\/fi\/wp-json\/wp\/v2\/product\/407","targetHints":{"allow":["GET"]}}],"collection":[{"href":"https:\/\/whitehorseperfume.com\/fi\/wp-json\/wp\/v2\/product"}],"about":[{"href":"https:\/\/whitehorseperfume.com\/fi\/wp-json\/wp\/v2\/types\/product"}],"replies":[{"embeddable":true,"href":"https:\/\/whitehorseperfume.com\/fi\/wp-json\/wp\/v2\/comments?post=407"}],"wp:featuredmedia":[{"embeddable":true,"href":"https:\/\/whitehorseperfume.com\/fi\/wp-json\/wp\/v2\/media\/2621"}],"wp:attachment":[{"href":"https:\/\/whitehorseperfume.com\/fi\/wp-json\/wp\/v2\/media?parent=407"}],"wp:term":[{"taxonomy":"product_brand","embeddable":true,"href":"https:\/\/whitehorseperfume.com\/fi\/wp-json\/wp\/v2\/product_brand?post=407"},{"taxonomy":"product_cat","embeddable":true,"href":"https:\/\/whitehorseperfume.com\/fi\/wp-json\/wp\/v2\/product_cat?post=407"},{"taxonomy":"product_tag","embeddable":true,"href":"https:\/\/whitehorseperfume.com\/fi\/wp-json\/wp\/v2\/product_tag?post=407"}],"curies":[{"name":"wp","href":"https:\/\/api.w.org\/{rel}","templated":true}]}}