{"id":2018,"date":"2018-06-03T20:41:32","date_gmt":"2018-06-03T20:41:32","guid":{"rendered":"https:\/\/whitehorseperfume.com\/product\/presentkartong-white-horse-harcream-white-horse-eau-de-toilette\/"},"modified":"2023-09-13T09:49:35","modified_gmt":"2023-09-13T07:49:35","slug":"lahjapakkaus-wh-hiusvoide-wh-eau-de-toilette-1","status":"publish","type":"product","link":"https:\/\/whitehorseperfume.com\/fi\/tuote\/lahjapakkaus-wh-hiusvoide-wh-eau-de-toilette-1\/","title":{"rendered":"Lahjapakkaus \u2013 WH Hiusvoide + WH Eau de Toilette"},"content":{"rendered":"<h2>Miesten lahjapakkaus \u2013 sis\u00e4lt\u00f6<\/h2>\n<h2>White Horse Eau de Toilette<\/h2>\n<p>Osa klassisen White Horse hajuveden salaisuudesta on, ett\u00e4 sit\u00e4 viel\u00e4 t\u00e4n\u00e4 p\u00e4iv\u00e4n s\u00e4ilytet\u00e4\u00e4n tammitynnyreiss\u00e4. Pohjatuoksu hajuvedess\u00e4 sis\u00e4lt\u00e4\u00e4 muun muassa setripuuta ja patsulin eteerist\u00e4 \u00f6ljy\u00e4. Toinen salaisuuksista on, ett\u00e4 hajuvesi my\u00f6s sis\u00e4lt\u00e4\u00e4 aitoa ruusu\u00f6ljy\u00e4. White Horse Eau de Toilette lahjapakkausta voidaan k\u00e4ytt\u00e4\u00e4 sek\u00e4 partaveten\u00e4 ett\u00e4 hajuveten\u00e4, esimerkiksi ranteilla, kaulalla ja ohimoilla. Tunnusomainen ja miellytt\u00e4v\u00e4 tuoksu pysyy kauan iholla.<\/p>\n<h2>White Horse Hair Control Cream<\/h2>\n<p>Klassikko ja suosikkituote, joka edelleen l\u00f6yt\u00e4\u00e4 tiens\u00e4 uusille k\u00e4ytt\u00e4jille. Riittoisa hiusvoide, joka on helppo levitt\u00e4\u00e4 ilman tahmeutta tai j\u00e4ykk\u00e4\u00e4 lopputulosta. Hallitset kampauksen, joka pysyy koko p\u00e4iv\u00e4n. White Horse hiusvoide antaa sen lis\u00e4ksi eloisuutta rasittamatta hiuksia ja tuoksuu miedosti klassiselta White Horse hajuvedelt\u00e4.<\/p>\n<p>Huomioithan, ett\u00e4 lahjapakkaus sis\u00e4lt\u00e4\u00e4 White Horse Eau de Toilette hajuveden, vaikka kuvassa n\u00e4kyy After Shave Lotion.<\/p>\n","protected":false},"excerpt":{"rendered":"<h2>White Horse hajuvesi \u2013 A gift set with heritage<\/h2>\n<p>Oletko ajatellut antaa tyylikk\u00e4\u00e4n tuoksun lahjaksi? T\u00e4m\u00e4 lahjapakkaus sis\u00e4lt\u00e4\u00e4 klassisen hajuveden miehille: White Horse Eau de Toilette voidaan k\u00e4ytt\u00e4\u00e4 sek\u00e4 partaveten\u00e4 ett\u00e4 hajuveten\u00e4. Lahjapakkaus sis\u00e4lt\u00e4\u00e4 my\u00f6s ihanan White Horse hiusvoiteen, joka antaa eloisuutta ja pitoa kampaukselle. Kaikki tyylikk\u00e4\u00e4sti pakattu lahjapakkaukseen. Kannen sis\u00e4puolella on kuva englantilaisesta ketun mets\u00e4styksest\u00e4; kuten Downton Abbeyn aikoihin. Lahjapakkaus on yht\u00e4 kiva antaa kuin saada.<\/p>\n<p>Valitse lahja, jolla on historiaa. White Horse on klassinen merkki, jonka Ruotsin silloinen ainoa parfym\u00f6\u00f6ri Monsieur Jonas perusti yli 60 vuotta sitten. Nyky\u00e4\u00e4n tuotanto jatkuu Link\u00f6pingiss\u00e4 Jonaksen perheen johdolla. Sek\u00e4 nuoret ett\u00e4 vanhemmat miehet, jotka haluavat pit\u00e4\u00e4 itsest\u00e4\u00e4n huolta ja pysy\u00e4 raikkaana tyylill\u00e4, arvostavat tuotteita. Se tekee lahjapakkauksesta hienon ja huomaavaisen lahjan. Hemmottele l\u00e4heist\u00e4, joka ansaitsee sen, klassisella miesten grooming-sarjalla.<\/p>\n","protected":false},"featured_media":3261,"comment_status":"open","ping_status":"closed","template":"","meta":[],"product_brand":[],"product_cat":[26],"product_tag":[],"class_list":{"0":"post-2018","1":"product","2":"type-product","3":"status-publish","4":"has-post-thumbnail","6":"product_cat-white-horse-perfume-fi","7":"product_shipping_class-presentkartang-fi","9":"first","10":"instock","11":"taxable","12":"shipping-taxable","13":"purchasable","14":"product-type-simple"},"_links":{"self":[{"href":"https:\/\/whitehorseperfume.com\/fi\/wp-json\/wp\/v2\/product\/2018","targetHints":{"allow":["GET"]}}],"collection":[{"href":"https:\/\/whitehorseperfume.com\/fi\/wp-json\/wp\/v2\/product"}],"about":[{"href":"https:\/\/whitehorseperfume.com\/fi\/wp-json\/wp\/v2\/types\/product"}],"replies":[{"embeddable":true,"href":"https:\/\/whitehorseperfume.com\/fi\/wp-json\/wp\/v2\/comments?post=2018"}],"wp:featuredmedia":[{"embeddable":true,"href":"https:\/\/whitehorseperfume.com\/fi\/wp-json\/wp\/v2\/media\/3261"}],"wp:attachment":[{"href":"https:\/\/whitehorseperfume.com\/fi\/wp-json\/wp\/v2\/media?parent=2018"}],"wp:term":[{"taxonomy":"product_brand","embeddable":true,"href":"https:\/\/whitehorseperfume.com\/fi\/wp-json\/wp\/v2\/product_brand?post=2018"},{"taxonomy":"product_cat","embeddable":true,"href":"https:\/\/whitehorseperfume.com\/fi\/wp-json\/wp\/v2\/product_cat?post=2018"},{"taxonomy":"product_tag","embeddable":true,"href":"https:\/\/whitehorseperfume.com\/fi\/wp-json\/wp\/v2\/product_tag?post=2018"}],"curies":[{"name":"wp","href":"https:\/\/api.w.org\/{rel}","templated":true}]}}