{"id":123,"date":"2018-06-03T20:48:29","date_gmt":"2018-06-03T20:48:29","guid":{"rendered":"https:\/\/whitehorseperfume.com\/product\/white-horse-after-shave-lotion-100ml-plo\/"},"modified":"2026-05-09T00:03:01","modified_gmt":"2026-05-08T22:03:01","slug":"white-horse-after-shave-lotion-100ml-plo","status":"publish","type":"product","link":"https:\/\/whitehorseperfume.com\/fi\/tuote\/white-horse-after-shave-lotion-100ml-plo\/","title":{"rendered":"White Horse After Shave Lotion 100ml PLO"},"content":{"rendered":"","protected":false},"excerpt":{"rendered":"<h2>White Horse After Shave Lotion<\/h2>\n<p>White Horse After Shave Lotionissa on klassinen ja tunnettu miehek\u00e4s tuoksu. K\u00e4yt\u00e4 White Horse After Shave Lotionia parranajon j\u00e4lkeen ja tunne ihanan raikkauden ja miellytt\u00e4v\u00e4n karheuden. White Horse partavedell\u00e4 on supistava vaikutus ja on miellytt\u00e4v\u00e4 tuote parranajon j\u00e4lkeen. Se tarkoittaa, ett\u00e4 saippuan j\u00e4tt\u00e4m\u00e4 alkalinen teho iholla neutralisoituu ja iholle palautuu oikea PH-arvo ja iho tuntuu terveelt\u00e4 sek\u00e4 hyvinvoivalta. K\u00e4yt\u00e4 White Horse partavett\u00e4 parranajon j\u00e4lkeen saadaksesi hyv\u00e4tuoksuisen ja raikkaan tunteen, joka s\u00e4ilyy koko p\u00e4iv\u00e4n. Mik\u00e4\u00e4n parranajo ei ole t\u00e4ydellinen ilman viimeistelev\u00e4\u00e4 partavett\u00e4, saadakseen vasta-ajetun tunteen pysym\u00e4\u00e4n kauan. T\u00e4m\u00e4n after shave-lotionin tuoksu perustuu alkuper\u00e4iseen, arvostettuun reseptiin 50-luvulta, joka sis\u00e4lt\u00e4\u00e4 muun muassa aitoa ruusu\u00f6ljy\u00e4 pohjana. Tuoksu on aito klassikko miehille ja on kauan ollut arvostettu ja rakastettu raikkaan tunteen ja korkean laadun ansiosta. Tulet heti huomaamaan tuoksun laadun, sill\u00e4 se pysyy huomattavasti kauemmin iholla verrattuna kilpailijoiden samankaltaisiin tuotteisiin.<\/p>\n","protected":false},"featured_media":1544,"comment_status":"open","ping_status":"closed","template":"","meta":[],"product_brand":[],"product_cat":[26],"product_tag":[],"class_list":{"0":"post-123","1":"product","2":"type-product","3":"status-publish","4":"has-post-thumbnail","6":"product_cat-white-horse-perfume-fi","8":"first","9":"instock","10":"taxable","11":"shipping-taxable","12":"purchasable","13":"product-type-simple"},"_links":{"self":[{"href":"https:\/\/whitehorseperfume.com\/fi\/wp-json\/wp\/v2\/product\/123","targetHints":{"allow":["GET"]}}],"collection":[{"href":"https:\/\/whitehorseperfume.com\/fi\/wp-json\/wp\/v2\/product"}],"about":[{"href":"https:\/\/whitehorseperfume.com\/fi\/wp-json\/wp\/v2\/types\/product"}],"replies":[{"embeddable":true,"href":"https:\/\/whitehorseperfume.com\/fi\/wp-json\/wp\/v2\/comments?post=123"}],"wp:featuredmedia":[{"embeddable":true,"href":"https:\/\/whitehorseperfume.com\/fi\/wp-json\/wp\/v2\/media\/1544"}],"wp:attachment":[{"href":"https:\/\/whitehorseperfume.com\/fi\/wp-json\/wp\/v2\/media?parent=123"}],"wp:term":[{"taxonomy":"product_brand","embeddable":true,"href":"https:\/\/whitehorseperfume.com\/fi\/wp-json\/wp\/v2\/product_brand?post=123"},{"taxonomy":"product_cat","embeddable":true,"href":"https:\/\/whitehorseperfume.com\/fi\/wp-json\/wp\/v2\/product_cat?post=123"},{"taxonomy":"product_tag","embeddable":true,"href":"https:\/\/whitehorseperfume.com\/fi\/wp-json\/wp\/v2\/product_tag?post=123"}],"curies":[{"name":"wp","href":"https:\/\/api.w.org\/{rel}","templated":true}]}}