{"id":118,"date":"2018-06-03T20:45:40","date_gmt":"2018-06-03T20:45:40","guid":{"rendered":"https:\/\/whitehorseperfume.com\/product\/white-horse-eau-de-toilette-100ml-plo-sis-pumppu\/"},"modified":"2024-09-20T20:52:17","modified_gmt":"2024-09-20T18:52:17","slug":"white-horse-eau-de-toilette-100ml-plo-sis-pumppu","status":"publish","type":"product","link":"https:\/\/whitehorseperfume.com\/fi\/tuote\/white-horse-eau-de-toilette-100ml-plo-sis-pumppu\/","title":{"rendered":"White Horse Eau de Toilette 100ml PLO SIS. PUMPPU"},"content":{"rendered":"","protected":false},"excerpt":{"rendered":"<h2>Hajuvesi Miehille \u2013 Eau De Toilette<\/h2>\n<p>White Horse Eau de Toilette on miesten tuoksu, joka on tuoksultaan hieman vahvempi kuin klassinen White Horse After Shave Lotion. Ruusu\u00f6ljy on yksi alkuper\u00e4isist\u00e4 ainesosista ja sit\u00e4 on my\u00f6s k\u00e4ytetty pohjatuoksuna White Horse tuoksussa. Hajuvesi s\u00e4ilytet\u00e4\u00e4n tammitynnyreiss\u00e4, joka luo tunnusomaisen miesten tuoksun ja on ollut suosiossa monta vuosikymment\u00e4. Tunnet olosi raikkaaksi koko p\u00e4iv\u00e4n, kun k\u00e4yt\u00e4t White Horse klassista miesten tuoksua.<\/p>\n<p>White Horse Eau de Toilette tuoksua voidaan hyvin k\u00e4ytt\u00e4\u00e4 pelk\u00e4st\u00e4\u00e4n partaveten\u00e4 mutta my\u00f6s koko vartalolle. Tulet arvostamaan sek\u00e4 klassista tuoksua ett\u00e4 tuotteen korkeaa laatua, joka todellakin erottuu joukosta. White Horse Eau de Toilette on sinulle, joka etsit miehek\u00e4st\u00e4, raikasta ja nykyaikaista tuoksua.<\/p>\n","protected":false},"featured_media":1550,"comment_status":"open","ping_status":"closed","template":"","meta":[],"product_brand":[],"product_cat":[26],"product_tag":[],"class_list":{"0":"post-118","1":"product","2":"type-product","3":"status-publish","4":"has-post-thumbnail","6":"product_cat-white-horse-perfume-fi","8":"first","9":"instock","10":"taxable","11":"shipping-taxable","12":"purchasable","13":"product-type-simple"},"_links":{"self":[{"href":"https:\/\/whitehorseperfume.com\/fi\/wp-json\/wp\/v2\/product\/118","targetHints":{"allow":["GET"]}}],"collection":[{"href":"https:\/\/whitehorseperfume.com\/fi\/wp-json\/wp\/v2\/product"}],"about":[{"href":"https:\/\/whitehorseperfume.com\/fi\/wp-json\/wp\/v2\/types\/product"}],"replies":[{"embeddable":true,"href":"https:\/\/whitehorseperfume.com\/fi\/wp-json\/wp\/v2\/comments?post=118"}],"wp:featuredmedia":[{"embeddable":true,"href":"https:\/\/whitehorseperfume.com\/fi\/wp-json\/wp\/v2\/media\/1550"}],"wp:attachment":[{"href":"https:\/\/whitehorseperfume.com\/fi\/wp-json\/wp\/v2\/media?parent=118"}],"wp:term":[{"taxonomy":"product_brand","embeddable":true,"href":"https:\/\/whitehorseperfume.com\/fi\/wp-json\/wp\/v2\/product_brand?post=118"},{"taxonomy":"product_cat","embeddable":true,"href":"https:\/\/whitehorseperfume.com\/fi\/wp-json\/wp\/v2\/product_cat?post=118"},{"taxonomy":"product_tag","embeddable":true,"href":"https:\/\/whitehorseperfume.com\/fi\/wp-json\/wp\/v2\/product_tag?post=118"}],"curies":[{"name":"wp","href":"https:\/\/api.w.org\/{rel}","templated":true}]}}