{"id":110,"date":"2018-06-03T18:05:02","date_gmt":"2018-06-03T18:05:02","guid":{"rendered":"https:\/\/whitehorseperfume.com\/product\/lahjapakkaus-wh-hiusvoide-wh-after-shave\/"},"modified":"2023-09-13T09:29:14","modified_gmt":"2023-09-13T07:29:14","slug":"lahjapakkaus-wh-hiusvoide-wh-after-shave","status":"publish","type":"product","link":"https:\/\/whitehorseperfume.com\/fi\/tuote\/lahjapakkaus-wh-hiusvoide-wh-after-shave\/","title":{"rendered":"Lahjapakkaus \u2013 WH hiusvoide + WH After Shave"},"content":{"rendered":"","protected":false},"excerpt":{"rendered":"<h2>Lahjapakkaus \u2013 WH hiusvoide + WH After Shave<\/h2>\n<p>Tyylik\u00e4s ja miellytt\u00e4v\u00e4 lahjapakkaus, joka sopii erinomaisesti lahjaksi! Lahjapakkaus sis\u00e4lt\u00e4\u00e4 White Horse hiusvoiteen ja White Horse After Shave Lotionin.<\/p>\n","protected":false},"featured_media":3334,"comment_status":"open","ping_status":"closed","template":"","meta":[],"product_brand":[],"product_cat":[26],"product_tag":[],"class_list":{"0":"post-110","1":"product","2":"type-product","3":"status-publish","4":"has-post-thumbnail","6":"product_cat-white-horse-perfume-fi","7":"product_shipping_class-presentkartang-fi","9":"first","10":"instock","11":"taxable","12":"shipping-taxable","13":"purchasable","14":"product-type-simple"},"_links":{"self":[{"href":"https:\/\/whitehorseperfume.com\/fi\/wp-json\/wp\/v2\/product\/110","targetHints":{"allow":["GET"]}}],"collection":[{"href":"https:\/\/whitehorseperfume.com\/fi\/wp-json\/wp\/v2\/product"}],"about":[{"href":"https:\/\/whitehorseperfume.com\/fi\/wp-json\/wp\/v2\/types\/product"}],"replies":[{"embeddable":true,"href":"https:\/\/whitehorseperfume.com\/fi\/wp-json\/wp\/v2\/comments?post=110"}],"wp:featuredmedia":[{"embeddable":true,"href":"https:\/\/whitehorseperfume.com\/fi\/wp-json\/wp\/v2\/media\/3334"}],"wp:attachment":[{"href":"https:\/\/whitehorseperfume.com\/fi\/wp-json\/wp\/v2\/media?parent=110"}],"wp:term":[{"taxonomy":"product_brand","embeddable":true,"href":"https:\/\/whitehorseperfume.com\/fi\/wp-json\/wp\/v2\/product_brand?post=110"},{"taxonomy":"product_cat","embeddable":true,"href":"https:\/\/whitehorseperfume.com\/fi\/wp-json\/wp\/v2\/product_cat?post=110"},{"taxonomy":"product_tag","embeddable":true,"href":"https:\/\/whitehorseperfume.com\/fi\/wp-json\/wp\/v2\/product_tag?post=110"}],"curies":[{"name":"wp","href":"https:\/\/api.w.org\/{rel}","templated":true}]}}