{"id":226,"date":"2018-06-14T11:37:09","date_gmt":"2018-06-14T11:37:09","guid":{"rendered":"https:\/\/whitehorseperfume.com\/kampanj\/"},"modified":"2023-09-13T09:05:23","modified_gmt":"2023-09-13T07:05:23","slug":"kampanja","status":"publish","type":"page","link":"https:\/\/whitehorseperfume.com\/fi\/kampanja\/","title":{"rendered":"Kampanja"},"content":{"rendered":"\n\t<div class=\"img has-hover x md-x lg-x y md-y lg-y\" id=\"image_463743777\">\n\t\t\t\t\t\t\t\t<div class=\"img-inner dark\" >\n\t\t\t<img loading=\"lazy\" decoding=\"async\" width=\"1020\" height=\"195\" src=\"https:\/\/whitehorseperfume.com\/wp-content\/uploads\/2023\/02\/INT-We-support-Team@2x-1400x268.png\" class=\"attachment-large size-large\" alt=\"We support children with critical illnes\" srcset=\"https:\/\/whitehorseperfume.com\/wp-content\/uploads\/2023\/02\/INT-We-support-Team@2x-1400x268.png 1400w, https:\/\/whitehorseperfume.com\/wp-content\/uploads\/2023\/02\/INT-We-support-Team@2x-800x153.png 800w, https:\/\/whitehorseperfume.com\/wp-content\/uploads\/2023\/02\/INT-We-support-Team@2x-768x147.png 768w, https:\/\/whitehorseperfume.com\/wp-content\/uploads\/2023\/02\/INT-We-support-Team@2x-510x98.png 510w, https:\/\/whitehorseperfume.com\/wp-content\/uploads\/2023\/02\/INT-We-support-Team@2x.png 1472w\" sizes=\"auto, (max-width: 1020px) 100vw, 1020px\" \/>\t\t\t\t\t\t\n\t\t\t\t\t<\/div>\n\t\t\t\t\t\t\t\t\n<style>\n#image_463743777 {\n  width: 100%;\n}\n<\/style>\n\t<\/div>\n\t\n\n\t<div id=\"gap-2109012873\" class=\"gap-element clearfix\" style=\"display:block; height:auto;\">\n\t\t\n<style>\n#gap-2109012873 {\n  padding-top: 30px;\n}\n<\/style>\n\t<\/div>\n\t\n\n<div class=\"row\"  id=\"row-1186623195\">\n\n\n\t<div id=\"col-1123101511\" class=\"col medium-6 small-12 large-6\"  >\n\t\t\t\t<div class=\"col-inner\"  >\n\t\t\t\n\t\t\t\n\n<h1>Lehdist\u00f6tiedote<\/h1>\n<p>Se, joka muistaa ja on paneutunut ruotsalaiseen moottoriurheiluun tiet\u00e4\u00e4 varmasti, ett\u00e4 hieman erikoiset merkit ja niiden edustajat halusivat n\u00e4kyvyytt\u00e4 autourheilussa 60- ja 70-luvulla. Ymm\u00e4rrettiin, ett\u00e4 t\u00e4\u00e4ll\u00e4 oli kiinnostava potentiaali tavoittaa uusia kokeilemattomia markkinoita uusilla tuotteilla.<\/p>\n<p>Monet muistaa varmaan miesten sarjan Mennen, joka muun muassa sponsoroi Picko Trobergi\u00e4 muutaman vuoden ajan. Juuri n\u00e4in pohtii yritys, joka nyt uudelleen lanseeraa suositun miestensarjan White Horse:in. Koko Pohjoismaissa, varsinkin Norjassa ja Suomessa, myytiin n\u00e4it\u00e4 t\u00e4ysin ruotsalaisia tuotteita miehille, jotka halusivat n\u00e4ky\u00e4 ja tuoksua hyv\u00e4lle.<\/p>\n<p>White Horse After Shave, Eau de Toilette ja Hair Control Cream sis\u00e4ltyy valikoimaan, joka nyt tulee n\u00e4kym\u00e4\u00e4n ruotsalaisilla moottoriradoilla.<\/p>\n<p>Ruotsalaisen moottoriurheilun p\u00e4\u00e4luokan STCC:n yhteydess\u00e4 ajetaan kiinnostavaa kilpa-autoluokkaa \u2013 Formel STCC Nordic. Se on eurooppalainen luokka, joka on nopea, j\u00e4nnitt\u00e4v\u00e4 ja toimii samalla sarjana nuorille kyvyille, jotka haluavat n\u00e4ytt\u00e4\u00e4, ett\u00e4 he ovat seuraavan sukupolven Formula 1-kuljettajia.<\/p>\n<p>Yksi heist\u00e4 on Jacob Palm, 22 vuotta. H\u00e4n on Torsten Palmin, Ruotsin entisen F1-kuljettajan, poika. Jakobin tavoite on kilpailla kansainv\u00e4lisess\u00e4 luokassa.<\/p>\n<p>Jacobin autossa tulee olemaan White Horse mainontaa nelj\u00e4ss\u00e4 kilpailussa vuoden 2017 aikana. Ensimm\u00e4inen kilpailu on Falkenberg Motorbana 7-9 hein\u00e4kuuta. Sen yhteydess\u00e4 kaikki k\u00e4vij\u00e4t saavat kokea noin 40-50 vuotta sitten suosittuja tuotteita.<\/p>\n<p>White Horse tuotteita Ruotsissa markkinoi White Horse Products. Yhteyshenkil\u00f6 on Leif Jonas 070-395 34 11.<\/p>\n<p>Enemm\u00e4n infoa ja verkkokauppa l\u00f6ytyy sivulta www.whitehorseperfume.se.<\/p>\n\n\t\t<\/div>\n\t\t\t\t\t<\/div>\n\n\t\n\n\t<div id=\"col-1694000091\" class=\"col medium-6 small-12 large-6\"  >\n\t\t\t\t<div class=\"col-inner\"  >\n\t\t\t\n\t\t\t\n\n\t<div class=\"img has-hover x md-x lg-x y md-y lg-y\" id=\"image_1619968005\">\n\t\t\t\t\t\t\t\t<div class=\"img-inner dark\" >\n\t\t\t<img loading=\"lazy\" decoding=\"async\" width=\"600\" height=\"400\" src=\"https:\/\/whitehorseperfume.com\/wp-content\/uploads\/2018\/06\/Jacobs-Formelbil-2-2017-600x400.jpg\" class=\"attachment-large size-large\" alt=\"White Horse\" srcset=\"https:\/\/whitehorseperfume.com\/wp-content\/uploads\/2018\/06\/Jacobs-Formelbil-2-2017-600x400.jpg 600w, https:\/\/whitehorseperfume.com\/wp-content\/uploads\/2018\/06\/Jacobs-Formelbil-2-2017-600x400-510x340.jpg 510w\" sizes=\"auto, (max-width: 600px) 100vw, 600px\" \/>\t\t\t\t\t\t\n\t\t\t\t\t<\/div>\n\t\t\t\t\t\t\t\t\n<style>\n#image_1619968005 {\n  width: 100%;\n}\n<\/style>\n\t<\/div>\n\t\n\n\t<div class=\"img has-hover x md-x lg-x y md-y lg-y\" id=\"image_1572842051\">\n\t\t\t\t\t\t\t\t<div class=\"img-inner dark\" >\n\t\t\t<img loading=\"lazy\" decoding=\"async\" width=\"600\" height=\"400\" src=\"https:\/\/whitehorseperfume.com\/wp-content\/uploads\/2018\/06\/image-1-600x400.jpg\" class=\"attachment-large size-large\" alt=\"White Horse\" srcset=\"https:\/\/whitehorseperfume.com\/wp-content\/uploads\/2018\/06\/image-1-600x400.jpg 600w, https:\/\/whitehorseperfume.com\/wp-content\/uploads\/2018\/06\/image-1-600x400-510x340.jpg 510w\" sizes=\"auto, (max-width: 600px) 100vw, 600px\" \/>\t\t\t\t\t\t\n\t\t\t\t\t<\/div>\n\t\t\t\t\t\t\t\t\n<style>\n#image_1572842051 {\n  width: 100%;\n}\n<\/style>\n\t<\/div>\n\t\n\n\n\t\t<\/div>\n\t\t\t\t\t<\/div>\n\n\t\n\n<\/div>\n","protected":false},"excerpt":{"rendered":"","protected":false},"author":1,"featured_media":0,"parent":0,"menu_order":30,"comment_status":"closed","ping_status":"closed","template":"","meta":{"footnotes":""},"class_list":["post-226","page","type-page","status-publish","hentry"],"_links":{"self":[{"href":"https:\/\/whitehorseperfume.com\/fi\/wp-json\/wp\/v2\/pages\/226","targetHints":{"allow":["GET"]}}],"collection":[{"href":"https:\/\/whitehorseperfume.com\/fi\/wp-json\/wp\/v2\/pages"}],"about":[{"href":"https:\/\/whitehorseperfume.com\/fi\/wp-json\/wp\/v2\/types\/page"}],"author":[{"embeddable":true,"href":"https:\/\/whitehorseperfume.com\/fi\/wp-json\/wp\/v2\/users\/1"}],"replies":[{"embeddable":true,"href":"https:\/\/whitehorseperfume.com\/fi\/wp-json\/wp\/v2\/comments?post=226"}],"version-history":[{"count":4,"href":"https:\/\/whitehorseperfume.com\/fi\/wp-json\/wp\/v2\/pages\/226\/revisions"}],"predecessor-version":[{"id":2415,"href":"https:\/\/whitehorseperfume.com\/fi\/wp-json\/wp\/v2\/pages\/226\/revisions\/2415"}],"wp:attachment":[{"href":"https:\/\/whitehorseperfume.com\/fi\/wp-json\/wp\/v2\/media?parent=226"}],"curies":[{"name":"wp","href":"https:\/\/api.w.org\/{rel}","templated":true}]}}