{"id":213,"date":"2018-06-14T10:57:14","date_gmt":"2018-06-14T10:57:14","guid":{"rendered":"https:\/\/whitehorseperfume.com\/historik\/"},"modified":"2023-09-13T09:03:03","modified_gmt":"2023-09-13T07:03:03","slug":"historia","status":"publish","type":"page","link":"https:\/\/whitehorseperfume.com\/fi\/historia\/","title":{"rendered":"Historia"},"content":{"rendered":"\n<h1>Ainutlaatuinen miestensarja tekee paluun<\/h1>\n<p>Yli 60 vuotta sitten Ruotsin silloinen ainoa parfym\u00f6\u00f6ri Monsieur Jonas perusti tunnetun miestensarjan nimelt\u00e4\u00e4n White Horse. Nyt olemme kehitt\u00e4neet reseptin t\u00e4st\u00e4 klassisesta miesten tuoksusta. Osa parfyymi\u00f6ljyist\u00e4 on korvattu synteettisill\u00e4 \u00f6ljyill\u00e4 nykyisist\u00e4 m\u00e4\u00e4r\u00e4yksist\u00e4 johtuen. White Horse-tuoksu sis\u00e4lt\u00e4\u00e4 kuitenkin edelleen aitoa ruusu\u00f6ljy\u00e4. Sen lis\u00e4ksi, White Horse Eau de Toilette s\u00e4ilytet\u00e4\u00e4n edelleen tammitynnyreiss\u00e4, mik\u00e4 on ainutlaatuista.<\/p>\n<p>White Horse on t\u00e4ysin ruotsalainen merkki, jota alun perin valmistettiin Parfymeri Segersin toimitiloissa Karlatiell\u00e4 Tukholmassa. 60-luvun alussa White Horse oli johtava miestensarja Ruotsin markkinoilla ja ainut t\u00e4ydellinen sarja sis\u00e4lt\u00e4en tuotteet kuten Hair Cream, After Shave Lotion, El Shave, Hair Creme, Shampoo, Deodorantti, Parranajovoide, Saippua, Parranajosaippua, Brillantine ja Hoitoaine. Yhteens\u00e4 myytiin yli 16 miljoonaa pakkausta. White Horse Hair Control Creme on aina ollut myynniss\u00e4 ja nyt After Shave Lotion ja Eau de Toilette (EdT) tuodaan j\u00e4lleen markkinoille.<a href=\"https:\/\/whitehorseperfume.com\/wp-content\/uploads\/2018\/06\/fotostart-large.png\"><img loading=\"lazy\" decoding=\"async\" class=\"alignright wp-image-209 size-full\" src=\"https:\/\/whitehorseperfume.com\/wp-content\/uploads\/2018\/06\/fotostart-large.png\" alt=\"Monsieur Jonas, tuolloin Ruotsin ainoa hajustevalmistaja, loi White Horsen yli 60 vuotta sitten\" width=\"518\" height=\"326\" srcset=\"https:\/\/whitehorseperfume.com\/wp-content\/uploads\/2018\/06\/fotostart-large.png 518w, https:\/\/whitehorseperfume.com\/wp-content\/uploads\/2018\/06\/fotostart-large-510x321.png 510w\" sizes=\"auto, (max-width: 518px) 100vw, 518px\" \/><\/a><\/p>\n<p>Usean ulkomaanvuoden j\u00e4lkeen, J. Nordstr\u00f6ms H. AB on tuonut White Horse tuotemerkin takaisin Ruotsiin. Nyt valkoinen hevonen on palannut kotitalliin ja on Jonas perheen omistuksessa. \u2013 \u201dOlemme vakuuttuneita siit\u00e4, ett\u00e4 White Horse-tuotteilla on suotuisa alusta ruotsalaiselle miestensarjalle kasvavilla markkinoilla, varsinkin pohjoismaissa. Ruotsalaiset miehet k\u00e4ytt\u00e4v\u00e4t yh\u00e4 enemm\u00e4n kosmeettisia tuotteita, sen lis\u00e4ksi huomaamme kasvavaa kiinnostusta ulkomailla ruotsalaisille kosmetiikkatuotteille\u201d, sanoo tuotteen parfym\u00f6\u00f6rin poika Leif Jonas.<\/p>\n<p>White Horse on t\u00e4ysin ruotsalainen merkki, jota valmistetaan LTF-tehtaassa Link\u00f6pingiss\u00e4. LTF on sertifioitu ISO 9001 ja ISO 13485 (l\u00e4\u00e4kinn\u00e4lliset laitteet) standardien mukaan, joka ennustaa hyv\u00e4\u00e4 laatua ja ymp\u00e4rist\u00f6yst\u00e4v\u00e4llisyytt\u00e4.<\/p>\n","protected":false},"excerpt":{"rendered":"<p>Ainutlaatuinen miestensarja tekee paluun Yli 60 vuotta sitten Ruotsin silloinen ainoa parfym\u00f6\u00f6ri Monsieur Jonas perusti tunnetun miestensarjan nimelt\u00e4\u00e4n White Horse. Nyt olemme kehitt\u00e4neet reseptin t\u00e4st\u00e4 klassisesta miesten tuoksusta. Osa parfyymi\u00f6ljyist\u00e4 on korvattu synteettisill\u00e4 \u00f6ljyill\u00e4 nykyisist\u00e4 m\u00e4\u00e4r\u00e4yksist\u00e4 johtuen. White Horse-tuoksu sis\u00e4lt\u00e4\u00e4 kuitenkin edelleen aitoa ruusu\u00f6ljy\u00e4. Sen lis\u00e4ksi, White Horse Eau de Toilette s\u00e4ilytet\u00e4\u00e4n edelleen tammitynnyreiss\u00e4, mik\u00e4 [&#8230;]\n","protected":false},"author":1,"featured_media":0,"parent":0,"menu_order":20,"comment_status":"closed","ping_status":"closed","template":"","meta":{"footnotes":""},"class_list":["post-213","page","type-page","status-publish","hentry"],"_links":{"self":[{"href":"https:\/\/whitehorseperfume.com\/fi\/wp-json\/wp\/v2\/pages\/213","targetHints":{"allow":["GET"]}}],"collection":[{"href":"https:\/\/whitehorseperfume.com\/fi\/wp-json\/wp\/v2\/pages"}],"about":[{"href":"https:\/\/whitehorseperfume.com\/fi\/wp-json\/wp\/v2\/types\/page"}],"author":[{"embeddable":true,"href":"https:\/\/whitehorseperfume.com\/fi\/wp-json\/wp\/v2\/users\/1"}],"replies":[{"embeddable":true,"href":"https:\/\/whitehorseperfume.com\/fi\/wp-json\/wp\/v2\/comments?post=213"}],"version-history":[{"count":5,"href":"https:\/\/whitehorseperfume.com\/fi\/wp-json\/wp\/v2\/pages\/213\/revisions"}],"predecessor-version":[{"id":2711,"href":"https:\/\/whitehorseperfume.com\/fi\/wp-json\/wp\/v2\/pages\/213\/revisions\/2711"}],"wp:attachment":[{"href":"https:\/\/whitehorseperfume.com\/fi\/wp-json\/wp\/v2\/media?parent=213"}],"curies":[{"name":"wp","href":"https:\/\/api.w.org\/{rel}","templated":true}]}}