{"id":163,"date":"2018-06-08T12:31:41","date_gmt":"2018-06-08T12:31:41","guid":{"rendered":"https:\/\/whitehorseperfume.com\/?page_id=163"},"modified":"2025-01-22T17:36:53","modified_gmt":"2025-01-22T15:36:53","slug":"home","status":"publish","type":"page","link":"https:\/\/whitehorseperfume.com\/fi\/","title":{"rendered":"Home"},"content":{"rendered":"\n\n\t<section class=\"section\" id=\"section_503397686\">\n\t\t<div class=\"section-bg fill\" >\n\t\t\t\t\t\t\t\t\t\n\t\t\t\n\n\t\t<\/div>\n\n\t\t\n\n\t\t<div class=\"section-content relative\">\n\t\t\t\n\n\n  <div class=\"banner has-hover\" id=\"banner-1178715836\">\n          <div class=\"banner-inner fill\">\n        <div class=\"banner-bg fill\" >\n            <img loading=\"lazy\" decoding=\"async\" width=\"1920\" height=\"600\" src=\"https:\/\/whitehorseperfume.com\/wp-content\/uploads\/2018\/05\/White-horse-background.jpg\" class=\"bg attachment-original size-original\" alt=\"\" \/>                        <div class=\"overlay\"><\/div>            \n                    <\/div>\n\t\t\n        <div class=\"banner-layers container\">\n            <div class=\"fill banner-link\"><\/div>            \n\n   <div id=\"text-box-1031702973\" class=\"text-box banner-layer x5 md-x5 lg-x5 y70 md-y70 lg-y70 res-text\">\n                                <div class=\"text-box-content text dark\">\n              \n              <div class=\"text-inner text-left\">\n                  \n\n<div class=\"SloganTitle\">\n<h3>Exclusive products<\/h3>\n<p class=\"h3 Sloganright\">for gentlemen<br \/> made by sweden<\/strong><\/p>\n<\/div>\n<h4>S\u00e4ilytetty tammitynnyreiss \u2013 ainutlaatuinen tuoksu<\/h4>\n<div>\n<div class=\"m_7448563380864293067gmail-m_-8132866710928266004m_-818471821380452739gmail_signature\" dir=\"ltr\">\n<div dir=\"ltr\">\n<div dir=\"ltr\">\n<div dir=\"ltr\"><\/div>\n<\/div>\n<\/div>\n<\/div>\n<\/div>\n\n              <\/div>\n           <\/div>\n                            \n<style>\n#text-box-1031702973 {\n  width: 80%;\n}\n#text-box-1031702973 .text-box-content {\n  font-size: 100%;\n}\n@media (min-width:550px) {\n  #text-box-1031702973 {\n    width: 60%;\n  }\n}\n<\/style>\n    <\/div>\n \n\n        <\/div>\n      <\/div>\n\n            \n<style>\n#banner-1178715836 {\n  padding-top: 400px;\n}\n#banner-1178715836 .overlay {\n  background-color: rgba(0,0,0,.5);\n}\n#banner-1178715836 .banner-bg img {\n  object-position: 50% 35%;\n}\n@media (min-width:550px) {\n  #banner-1178715836 {\n    padding-top: 600px;\n  }\n}\n<\/style>\n  <\/div>\n\n\n<div class=\"row align-center\"  id=\"row-1821165889\">\n\n\n\t<div id=\"col-57322378\" class=\"col small-12 large-12\"  >\n\t\t\t\t<div class=\"col-inner\"  >\n\t\t\t\n\t\t\t\n\n<h2 class=\"uppercase\" style=\"text-align: center;\">White Horse on klassinen ruotsalainen merkki, joka tarjoaa hiusvoidetta, hajuvett\u00e4 ja partavett\u00e4 miehille.<\/h2>\n<h3 class=\"thin-font\" style=\"text-align: center;\"><strong>MADE BY SWEDEN<\/strong><\/h3>\n\n\t\t<\/div>\n\t\t\t\t\t<\/div>\n\n\t\n\n<\/div>\n\n\t\t<\/div>\n\n\t\t\n<style>\n#section_503397686 {\n  padding-top: 0px;\n  padding-bottom: 0px;\n}\n<\/style>\n\t<\/section>\n\t\n\n\n\t<section class=\"section\" id=\"section_1705929093\">\n\t\t<div class=\"section-bg fill\" >\n\t\t\t\t\t\t\t\t\t\n\t\t\t\n\n\t\t<\/div>\n\n\t\t\n\n\t\t<div class=\"section-content relative\">\n\t\t\t\n\n<div class=\"row row-small\" style=\"max-width:1300px\" id=\"row-1185318996\">\n\n\n\t<div id=\"col-649560400\" class=\"col medium-12 large-4\"  >\n\t\t\t\t<div class=\"col-inner\"  >\n\t\t\t\n\t\t\t\n\n\n  <div class=\"banner has-hover\" id=\"banner-373659887\">\n          <div class=\"banner-inner fill\">\n        <div class=\"banner-bg fill\" >\n            <img loading=\"lazy\" decoding=\"async\" width=\"600\" height=\"480\" src=\"https:\/\/whitehorseperfume.com\/wp-content\/uploads\/2018\/05\/White-Horse-Webshop.jpg\" class=\"bg attachment-large size-large\" alt=\"\" \/>                                    \n                    <\/div>\n\t\t\n        <div class=\"banner-layers container\">\n            <a class=\"fill\" href=\"https:\/\/whitehorseperfume.com\/fi\/tuotteet\/\" ><div class=\"fill banner-link\"><\/div><\/a>            \n\n   <div id=\"text-box-992262143\" class=\"text-box banner-layer x50 md-x50 lg-x50 y95 md-y95 lg-y95 res-text\">\n                                <div class=\"text-box-content text dark\">\n              \n              <div class=\"text-inner text-center\">\n                  \n\n<h3 class=\"uppercase\"><a href=\"https:\/\/whitehorseperfume.com\/fi\/tuotteet\/\"><strong>SHOP<\/strong><\/a><\/h3>\n\n              <\/div>\n           <\/div>\n                            \n<style>\n#text-box-992262143 .text-box-content {\n  background-color: rgb(165, 18, 37);\n  font-size: 100%;\n}\n#text-box-992262143 .text-inner {\n  padding: 20px 0px 20px 0px;\n}\n#text-box-992262143 {\n  width: 60%;\n}\n<\/style>\n    <\/div>\n \n\n        <\/div>\n      <\/div>\n\n            \n<style>\n#banner-373659887 {\n  padding-top: 99.99%;\n}\n#banner-373659887 .banner-bg img {\n  object-position: 58% 44%;\n}\n@media (min-width:850px) {\n  #banner-373659887 {\n    padding-top: 375px;\n  }\n}\n<\/style>\n  <\/div>\n\n\n\n\t\t<\/div>\n\t\t\t\t\t<\/div>\n\n\t\n\n\t<div id=\"col-2100780321\" class=\"col medium-6 large-4\"  >\n\t\t\t\t<div class=\"col-inner\"  >\n\t\t\t\n\t\t\t\n\n\n  <div class=\"banner has-hover\" id=\"banner-1412666114\">\n          <div class=\"banner-inner fill\">\n        <div class=\"banner-bg fill\" >\n            <img loading=\"lazy\" decoding=\"async\" width=\"800\" height=\"800\" src=\"https:\/\/whitehorseperfume.com\/wp-content\/uploads\/2018\/05\/White-Horse-Control-Cream-2pack-800x800.jpg\" class=\"bg attachment-large size-large\" alt=\"\" \/>                                    \n                    <\/div>\n\t\t\n        <div class=\"banner-layers container\">\n            <a class=\"fill\" href=\"https:\/\/whitehorseperfume.com\/fi\/tuote\/white-horse-hair-control-cream-fi\/\" ><div class=\"fill banner-link\"><\/div><\/a>            \n\n   <div id=\"text-box-1761442529\" class=\"text-box banner-layer x50 md-x50 lg-x50 y95 md-y95 lg-y95 res-text\">\n                                <div class=\"text-box-content text dark\">\n              \n              <div class=\"text-inner text-center\">\n                  \n\n<h3 class=\"uppercase\"><a href=\"https:\/\/whitehorseperfume.com\/fi\/tuote\/white-horse-hair-control-cream-fi\/\"><strong>29,90 EUR<\/strong><\/a><\/h3>\n\n\n              <\/div>\n           <\/div>\n                            \n<style>\n#text-box-1761442529 .text-box-content {\n  background-color: rgb(165, 18, 37);\n  font-size: 100%;\n}\n#text-box-1761442529 .text-inner {\n  padding: 20px 0px 20px 0px;\n}\n#text-box-1761442529 {\n  width: 60%;\n}\n<\/style>\n    <\/div>\n \n   <div id=\"text-box-169380953\" class=\"text-box banner-layer text-box-circle x5 md-x5 lg-x5 y5 md-y5 lg-y5 res-text\">\n                                <div class=\"text-box-content text dark\">\n              \n              <div class=\"text-inner text-center\">\n                  \n\n<p class=\"uppercase\"><strong>tarjous!<\/strong><\/p>\n\n              <\/div>\n           <\/div>\n                            \n<style>\n#text-box-169380953 .text-box-content {\n  background-color: rgba(165, 18, 37, 0.98);\n  font-size: 100%;\n}\n#text-box-169380953 .text-inner {\n  padding: 0px 0px 0px 0px;\n}\n#text-box-169380953 {\n  width: 23%;\n}\n<\/style>\n    <\/div>\n \n\n        <\/div>\n      <\/div>\n\n            \n<style>\n#banner-1412666114 {\n  padding-top: 99.99%;\n}\n#banner-1412666114 .banner-bg img {\n  object-position: 50% 50%;\n}\n@media (min-width:550px) {\n  #banner-1412666114 {\n    padding-top: 99.99%;\n  }\n}\n@media (min-width:850px) {\n  #banner-1412666114 {\n    padding-top: 375px;\n  }\n}\n<\/style>\n  <\/div>\n\n\n\n\t\t<\/div>\n\t\t\t\t\t<\/div>\n\n\t\n\n\t<div id=\"col-925037733\" class=\"col medium-6 large-4\"  >\n\t\t\t\t<div class=\"col-inner\"  >\n\t\t\t\n\t\t\t\n\n\n  <div class=\"banner has-hover\" id=\"banner-2119207950\">\n          <div class=\"banner-inner fill\">\n        <div class=\"banner-bg fill\" >\n            <img loading=\"lazy\" decoding=\"async\" width=\"1020\" height=\"682\" src=\"https:\/\/whitehorseperfume.com\/wp-content\/uploads\/2020\/10\/Presentation1201-1196x800.jpg\" class=\"bg attachment-large size-large\" alt=\"Vita h\u00e4sten\" \/>                                    \n                    <\/div>\n\t\t\n        <div class=\"banner-layers container\">\n            <a class=\"fill\" href=\"https:\/\/whitehorseperfume.com\/fi\/kampanja\/\" ><div class=\"fill banner-link\"><\/div><\/a>            \n\n   <div id=\"text-box-822013872\" class=\"text-box banner-layer x50 md-x50 lg-x50 y95 md-y95 lg-y95 res-text\">\n                                <div class=\"text-box-content text dark\">\n              \n              <div class=\"text-inner text-center\">\n                  \n\n<h3 class=\"uppercase\"><a href=\"https:\/\/whitehorseperfume.com\/fi\/kampanja\/\"><strong>press<\/strong><\/a><\/h3>\n\n              <\/div>\n           <\/div>\n                            \n<style>\n#text-box-822013872 .text-box-content {\n  background-color: rgb(165, 18, 37);\n  font-size: 100%;\n}\n#text-box-822013872 .text-inner {\n  padding: 20px 0px 20px 0px;\n}\n#text-box-822013872 {\n  width: 60%;\n}\n<\/style>\n    <\/div>\n \n\n        <\/div>\n      <\/div>\n\n            \n<style>\n#banner-2119207950 {\n  padding-top: 99.99%;\n}\n#banner-2119207950 .banner-bg img {\n  object-position: 56% 0%;\n}\n@media (min-width:850px) {\n  #banner-2119207950 {\n    padding-top: 375px;\n  }\n}\n<\/style>\n  <\/div>\n\n\n\n\t\t<\/div>\n\t\t\t\t\t<\/div>\n\n\t\n\n<\/div>\n\n\t\t<\/div>\n\n\t\t\n<style>\n#section_1705929093 {\n  padding-top: 10px;\n  padding-bottom: 10px;\n}\n<\/style>\n\t<\/section>\n\t\n\n\t<section class=\"section\" id=\"section_1325909478\">\n\t\t<div class=\"section-bg fill\" >\n\t\t\t\t\t\t\t\t\t\n\t\t\t\n\n\t\t<\/div>\n\n\t\t\n\n\t\t<div class=\"section-content relative\">\n\t\t\t\n\n<div class=\"row row-collapse\"  id=\"row-602028467\">\n\n\n\t<div id=\"col-782570102\" class=\"col small-12 large-12\"  >\n\t\t\t\t<div class=\"col-inner\"  >\n\t\t\t\n\t\t\t\n\n<h1 class=\"uppercase\" style=\"font-size: 23.04px; text-align: center;\"><span style=\"font-size: 23.04px;\">White horse<\/span><\/h1>\n<p style=\"text-align: center;\">\u00a0<\/p>\n<p>Valkoinen hevonen tarjoaa hiusvedett\u00e4, hajuvett\u00e4 ja parranajoa miehille. Br\u00e4ndill\u00e4 on pitk\u00e4 historia ja l\u00e4hes ikoninen leima miehille tarkoitetuissa hoitotuotteissa. Valkoinen hevonen sopii sinulle, joka etsii todella klassista hajuvesipulloa, jossa on Eau de Toilette -tuotetta, joka on s\u00e4ilytetty tammitynnyreiss\u00e4. T\u00e4m\u00e4 antaa hajuvedelle klassisen tuoksun ja laadukkaan. Tuoksu kest\u00e4\u00e4 kauan ja sit\u00e4 voidaan<br \/>k\u00e4ytt\u00e4\u00e4 sek\u00e4 parranajovoiman ett\u00e4 hajusteiden parissa.<\/p>\n<p>Valikoimaan kuuluu my\u00f6s White Horse Hair Control Cream, jossa on eritt\u00e4in liev\u00e4 tuoksu. White Horse Hair Control Cream antaa sinulle puhtaan ilmeen, joka kest\u00e4\u00e4 pitk\u00e4\u00e4n ilman pyyhkimist\u00e4 tai hiusten levi\u00e4mist\u00e4. White Horse Hair Control Cream on klassinen tapa muotoilla hiuksia ja sopii hyvin muihin alueen tuotteisiin. Jos etsit suoraa tuotetta, joka ravitsee ihoa parranajon j\u00e4lkeen ja jolla on my\u00f6s klassinen Valkoinen hevonen tuoksu, sinun pit\u00e4isi valita White Horse After Shave -voide, jossa on lievempi mutta tuoksuva kuin Eau de Toilette, mutta jolla on sama korkea laatu ja tuoksu. Mukava parranajo raikkaan parranajon j\u00e4lkeen on keino tuntea olonsa raikkaaksi ja turvalliseksi ja tiet\u00e4\u00e4, ett\u00e4 olet suosii loppup\u00e4iv\u00e4n\u00e4.<\/p>\n<p style=\"text-align: center;\">&nbsp;<\/p>\n\n\t\t<\/div>\n\t\t\t\t\t<\/div>\n\n\t\n\n\t<div id=\"col-1982918039\" class=\"col small-12 large-12\"  >\n\t\t\t\t<div class=\"col-inner\"  >\n\t\t\t\n\t\t\t\n\n<h2 class=\"uppercase\" style=\"text-align: center;\">CLASSIC BRAND<\/h2>\n<p>White Horse on klassinen ruotsalainen br\u00e4ndi, joka on per\u00e4isin 1960-luvulta. Valkoinen hevonen oli pitk\u00e4\u00e4n miehille t\u00e4rkein br\u00e4ndi ja niiden hoito ja ulkon\u00e4k\u00f6. Sitten kaikki tuotteet valmistettiin Tukholmassa, ja Eau de Toiletten on aina saanut ainutlaatuisen tuoksun tammi- tynnyriss\u00e4 tapahtuvasta varastosta. Klassinen tuoksu voidaan saada my\u00f6s tuotteisiin sis\u00e4ltyv\u00e4st\u00e4 ruusu\u00f6ljyst\u00e4.<\/p>\n<p>Tuotteita on aina arvostettu laadukkaasta ja klassisesta tuoksusta, ja ne valmistetaan t\u00e4n\u00e4\u00e4n Link\u00f6pingiss\u00e4 Link\u00f6pingin teknisess\u00e4 tehtaassa. Tuotteet ovat samat laadukkaat, joissa keskityt\u00e4\u00e4n keskittym\u00e4\u00e4n ainesosiin ja hyvinvointiin. Valkoinen hevonen on merkki niille, jotka haluavat huolehtia itsest\u00e4si ja kehosta ja arvostavat korkealaatuisia tuotteita ja klassista tuoksua. Valkoisen hevosen<br \/>valikoimasta l\u00f6yd\u00e4t sek\u00e4 hajuvedet, Eau de Toilette ett\u00e4 Hair Control Cream, jotta voit tuntea olosi raikkaaksi koko p\u00e4iv\u00e4n. Hemmottele itse\u00e4si valkoisten hevosten laadukkaiden tuotteiden kanssa.<\/p>\n<p style=\"text-align: center;\">\u00a0<\/p>\n\n\t\t<\/div>\n\t\t\t\t\t<\/div>\n\n\t\n\n\t<div id=\"col-834382786\" class=\"col small-12 large-12\"  >\n\t\t\t\t<div class=\"col-inner\"  >\n\t\t\t\n\t\t\t\n\n\t<div class=\"img has-hover x md-x lg-x y md-y lg-y\" id=\"image_168934925\">\n\t\t\t\t\t\t\t\t<div class=\"img-inner dark\" >\n\t\t\t<img loading=\"lazy\" decoding=\"async\" width=\"1020\" height=\"195\" src=\"https:\/\/whitehorseperfume.com\/wp-content\/uploads\/2023\/02\/INT-We-support-Team@2x-1400x268.png\" class=\"attachment-large size-large\" alt=\"We support children with critical illnes\" srcset=\"https:\/\/whitehorseperfume.com\/wp-content\/uploads\/2023\/02\/INT-We-support-Team@2x-1400x268.png 1400w, https:\/\/whitehorseperfume.com\/wp-content\/uploads\/2023\/02\/INT-We-support-Team@2x-800x153.png 800w, https:\/\/whitehorseperfume.com\/wp-content\/uploads\/2023\/02\/INT-We-support-Team@2x-768x147.png 768w, https:\/\/whitehorseperfume.com\/wp-content\/uploads\/2023\/02\/INT-We-support-Team@2x-510x98.png 510w, https:\/\/whitehorseperfume.com\/wp-content\/uploads\/2023\/02\/INT-We-support-Team@2x.png 1472w\" sizes=\"auto, (max-width: 1020px) 100vw, 1020px\" \/>\t\t\t\t\t\t\n\t\t\t\t\t<\/div>\n\t\t\t\t\t\t\t\t\n<style>\n#image_168934925 {\n  width: 100%;\n}\n<\/style>\n\t<\/div>\n\t\n\n\n\t\t<\/div>\n\t\t\t\t\t<\/div>\n\n\t\n\n<\/div>\n\n\t\t<\/div>\n\n\t\t\n<style>\n#section_1325909478 {\n  padding-top: 20px;\n  padding-bottom: 20px;\n  background-color: rgb(255, 255, 255);\n}\n<\/style>\n\t<\/section>\n\t\n\n","protected":false},"excerpt":{"rendered":"","protected":false},"author":1,"featured_media":0,"parent":0,"menu_order":0,"comment_status":"closed","ping_status":"closed","template":"page-blank.php","meta":{"footnotes":""},"class_list":["post-163","page","type-page","status-publish","hentry"],"_links":{"self":[{"href":"https:\/\/whitehorseperfume.com\/fi\/wp-json\/wp\/v2\/pages\/163","targetHints":{"allow":["GET"]}}],"collection":[{"href":"https:\/\/whitehorseperfume.com\/fi\/wp-json\/wp\/v2\/pages"}],"about":[{"href":"https:\/\/whitehorseperfume.com\/fi\/wp-json\/wp\/v2\/types\/page"}],"author":[{"embeddable":true,"href":"https:\/\/whitehorseperfume.com\/fi\/wp-json\/wp\/v2\/users\/1"}],"replies":[{"embeddable":true,"href":"https:\/\/whitehorseperfume.com\/fi\/wp-json\/wp\/v2\/comments?post=163"}],"version-history":[{"count":5,"href":"https:\/\/whitehorseperfume.com\/fi\/wp-json\/wp\/v2\/pages\/163\/revisions"}],"predecessor-version":[{"id":3044,"href":"https:\/\/whitehorseperfume.com\/fi\/wp-json\/wp\/v2\/pages\/163\/revisions\/3044"}],"wp:attachment":[{"href":"https:\/\/whitehorseperfume.com\/fi\/wp-json\/wp\/v2\/media?parent=163"}],"curies":[{"name":"wp","href":"https:\/\/api.w.org\/{rel}","templated":true}]}}