{"id":140,"date":"2018-06-04T12:35:00","date_gmt":"2018-06-04T12:35:00","guid":{"rendered":"https:\/\/whitehorseperfume.com\/?page_id=140"},"modified":"2025-02-21T15:40:38","modified_gmt":"2025-02-21T13:40:38","slug":"ostoehdot","status":"publish","type":"page","link":"https:\/\/whitehorseperfume.com\/fi\/ostoehdot\/","title":{"rendered":"Ostoehdot"},"content":{"rendered":"\n<div class=\"row\"  id=\"row-1742000335\">\n\n\n\t<div id=\"col-1272742675\" class=\"col small-12 large-12\"  >\n\t\t\t\t<div class=\"col-inner\"  >\n\t\t\t\n\t\t\t\n\n<h1>Ostoehdot<\/h1>\n<p><strong>Yleisesti<\/strong><\/p>\n<p>Verkkokauppaa yll\u00e4pit\u00e4\u00e4 White Horse Products, SE-18238 Danderyd Ruotsi. Y-tunnuksella 556272-5704. Palautukset avaamattomille pakkauksille 14 p\u00e4iv\u00e4n kuluessa ovat s\u00e4hk\u00f6isen kaupank\u00e4ynnin lain mukaisia.<\/p>\n<p>Tilauksen yhteydess\u00e4 asiakas tekee sopimuksen yrityksen kanssa ja hyv\u00e4ksyy alla olevat ostoehdot kokonaisuudessaan.<\/p>\n<p><strong>Tilausvahvistus<\/strong><br \/>Hyv\u00e4ksytyn tilauksen j\u00e4lkeen asiakas vastaanottaa s\u00e4hk\u00f6postiviestin tilausvahvistuksesta.<\/p>\n<p><strong>Hinnat<\/strong><br \/>Kaikki hinnat ovat euroissa ja sis\u00e4lt\u00e4\u00e4 arvonlis\u00e4veron.<\/p>\n<p><strong>Maksu<\/strong><br \/>K\u00e4yt\u00e4mme palvelua Klarna Checkout tai Paypal.<\/p>\n<p>T\u00e4m\u00e4 tarkoittaa, ett\u00e4 yhteisty\u00f6ss\u00e4 Klarnan kanssa tarjoamme seuraavat maksuvaihtoehdot:<\/p>\n<p>\u2022 Lasku<br \/>\u2022 Osamaksu<br \/>\u2022 Korttimaksu<br \/>\u2022 Verkkomaksu<\/p>\n<p>J\u00e4tt\u00e4m\u00e4ll\u00e4 tietoa kassaan asiakas hyv\u00e4ksyy Klarnan maksuehdot. Lue ehdot t\u00e4m\u00e4n linkin kautta: <a href=\"https:\/\/cdn.klarna.com\/1.0\/shared\/content\/legal\/terms\/Klarna\/en_gb\/checkout\" target=\"_blank\" rel=\"noopener\">https:\/\/cdn.klarna.com\/1.0\/shared\/content\/legal\/terms\/Klarna\/en_gb\/checkout<\/a><\/p>\n<p><strong>Toimitus ja kuljetus<\/strong><\/p>\n<p>Tilaukset ennen klo 15 toimitetaan yleens\u00e4 samana p\u00e4iv\u00e4n\u00e4. Tiettyjen tuotteiden toimitusaika saattaa olla pidempi. Emme vastaa mahdollisista h\u00e4iri\u00f6ist\u00e4 postikulussa. Kaikkien tuotteiden toimituskulut ovat Suomessa 5,9 Euro ja lahjapakkauksissa 11,5 Euro.<\/p>\n<p>Voisi huoltaa: <a href=\"mailto:info@whitehorseperfume.com\">info@whitehorseperfume.com<\/a><\/p>\n\n\t\t<\/div>\n\t\t\t\t\t<\/div>\n\n\t\n\n<\/div>\n","protected":false},"excerpt":{"rendered":"","protected":false},"author":1,"featured_media":0,"parent":0,"menu_order":50,"comment_status":"closed","ping_status":"closed","template":"page-blank.php","meta":{"footnotes":""},"class_list":["post-140","page","type-page","status-publish","hentry"],"_links":{"self":[{"href":"https:\/\/whitehorseperfume.com\/fi\/wp-json\/wp\/v2\/pages\/140","targetHints":{"allow":["GET"]}}],"collection":[{"href":"https:\/\/whitehorseperfume.com\/fi\/wp-json\/wp\/v2\/pages"}],"about":[{"href":"https:\/\/whitehorseperfume.com\/fi\/wp-json\/wp\/v2\/types\/page"}],"author":[{"embeddable":true,"href":"https:\/\/whitehorseperfume.com\/fi\/wp-json\/wp\/v2\/users\/1"}],"replies":[{"embeddable":true,"href":"https:\/\/whitehorseperfume.com\/fi\/wp-json\/wp\/v2\/comments?post=140"}],"version-history":[{"count":5,"href":"https:\/\/whitehorseperfume.com\/fi\/wp-json\/wp\/v2\/pages\/140\/revisions"}],"predecessor-version":[{"id":3066,"href":"https:\/\/whitehorseperfume.com\/fi\/wp-json\/wp\/v2\/pages\/140\/revisions\/3066"}],"wp:attachment":[{"href":"https:\/\/whitehorseperfume.com\/fi\/wp-json\/wp\/v2\/media?parent=140"}],"curies":[{"name":"wp","href":"https:\/\/api.w.org\/{rel}","templated":true}]}}