{"id":893,"date":"2018-06-03T20:48:29","date_gmt":"2018-06-03T20:48:29","guid":{"rendered":"https:\/\/whitehorseperfume.com\/product\/white-horse-after-shave-lotion-100ml-fl-de\/"},"modified":"2025-04-29T12:10:54","modified_gmt":"2025-04-29T10:10:54","slug":"white-horse-after-shave-lotion-100ml-fl-de","status":"publish","type":"product","link":"https:\/\/whitehorseperfume.com\/de\/produkt\/white-horse-after-shave-lotion-100ml-fl-de\/","title":{"rendered":"White Horse After Shave Lotion 100ml Fl"},"content":{"rendered":"","protected":false},"excerpt":{"rendered":"<h2>Rasierwasser<\/h2>\n<p>White Horse After Shave Lotion hat einen klassischen und bekannten m\u00e4nnlichen Duft. Verwenden Sie nach der Rasur die White Horse After Shave Lotion und sp\u00fcren Sie eine sch\u00f6ne Frische und eine sch\u00f6ne Rauheit. White Horse rasierwasser ist ein sch\u00f6nes mittel nach der rasur mit adstringierender Wirkung. Das bedeutet, dass die von der Seife hinterlassene alkalische Wirkung auf die Haut neutralisiert wird, so dass die Haut wieder den richtigen pH-Wert erh\u00e4lt und sich wieder gesund und wohlf\u00fchlt. Verwenden Sie das White Horse rasierwasser, um die Rasur mit einem zu beenden duftendes und erfrischendes Gef\u00fchl, das den ganzen Tag \u00fcber bleibt. Keine Rasur ist komplett ohne eine letzte Rasurwasser, die ein perfektes ergrbnis und das neu geschaffene Gef\u00fchl wirklich lange erhalten l\u00e4sst. Der Duft dieser After-Shave-Lotion basiert auf dem gesch\u00e4tzten Originalrezept aus den 50er Jahren echtes Rosen\u00f6l als Basis. Der Duft ist ein echter Klassiker unter den Produkten f\u00fcr M\u00e4nner und wird seit langem sowohl f\u00fcr sein frisches Gef\u00fchl als auch f\u00fcr seine hohe Qualit\u00e4t gesch\u00e4tzt und geliebt. Sie werden sofort die Qualit\u00e4t des Duftes bemerken, da dies ein flaches rasierwasser ist, dessen Herrenduft wesentlich l\u00e4nger bleibt als bei vielen \u00e4hnlichen Produkten von Mitbewerbern.<\/p>\n","protected":false},"featured_media":1545,"comment_status":"open","ping_status":"closed","template":"","meta":[],"product_brand":[],"product_cat":[51],"product_tag":[],"class_list":{"0":"post-893","1":"product","2":"type-product","3":"status-publish","4":"has-post-thumbnail","6":"product_cat-white-horse-perfume-de","8":"first","9":"instock","10":"taxable","11":"shipping-taxable","12":"purchasable","13":"product-type-simple"},"_links":{"self":[{"href":"https:\/\/whitehorseperfume.com\/de\/wp-json\/wp\/v2\/product\/893","targetHints":{"allow":["GET"]}}],"collection":[{"href":"https:\/\/whitehorseperfume.com\/de\/wp-json\/wp\/v2\/product"}],"about":[{"href":"https:\/\/whitehorseperfume.com\/de\/wp-json\/wp\/v2\/types\/product"}],"replies":[{"embeddable":true,"href":"https:\/\/whitehorseperfume.com\/de\/wp-json\/wp\/v2\/comments?post=893"}],"wp:featuredmedia":[{"embeddable":true,"href":"https:\/\/whitehorseperfume.com\/de\/wp-json\/wp\/v2\/media\/1545"}],"wp:attachment":[{"href":"https:\/\/whitehorseperfume.com\/de\/wp-json\/wp\/v2\/media?parent=893"}],"wp:term":[{"taxonomy":"product_brand","embeddable":true,"href":"https:\/\/whitehorseperfume.com\/de\/wp-json\/wp\/v2\/product_brand?post=893"},{"taxonomy":"product_cat","embeddable":true,"href":"https:\/\/whitehorseperfume.com\/de\/wp-json\/wp\/v2\/product_cat?post=893"},{"taxonomy":"product_tag","embeddable":true,"href":"https:\/\/whitehorseperfume.com\/de\/wp-json\/wp\/v2\/product_tag?post=893"}],"curies":[{"name":"wp","href":"https:\/\/api.w.org\/{rel}","templated":true}]}}