{"id":891,"date":"2018-06-29T09:05:09","date_gmt":"2018-06-29T09:05:09","guid":{"rendered":"https:\/\/whitehorseperfume.com\/product\/white-horse-hair-control-cream-de\/"},"modified":"2026-04-29T05:37:00","modified_gmt":"2026-04-29T03:37:00","slug":"white-horse-hair-control-cream-de","status":"publish","type":"product","link":"https:\/\/whitehorseperfume.com\/de\/produkt\/white-horse-hair-control-cream-de\/","title":{"rendered":"White Horse Hair Control Cream"},"content":{"rendered":"","protected":false},"excerpt":{"rendered":"<h2>Haarcreme f\u00fcr M\u00e4nner<\/h2>\n<h3><strong>Vergessen Sie klebrige Cremes oder steifes Wachs.<\/strong><\/h3>\n<p>White Horse Control Cream &#8211; ist ein vielseitiges Produkt, das Ihrem Haar Stabilit\u00e4t und Glanz verleiht, w\u00e4hrend Sie ein weiches Finish erhalten. Die Creme ist sehr gro\u00dfz\u00fcgig und ein kleines Klicken reicht aus, um eine Frisur zu kreieren, die den ganzen Tag h\u00e4lt. Ob Sie ein entspanntes und nat\u00fcrliches Finish, eine klassische Herrenfrisur oder einen von den 50ern inspirierten Look w\u00fcnschen, die Haarcreme bietet Ihnen die optimalen Bedingungen.<br \/>\nSie k\u00f6nnen die Creme sowohl in nassem als auch in trockenem Haar verwenden.<\/p>\n<p>Nehmen Sie einen kleinen Klick in Ihre Handfl\u00e4che, reiben Sie Ihre H\u00e4nde aneinander und tragen Sie sie auf das Haar auf, um dann die gew\u00fcnschte Frisur zu formen. Die Creme hat einen frischen und sehr milden Duft, der andere D\u00fcfte von beispielsweise Rasierwasser nicht beeintr\u00e4chtigt.<\/p>\n<p>White Horse Haarcreme wird in Schweden hergestellt &#8211; und ist das Original aus den 50er Jahren, ein Ikonisches produkt, das zusammen mit Brylcream den Markt dominierte &#8211; mit James Dean, Jeans und Rock`n roll als Vorbild.<\/p>\n","protected":false},"featured_media":2622,"comment_status":"open","ping_status":"closed","template":"","meta":[],"product_brand":[],"product_cat":[51],"product_tag":[],"class_list":{"0":"post-891","1":"product","2":"type-product","3":"status-publish","4":"has-post-thumbnail","6":"product_cat-white-horse-perfume-de","8":"first","9":"outofstock","10":"taxable","11":"shipping-taxable","12":"purchasable","13":"product-type-simple"},"_links":{"self":[{"href":"https:\/\/whitehorseperfume.com\/de\/wp-json\/wp\/v2\/product\/891","targetHints":{"allow":["GET"]}}],"collection":[{"href":"https:\/\/whitehorseperfume.com\/de\/wp-json\/wp\/v2\/product"}],"about":[{"href":"https:\/\/whitehorseperfume.com\/de\/wp-json\/wp\/v2\/types\/product"}],"replies":[{"embeddable":true,"href":"https:\/\/whitehorseperfume.com\/de\/wp-json\/wp\/v2\/comments?post=891"}],"wp:featuredmedia":[{"embeddable":true,"href":"https:\/\/whitehorseperfume.com\/de\/wp-json\/wp\/v2\/media\/2622"}],"wp:attachment":[{"href":"https:\/\/whitehorseperfume.com\/de\/wp-json\/wp\/v2\/media?parent=891"}],"wp:term":[{"taxonomy":"product_brand","embeddable":true,"href":"https:\/\/whitehorseperfume.com\/de\/wp-json\/wp\/v2\/product_brand?post=891"},{"taxonomy":"product_cat","embeddable":true,"href":"https:\/\/whitehorseperfume.com\/de\/wp-json\/wp\/v2\/product_cat?post=891"},{"taxonomy":"product_tag","embeddable":true,"href":"https:\/\/whitehorseperfume.com\/de\/wp-json\/wp\/v2\/product_tag?post=891"}],"curies":[{"name":"wp","href":"https:\/\/api.w.org\/{rel}","templated":true}]}}