{"id":2019,"date":"2018-06-03T20:41:32","date_gmt":"2018-06-03T20:41:32","guid":{"rendered":"https:\/\/whitehorseperfume.com\/product\/presentkartong-white-horse-harcream-white-horse-eau-de-toilette\/"},"modified":"2023-09-13T09:40:37","modified_gmt":"2023-09-13T07:40:37","slug":"geschenkkarton-white-horse-hair-control-cream-white-horse-eau-de-toilette-1","status":"publish","type":"product","link":"https:\/\/whitehorseperfume.com\/de\/produkt\/geschenkkarton-white-horse-hair-control-cream-white-horse-eau-de-toilette-1\/","title":{"rendered":"Geschenkkarton \u2013 White Horse Hair Control Cream + White Horse Eau de Toilette"},"content":{"rendered":"<h2>Geschenkenset Herr \u2013 Inhalt<br \/>\nWhite Horse Eau de Toilette<\/h2>\n<p>Ein Teil des Geheimnisses des klassischen Parf\u00fcms von White Horse besteht darin, dass es noch heute in Eichenf\u00e4ssern gelagert wird. Die Basisnoten im Parf\u00fcm sind Zedernholz und \u00e4therisches \u00d6l von Patchouli. Ein weiterer Teil des Geheimnisses ist, dass das Parf\u00fcm auch mit echtem Rosen\u00f6l gekr\u00f6nt wird. Das Geschenken-Set Herr von White Horse Eau de Toilette kann sowohl als Rasierwasser als auch als Parf\u00fcm verwendet werden, beispielsweise an Handgelenken, Hals und Schl\u00e4fen. Der charakteristische und angenehme Duft h\u00e4lt lange an.<\/p>\n<p>White Horse Hair Control Cream<br \/>\nDas Original, das nie aufgeh\u00f6rt hat, neuen Benutzern als Favorit in der Kulturtasche ein Zuhause zu finden. Eine Menge Haarcreme, die leicht anzuwenden ist, ohne Kratzer oder steife Ergebnisse. Sie kontrollieren die Locken und kontrollieren die Frisur, die den ganzen Tag dauert. Au\u00dferdem belebt White Horse Hair Control Cream das Haar, ohne es zu zerrei\u00dfen, und riecht mild nach dem ikonischen White Horse Duft.<br \/>\n<b>Beachten Sie, dass dieses Produkt ein Eau de Toilette von White Horse enth\u00e4lt, obwohl das Bild eine After Shave Lotion zeigt.<\/b><\/p>\n","protected":false},"excerpt":{"rendered":"<h2>White Horse Parf\u00fcm \u2013 Ein Geschenkset mit Erbe<\/h2>\n<p>Denken Sie daran, jemanden mit elegantem Parf\u00fcm zu schenken? Dieses Parf\u00fcm-Geschenkset enth\u00e4lt klassisches Parfum f\u00fcr M\u00e4nner: White Horse Eau de Toilette, das sowohl als Rasierwasser als auch als Parf\u00fcm verwendet werden kann, und somit die fabelhafte White Horse Haarcreme, die der Frisur Leben und Sch\u00f6nheit verleiht. Alles stilvoll in einer Geschenkbox verpackt. Die Innenseite des Deckels ist mit einem Bild der Jagd des Englischen Fuchses geschm\u00fcckt; wie es zu Downtown Abbeys Zeit aussah. So sch\u00f6n zu geben wie zu bekommen.<br \/>\nW\u00e4hle ein Geschenk mit Geschichte. White Horse ist eine angesehene Marke, die vor \u00fcber 60 Jahren von Monsieur Jonas gegr\u00fcndet wurde \u2013 dem damaligen schwedischen Parf\u00fcmverk\u00e4ufer. Heute l\u00e4uft die Produktion in Link\u00f6ping durch die Familie Jonas weiter. Die echten Produkte werden von j\u00fcngeren und \u00e4lteren Herren gesch\u00e4tzt, die sich um sich selbst k\u00fcmmern und mit Stil frisch bleiben m\u00f6chten. Es macht dieses Parf\u00fcm-Geschenkset zu einem sch\u00f6nen und f\u00fcrsorglichen Geschenk. Verw\u00f6hnen Sie jemanden, der es verdient hat, mit einer ikonischen Pflegeserie von M\u00e4nnern.<\/p>\n","protected":false},"featured_media":3262,"comment_status":"open","ping_status":"closed","template":"","meta":[],"product_brand":[],"product_cat":[51],"product_tag":[],"class_list":{"0":"post-2019","1":"product","2":"type-product","3":"status-publish","4":"has-post-thumbnail","6":"product_cat-white-horse-perfume-de","7":"product_shipping_class-presentkartang-de","9":"first","10":"instock","11":"taxable","12":"shipping-taxable","13":"purchasable","14":"product-type-simple"},"_links":{"self":[{"href":"https:\/\/whitehorseperfume.com\/de\/wp-json\/wp\/v2\/product\/2019","targetHints":{"allow":["GET"]}}],"collection":[{"href":"https:\/\/whitehorseperfume.com\/de\/wp-json\/wp\/v2\/product"}],"about":[{"href":"https:\/\/whitehorseperfume.com\/de\/wp-json\/wp\/v2\/types\/product"}],"replies":[{"embeddable":true,"href":"https:\/\/whitehorseperfume.com\/de\/wp-json\/wp\/v2\/comments?post=2019"}],"wp:featuredmedia":[{"embeddable":true,"href":"https:\/\/whitehorseperfume.com\/de\/wp-json\/wp\/v2\/media\/3262"}],"wp:attachment":[{"href":"https:\/\/whitehorseperfume.com\/de\/wp-json\/wp\/v2\/media?parent=2019"}],"wp:term":[{"taxonomy":"product_brand","embeddable":true,"href":"https:\/\/whitehorseperfume.com\/de\/wp-json\/wp\/v2\/product_brand?post=2019"},{"taxonomy":"product_cat","embeddable":true,"href":"https:\/\/whitehorseperfume.com\/de\/wp-json\/wp\/v2\/product_cat?post=2019"},{"taxonomy":"product_tag","embeddable":true,"href":"https:\/\/whitehorseperfume.com\/de\/wp-json\/wp\/v2\/product_tag?post=2019"}],"curies":[{"name":"wp","href":"https:\/\/api.w.org\/{rel}","templated":true}]}}