{"id":900,"date":"2019-03-27T13:29:39","date_gmt":"2019-03-27T13:29:39","guid":{"rendered":"https:\/\/whitehorseperfume.com\/?page_id=900"},"modified":"2025-02-21T15:43:07","modified_gmt":"2025-02-21T13:43:07","slug":"koepvillkor","status":"publish","type":"page","link":"https:\/\/whitehorseperfume.com\/de\/koepvillkor\/","title":{"rendered":"Allgemeine Gesch\u00e4ftsbedingungen"},"content":{"rendered":"\n\n\t<section class=\"section\" id=\"section_1696480532\">\n\t\t<div class=\"section-bg fill\" >\n\t\t\t\t\t\t\t\t\t\n\t\t\t\n\n\t\t<\/div>\n\n\t\t\n\n\t\t<div class=\"section-content relative\">\n\t\t\t\n\n<div class=\"row row-collapse\"  id=\"row-1753038798\">\n\n\n\t<div id=\"col-786506336\" class=\"col small-12 large-12\"  >\n\t\t\t\t<div class=\"col-inner\"  >\n\t\t\t\n\t\t\t\n\n<h1>Allgemeine gesch\u00e4ftsbedingungen<\/h1>\n<div><strong>Allgemein<\/strong><\/div>\n<div>Dieser Webshop wird von White Horse Products mit der Firmenidentifikationsnummer 556272-5704 betrieben. Bei der Bestellung in einem Webshop schlie\u00dft der Kunde eine Vereinbarung mit dem Unternehmen ab und genehmigt die Kaufbedingungen in seiner Gesamtheit, wie sie nachstehend festgelegt sind.<\/div>\n<div>Bei genehmigten Bestellungen erh\u00e4lt der Kunde eine E-Mail-Nachricht, die als Auftragsbest\u00e4tigung gilt.<\/div>\n<div>&nbsp;<\/div>\n<div><strong>Preise<\/strong><\/div>\n<div>Alle Preise sind in Euro und enthalten die Schwedische Mehrwertsteuer. <\/div>\n<div>&nbsp;<\/div>\n<div><strong>Zahlung<\/strong><\/div>\n<div>Wir nutzen den Service Paypal oder Klarna Checkout. Das bedeutet, dass wir in Zusammenarbeit mit Klarna folgende Zahlungsm\u00f6glichkeiten anbieten:<\/div>\n<div>&nbsp;<\/div>\n<div>\u2022 Rechnungszahlung<\/div>\n<div>\u2022 Teilzahlung<\/div>\n<div>\u2022 Zahlung mit Kreditkarte<\/div>\n<div>&nbsp;<\/div>\n<div>Mit der \u00dcbermittlung von Informationen an der Kasse genehmigt der Kunde die Zahlungsbedingungen von Klarna. Lesen Sie bitte die Bedingungen hier: <a href=\"https:\/\/cdn.klarna.com\/1.0\/shared\/content\/legal\/terms\/Klarna\/en_gb\/checkout\" target=\"_blank\" rel=\"noopener\">https:\/\/cdn.klarna.com\/1.0\/shared\/content\/legal\/terms\/Klarna\/en_gb\/checkout<\/a><\/div>\n<div>&nbsp;<\/div>\n<div><strong>Lieferung und Versand<\/strong><\/div>\n<div>Die Versandkosten innerhalb Deutschlands und \u00d6sterreich (EU-weit gultig) betragen 5,9 Euro f\u00fbr alla Produkte mit Ausnahme von White Horse Geshenkenboxen mit Versandkosten von 11,5 Euro.<\/div>\n<div>Bei Bestellungen vor 15 Uhr wird die Ware in der Regel innerhalb von 1-3 Werktagen geliefert. Bei einigen Warenarten kann die Lieferzeit l\u00e4nger sein. Wir behalten uns das Recht f\u00fcr St\u00f6rungen in der Postzustellung vor, die au\u00dferhalb unserer Kontrolle liegen.<\/div>\n\n\t\t<\/div>\n\t\t\t\t\n<style>\n#col-786506336 > .col-inner {\n  padding: 0px 20px 0px 20px;\n}\n<\/style>\n\t<\/div>\n\n\t\n\n<\/div>\n\n\t\t<\/div>\n\n\t\t\n<style>\n#section_1696480532 {\n  padding-top: 30px;\n  padding-bottom: 30px;\n  background-color: rgb(248, 248, 248);\n}\n<\/style>\n\t<\/section>\n\t\n","protected":false},"excerpt":{"rendered":"","protected":false},"author":2,"featured_media":0,"parent":0,"menu_order":50,"comment_status":"closed","ping_status":"closed","template":"page-blank.php","meta":{"footnotes":""},"class_list":["post-900","page","type-page","status-publish","hentry"],"_links":{"self":[{"href":"https:\/\/whitehorseperfume.com\/de\/wp-json\/wp\/v2\/pages\/900","targetHints":{"allow":["GET"]}}],"collection":[{"href":"https:\/\/whitehorseperfume.com\/de\/wp-json\/wp\/v2\/pages"}],"about":[{"href":"https:\/\/whitehorseperfume.com\/de\/wp-json\/wp\/v2\/types\/page"}],"author":[{"embeddable":true,"href":"https:\/\/whitehorseperfume.com\/de\/wp-json\/wp\/v2\/users\/2"}],"replies":[{"embeddable":true,"href":"https:\/\/whitehorseperfume.com\/de\/wp-json\/wp\/v2\/comments?post=900"}],"version-history":[{"count":5,"href":"https:\/\/whitehorseperfume.com\/de\/wp-json\/wp\/v2\/pages\/900\/revisions"}],"predecessor-version":[{"id":3069,"href":"https:\/\/whitehorseperfume.com\/de\/wp-json\/wp\/v2\/pages\/900\/revisions\/3069"}],"wp:attachment":[{"href":"https:\/\/whitehorseperfume.com\/de\/wp-json\/wp\/v2\/media?parent=900"}],"curies":[{"name":"wp","href":"https:\/\/api.w.org\/{rel}","templated":true}]}}