{"id":870,"date":"2019-03-27T12:54:57","date_gmt":"2019-03-27T12:54:57","guid":{"rendered":"https:\/\/whitehorseperfume.com\/?page_id=870"},"modified":"2023-09-13T08:53:23","modified_gmt":"2023-09-13T06:53:23","slug":"home","status":"publish","type":"page","link":"https:\/\/whitehorseperfume.com\/de\/","title":{"rendered":"Home"},"content":{"rendered":"\n\n\t<section class=\"section\" id=\"section_341316151\">\n\t\t<div class=\"section-bg fill\" >\n\t\t\t\t\t\t\t\t\t\n\t\t\t\n\n\t\t<\/div>\n\n\t\t\n\n\t\t<div class=\"section-content relative\">\n\t\t\t\n\n\n  <div class=\"banner has-hover\" id=\"banner-2055413611\">\n          <div class=\"banner-inner fill\">\n        <div class=\"banner-bg fill\" >\n            <img loading=\"lazy\" decoding=\"async\" width=\"1920\" height=\"600\" src=\"https:\/\/whitehorseperfume.com\/wp-content\/uploads\/2018\/05\/White-horse-background.jpg\" class=\"bg attachment-original size-original\" alt=\"\" \/>                        <div class=\"overlay\"><\/div>            \n                    <\/div>\n\t\t\n        <div class=\"banner-layers container\">\n            <div class=\"fill banner-link\"><\/div>            \n\n   <div id=\"text-box-773797941\" class=\"text-box banner-layer x50 md-x5 lg-x5 y50 md-y70 lg-y70 res-text\">\n                                <div class=\"text-box-content text dark\">\n              \n              <div class=\"text-inner text-left\">\n                  \n\n<div class=\"SloganTitle\">\n<p class=\"h3\">Exclusive products<\/p>\n<p class=\"h3 Sloganright\">for gentlemen<br \/> made by sweden<\/strong><\/p>\n<\/div>\n<p id=\"m_-6336803011043912197gmail-tw-target-text\" class=\"h4 m_-6336803011043912197gmail-tw-data-text m_-6336803011043912197gmail-tw-ta m_-6336803011043912197gmail-tw-text-small\" dir=\"ltr\"><span lang=\"de\">In Eichenf\u00e4ssern gelagert - f\u00fcr einen einzigartigen duft<br \/>\n<\/span><\/p>\n\n              <\/div>\n           <\/div>\n                            \n<style>\n#text-box-773797941 {\n  width: 80%;\n}\n#text-box-773797941 .text-box-content {\n  font-size: 100%;\n}\n@media (min-width:550px) {\n  #text-box-773797941 {\n    width: 60%;\n  }\n}\n<\/style>\n    <\/div>\n \n\t<div class=\"img has-hover x90 md-x90 lg-x90 y50 md-y50 lg-y50\" id=\"image_1639034101\">\n\t\t\t\t\t\t<div data-animate=\"fadeInRight\">\t\t<div class=\"img-inner dark\" >\n\t\t\t\t\t\t\t\t\t\n\t\t\t\t\t<\/div>\n\t\t<\/div>\t\t\t\t\t\t\n<style>\n#image_1639034101 {\n  width: 38%;\n}\n<\/style>\n\t<\/div>\n\t\n\n\n        <\/div>\n      <\/div>\n\n            \n<style>\n#banner-2055413611 {\n  padding-top: 400px;\n}\n#banner-2055413611 .overlay {\n  background-color: rgba(0,0,0,.5);\n}\n#banner-2055413611 .banner-bg img {\n  object-position: 38% 38%;\n}\n@media (min-width:550px) {\n  #banner-2055413611 {\n    padding-top: 600px;\n  }\n}\n<\/style>\n  <\/div>\n\n\n<div class=\"row align-center\"  id=\"row-1712282755\">\n\n\n\t<div id=\"col-384825575\" class=\"col small-12 large-12\"  >\n\t\t\t\t<div class=\"col-inner\"  >\n\t\t\t\n\t\t\t\n\n<h1 class=\"uppercase\" style=\"text-align: center;\">WHITE HORSE IST EINE KLASSISCHE SCHWEDISCHE MARKE UND BIETET HAARCREME, PARF\u00dcM UND AFTERSHAVE F\u00dcR M\u00c4NNER<\/h1>\n<h2 class=\"thin-font\" style=\"text-align: center;\"><strong>MADE BY SWEDEN<\/strong><\/h2>\n\n\t\t<\/div>\n\t\t\t\t\t<\/div>\n\n\t\n\n<\/div>\n\n\t\t<\/div>\n\n\t\t\n<style>\n#section_341316151 {\n  padding-top: 0px;\n  padding-bottom: 0px;\n}\n<\/style>\n\t<\/section>\n\t\n<div class=\"row\"  id=\"row-822412662\">\n\n\n\t<div id=\"col-1410026272\" class=\"col medium-12 small-12 large-4\"  >\n\t\t\t\t<div class=\"col-inner\"  >\n\t\t\t\n\t\t\t\n\n\n  <div class=\"banner has-hover\" id=\"banner-1006657429\">\n          <div class=\"banner-inner fill\">\n        <div class=\"banner-bg fill\" >\n            <img loading=\"lazy\" decoding=\"async\" width=\"600\" height=\"480\" src=\"https:\/\/whitehorseperfume.com\/wp-content\/uploads\/2022\/02\/White-Horse-Webshop.jpeg\" class=\"bg attachment-large size-large\" alt=\"\" \/>                                    \n                    <\/div>\n\t\t\n        <div class=\"banner-layers container\">\n            <a class=\"fill\" href=\"https:\/\/whitehorseperfume.com\/de\/shop\/\" ><div class=\"fill banner-link\"><\/div><\/a>            \n\n   <div id=\"text-box-624893502\" class=\"text-box banner-layer x50 md-x50 lg-x50 y95 md-y95 lg-y95 res-text\">\n                                <div class=\"text-box-content text dark\">\n              \n              <div class=\"text-inner text-center\">\n                  \n\n<h3 class=\"uppercase\"><a href=\"\/de\/shop\/\"><strong>Shop<\/strong><\/a><\/h3>\n\n              <\/div>\n           <\/div>\n                            \n<style>\n#text-box-624893502 .text-box-content {\n  background-color: rgb(165, 18, 37);\n  font-size: 100%;\n}\n#text-box-624893502 .text-inner {\n  padding: 20px 0px 20px 0px;\n}\n#text-box-624893502 {\n  width: 60%;\n}\n<\/style>\n    <\/div>\n \n\n        <\/div>\n      <\/div>\n\n            \n<style>\n#banner-1006657429 {\n  padding-top: 99.99%;\n}\n#banner-1006657429 .banner-bg img {\n  object-position: 58% 44%;\n}\n@media (min-width:850px) {\n  #banner-1006657429 {\n    padding-top: 375px;\n  }\n}\n<\/style>\n  <\/div>\n\n\n\n\t\t<\/div>\n\t\t\t\t\t<\/div>\n\n\t\n\n\t<div id=\"col-569513355\" class=\"col medium-6 small-12 large-4\"  >\n\t\t\t\t<div class=\"col-inner\"  >\n\t\t\t\n\t\t\t\n\n\n  <div class=\"banner has-hover\" id=\"banner-1794345868\">\n          <div class=\"banner-inner fill\">\n        <div class=\"banner-bg fill\" >\n            <img loading=\"lazy\" decoding=\"async\" width=\"800\" height=\"800\" src=\"https:\/\/whitehorseperfume.com\/wp-content\/uploads\/2018\/06\/White-Horse-Control-Cream-2pack-1-800x800.jpg\" class=\"bg attachment-large size-large\" alt=\"White Horse - H\u00e5rv\u00e5rd\" \/>                                    \n                    <\/div>\n\t\t\n        <div class=\"banner-layers container\">\n            <a class=\"fill\" href=\"https:\/\/whitehorseperfume.com\/de\/produkt\/white-horse-hair-control-cream-de\/\" ><div class=\"fill banner-link\"><\/div><\/a>            \n\n   <div id=\"text-box-629329033\" class=\"text-box banner-layer x50 md-x50 lg-x50 y95 md-y95 lg-y95 res-text\">\n                                <div class=\"text-box-content text dark\">\n              \n              <div class=\"text-inner text-center\">\n                  \n\n<h3 class=\"uppercase\"><a href=\"https:\/\/whitehorseperfume.com\/de\/produkt\/white-horse-hair-control-cream-de\/\"><strong>29,90 EUR<\/strong><\/a><\/h3>\n\n              <\/div>\n           <\/div>\n                            \n<style>\n#text-box-629329033 .text-box-content {\n  background-color: rgb(165, 18, 37);\n  font-size: 100%;\n}\n#text-box-629329033 .text-inner {\n  padding: 20px 0px 20px 0px;\n}\n#text-box-629329033 {\n  width: 60%;\n}\n<\/style>\n    <\/div>\n \n   <div id=\"text-box-240902645\" class=\"text-box banner-layer text-box-circle x5 md-x5 lg-x5 y5 md-y5 lg-y5 res-text\">\n                                <div class=\"text-box-content text dark\">\n              \n              <div class=\"text-inner text-center\">\n                  \n\n<p class=\"uppercase\"><strong>Angebot!<\/strong><\/p>\n\n              <\/div>\n           <\/div>\n                            \n<style>\n#text-box-240902645 .text-box-content {\n  background-color: rgba(165, 18, 37, 0.98);\n  font-size: 100%;\n}\n#text-box-240902645 {\n  width: 23%;\n}\n<\/style>\n    <\/div>\n \n\n        <\/div>\n      <\/div>\n\n            \n<style>\n#banner-1794345868 {\n  padding-top: 99.99%;\n}\n#banner-1794345868 .banner-bg img {\n  object-position: 50% 50%;\n}\n@media (min-width:850px) {\n  #banner-1794345868 {\n    padding-top: 375px;\n  }\n}\n<\/style>\n  <\/div>\n\n\n\n\t\t<\/div>\n\t\t\t\t\t<\/div>\n\n\t\n\n\t<div id=\"col-928224886\" class=\"col medium-6 small-12 large-4\"  >\n\t\t\t\t<div class=\"col-inner\"  >\n\t\t\t\n\t\t\t\n\n\n  <div class=\"banner has-hover\" id=\"banner-721897434\">\n          <div class=\"banner-inner fill\">\n        <div class=\"banner-bg fill\" >\n            <img loading=\"lazy\" decoding=\"async\" width=\"1020\" height=\"682\" src=\"https:\/\/whitehorseperfume.com\/wp-content\/uploads\/2020\/10\/Presentation1201-1196x800.jpg\" class=\"bg attachment-large size-large\" alt=\"Vita h\u00e4sten\" \/>                                    \n                    <\/div>\n\t\t\n        <div class=\"banner-layers container\">\n            <a class=\"fill\" href=\"https:\/\/whitehorseperfume.com\/kampanj\/\" ><div class=\"fill banner-link\"><\/div><\/a>            \n\n   <div id=\"text-box-2000807504\" class=\"text-box banner-layer x50 md-x50 lg-x50 y95 md-y95 lg-y95 res-text\">\n                                <div class=\"text-box-content text dark\">\n              \n              <div class=\"text-inner text-center\">\n                  \n\n<h3 class=\"uppercase\"><a href=\"\/?page_id=227\"><strong>Presse<\/strong><\/a><\/h3>\n\n              <\/div>\n           <\/div>\n                            \n<style>\n#text-box-2000807504 .text-box-content {\n  background-color: rgb(165, 18, 37);\n  font-size: 100%;\n}\n#text-box-2000807504 .text-inner {\n  padding: 20px 0px 20px 0px;\n}\n#text-box-2000807504 {\n  width: 60%;\n}\n<\/style>\n    <\/div>\n \n\n        <\/div>\n      <\/div>\n\n            \n<style>\n#banner-721897434 {\n  padding-top: 99.99%;\n}\n@media (min-width:850px) {\n  #banner-721897434 {\n    padding-top: 375px;\n  }\n}\n<\/style>\n  <\/div>\n\n\n\n\t\t<\/div>\n\t\t\t\t\t<\/div>\n\n\t\n\n<\/div>\n\n\n\t<section class=\"section\" id=\"section_1136617169\">\n\t\t<div class=\"section-bg fill\" >\n\t\t\t\t\t\t\t\t\t\n\t\t\t\n\n\t\t<\/div>\n\n\t\t\n\n\t\t<div class=\"section-content relative\">\n\t\t\t\n\n<div class=\"row row-collapse\"  id=\"row-752534910\">\n\n\n\t<div id=\"col-2012697217\" class=\"col small-12 large-12\"  >\n\t\t\t\t<div class=\"col-inner\"  >\n\t\t\t\n\t\t\t\n\n<h2 class=\"uppercase\" style=\"font-size: 23.04px; text-align: center;\"><span style=\"font-size: 23.04px;\">White horse<\/span><\/h2>\n<p style=\"text-align: center;\">&nbsp;<\/p>\n<p class=\"thin-font\" style=\"text-align: left;\">White Horse bietet Haarcreme, Parf\u00fcm und After-Shave f\u00fcr M\u00e4nner an. Die Marke hat eine lange Geschichte und einen fast ikonischen Stempel in Pflegeprodukten f\u00fcr M\u00e4nner. White Horse eignet sich f\u00fcr Sie, wenn Sie nach einer wirklich klassischen Parf\u00fcmflasche mit Eau de Toilette suchen, die in Eichenf\u00e4ssern gelagert wird. Dies verleiht dem Parf\u00fcm seinen klassischen Duft und seine hohe Qualit\u00e4t. Der Duft h\u00e4lt lange an und kann sowohl als Rasierwasser als auch als Parf\u00fcm verwendet werden. Das Sortiment umfasst auch White Horse Hair Control Cream mit einem sehr milden Duft. White Horse Hair Control Cream sorgt f\u00fcr einen reinen Look, der lange anh\u00e4lt, ohne auszutrocknen oder Ihr Haar auszubreiten. White Horse Hair Control Cream ist die klassische Art, das Haar zu stylen und passt gut zu anderen Produkten im Sortiment.<\/p>\n<p class=\"thin-font\" style=\"text-align: left;\">Wenn Sie nach einem reinen Produkt suchen, das Ihre Haut nach der Rasur n\u00e4hrt, und das auch den klassischen White Horse-Duft hat, sollten Sie sich f\u00fcr White Horse After Shave-Lotion entscheiden, deren Duft milder ist als der Eau de Toilette, jedoch dieselbe Qualit\u00e4t und Duftintensit\u00e4t aufweist. Wenn Sie eine sch\u00f6ne Rasur mit einer frischen Rasur beenden, k\u00f6nnen Sie sich frisch und sicher f\u00fchlen und wissen, dass Sie den Rest des Tages nutzen k\u00f6nnen.<\/p>\n<h2 class=\"uppercase\" style=\"text-align: center;\">Klassische Marke<\/h2>\n<p>White Horse ist eine klassische schwedische Marke aus den 1960er Jahren. White Horse war lange Zeit die wichtigste Marke f\u00fcr M\u00e4nner und deren Pflege und Aussehen. Dann wurden alle Produkte in Stockholm hergestellt und der Eau de Toiletten hat seinen einzigartigen Duft durch die Lagerung in Eichenf\u00e4ssern erhalten. Der klassische Duft l\u00e4sst sich auch aus dem in den Produkten enthaltenen Rosen\u00f6l ableiten.<\/p>\n<p>Die Produkten wurden schon immer f\u00fcr ihre hohe Qualit\u00e4t und ihren klassischen Duft gesch\u00e4tzt und werden heute in Link\u00f6ping in Schweden in Link\u00f6pings Tekniska Fabrik hergestellt. Die Produkten haben die gleiche hohe Qualit\u00e4t mit Fokus auf Zutaten und Wohlbefinden. White Horse ist die Marke f\u00fcr diejenigen, die sich gerne um sich und Ihren K\u00f6rper k\u00fcmmern und hochwertige Produkte mit klassischem Duft sch\u00e4tzen. Im White Horse-Sortiment finden Sie sowohl Parf\u00fcm, Eau de Toilette als auch Hair Control Cream, damit Sie sich den ganzen Tag frisch f\u00fchlen. Verw\u00f6hnen Sie sich mit den hochwertigen Produkten von White Horse.<\/p>\n\n\t\t<\/div>\n\t\t\t\t\t<\/div>\n\n\t\n\n\t<div id=\"col-1808334437\" class=\"col small-12 large-12\"  >\n\t\t\t\t<div class=\"col-inner text-center\"  >\n\t\t\t\n\t\t\t\n\n\t<div class=\"img has-hover x md-x lg-x y md-y lg-y\" id=\"image_1930880893\">\n\t\t\t\t\t\t\t\t<div class=\"img-inner dark\" >\n\t\t\t<img loading=\"lazy\" decoding=\"async\" width=\"1020\" height=\"106\" src=\"https:\/\/whitehorseperfume.com\/wp-content\/uploads\/2018\/06\/payments-1400x146.png\" class=\"attachment-large size-large\" alt=\"Klarna, Paypal, Postnord logos\" srcset=\"https:\/\/whitehorseperfume.com\/wp-content\/uploads\/2018\/06\/payments-1400x146.png 1400w, https:\/\/whitehorseperfume.com\/wp-content\/uploads\/2018\/06\/payments-800x83.png 800w, https:\/\/whitehorseperfume.com\/wp-content\/uploads\/2018\/06\/payments-768x80.png 768w, https:\/\/whitehorseperfume.com\/wp-content\/uploads\/2018\/06\/payments-510x53.png 510w, https:\/\/whitehorseperfume.com\/wp-content\/uploads\/2018\/06\/payments.png 1528w\" sizes=\"auto, (max-width: 1020px) 100vw, 1020px\" \/>\t\t\t\t\t\t\n\t\t\t\t\t<\/div>\n\t\t\t\t\t\t\t\t\n<style>\n#image_1930880893 {\n  width: 46%;\n}\n<\/style>\n\t<\/div>\n\t\n\n\t<div class=\"img has-hover x md-x lg-x y md-y lg-y\" id=\"image_1743086329\">\n\t\t\t\t\t\t\t\t<div class=\"img-inner dark\" >\n\t\t\t<img loading=\"lazy\" decoding=\"async\" width=\"1020\" height=\"195\" src=\"https:\/\/whitehorseperfume.com\/wp-content\/uploads\/2023\/02\/INT-We-support-Team@2x-1400x268.png\" class=\"attachment-large size-large\" alt=\"We support children with critical illnes\" srcset=\"https:\/\/whitehorseperfume.com\/wp-content\/uploads\/2023\/02\/INT-We-support-Team@2x-1400x268.png 1400w, https:\/\/whitehorseperfume.com\/wp-content\/uploads\/2023\/02\/INT-We-support-Team@2x-800x153.png 800w, https:\/\/whitehorseperfume.com\/wp-content\/uploads\/2023\/02\/INT-We-support-Team@2x-768x147.png 768w, https:\/\/whitehorseperfume.com\/wp-content\/uploads\/2023\/02\/INT-We-support-Team@2x-510x98.png 510w, https:\/\/whitehorseperfume.com\/wp-content\/uploads\/2023\/02\/INT-We-support-Team@2x.png 1472w\" sizes=\"auto, (max-width: 1020px) 100vw, 1020px\" \/>\t\t\t\t\t\t\n\t\t\t\t\t<\/div>\n\t\t\t\t\t\t\t\t\n<style>\n#image_1743086329 {\n  width: 100%;\n}\n<\/style>\n\t<\/div>\n\t\n\n\n\t\t<\/div>\n\t\t\t\t\t<\/div>\n\n\t\n\n<\/div>\n\n\t\t<\/div>\n\n\t\t\n<style>\n#section_1136617169 {\n  padding-top: 20px;\n  padding-bottom: 20px;\n  background-color: rgb(255, 255, 255);\n}\n<\/style>\n\t<\/section>\n\t\n","protected":false},"excerpt":{"rendered":"","protected":false},"author":2,"featured_media":0,"parent":0,"menu_order":0,"comment_status":"closed","ping_status":"closed","template":"page-blank.php","meta":{"footnotes":""},"class_list":["post-870","page","type-page","status-publish","hentry"],"_links":{"self":[{"href":"https:\/\/whitehorseperfume.com\/de\/wp-json\/wp\/v2\/pages\/870","targetHints":{"allow":["GET"]}}],"collection":[{"href":"https:\/\/whitehorseperfume.com\/de\/wp-json\/wp\/v2\/pages"}],"about":[{"href":"https:\/\/whitehorseperfume.com\/de\/wp-json\/wp\/v2\/types\/page"}],"author":[{"embeddable":true,"href":"https:\/\/whitehorseperfume.com\/de\/wp-json\/wp\/v2\/users\/2"}],"replies":[{"embeddable":true,"href":"https:\/\/whitehorseperfume.com\/de\/wp-json\/wp\/v2\/comments?post=870"}],"version-history":[{"count":5,"href":"https:\/\/whitehorseperfume.com\/de\/wp-json\/wp\/v2\/pages\/870\/revisions"}],"predecessor-version":[{"id":2411,"href":"https:\/\/whitehorseperfume.com\/de\/wp-json\/wp\/v2\/pages\/870\/revisions\/2411"}],"wp:attachment":[{"href":"https:\/\/whitehorseperfume.com\/de\/wp-json\/wp\/v2\/media?parent=870"}],"curies":[{"name":"wp","href":"https:\/\/api.w.org\/{rel}","templated":true}]}}