{"id":615,"date":"2018-06-03T18:05:02","date_gmt":"2018-06-03T18:05:02","guid":{"rendered":"https:\/\/whitehorseperfume.com\/product\/presentkartong-white-horse-harcream-white-horse-after-shave\/"},"modified":"2024-10-01T05:20:23","modified_gmt":"2024-10-01T03:20:23","slug":"gaveaeske-white-horse-harcreme-white-horse-after-shave-lotion-100-ml","status":"publish","type":"product","link":"https:\/\/whitehorseperfume.com\/da\/vare\/gaveaeske-white-horse-harcreme-white-horse-after-shave-lotion-100-ml\/","title":{"rendered":"Gave\u00e6ske \u2013 White Horse  H\u00e5rcreme + White Horse After Shave Lotion 100 ml"},"content":{"rendered":"","protected":false},"excerpt":{"rendered":"<p>White Horse gaves\u00e6t er en elegant og flot gave\u00e6ske, der passer godt at give en ven, din mand eller din k\u00e6reste.<\/p>\n","protected":false},"featured_media":3332,"comment_status":"open","ping_status":"closed","template":"","meta":[],"product_brand":[],"product_cat":[44],"product_tag":[],"class_list":{"0":"post-615","1":"product","2":"type-product","3":"status-publish","4":"has-post-thumbnail","6":"product_cat-white-horse-perfume-da","7":"product_shipping_class-presentkartang-da","9":"first","10":"instock","11":"taxable","12":"shipping-taxable","13":"purchasable","14":"product-type-simple"},"_links":{"self":[{"href":"https:\/\/whitehorseperfume.com\/da\/wp-json\/wp\/v2\/product\/615","targetHints":{"allow":["GET"]}}],"collection":[{"href":"https:\/\/whitehorseperfume.com\/da\/wp-json\/wp\/v2\/product"}],"about":[{"href":"https:\/\/whitehorseperfume.com\/da\/wp-json\/wp\/v2\/types\/product"}],"replies":[{"embeddable":true,"href":"https:\/\/whitehorseperfume.com\/da\/wp-json\/wp\/v2\/comments?post=615"}],"wp:featuredmedia":[{"embeddable":true,"href":"https:\/\/whitehorseperfume.com\/da\/wp-json\/wp\/v2\/media\/3332"}],"wp:attachment":[{"href":"https:\/\/whitehorseperfume.com\/da\/wp-json\/wp\/v2\/media?parent=615"}],"wp:term":[{"taxonomy":"product_brand","embeddable":true,"href":"https:\/\/whitehorseperfume.com\/da\/wp-json\/wp\/v2\/product_brand?post=615"},{"taxonomy":"product_cat","embeddable":true,"href":"https:\/\/whitehorseperfume.com\/da\/wp-json\/wp\/v2\/product_cat?post=615"},{"taxonomy":"product_tag","embeddable":true,"href":"https:\/\/whitehorseperfume.com\/da\/wp-json\/wp\/v2\/product_tag?post=615"}],"curies":[{"name":"wp","href":"https:\/\/api.w.org\/{rel}","templated":true}]}}