{"id":567,"date":"2018-06-03T20:45:40","date_gmt":"2018-06-03T20:45:40","guid":{"rendered":"https:\/\/whitehorseperfume.com\/product\/white-horse-eau-de-toilette-100ml-fl-pump\/"},"modified":"2023-09-13T09:47:28","modified_gmt":"2023-09-13T07:47:28","slug":"white-horse-eau-de-toilette-100ml-fl-pump","status":"publish","type":"product","link":"https:\/\/whitehorseperfume.com\/da\/vare\/white-horse-eau-de-toilette-100ml-fl-pump\/","title":{"rendered":"White Horse Eau de Toilette 100ml Fl.pump"},"content":{"rendered":"","protected":false},"excerpt":{"rendered":"<h2>Parfume for m\u00e6nd &#8211; Eau de toilette<\/h2>\n<p>White Horse Eau de Toilette er m\u00e6nds duft som er en anelse sterkere end den klassiske duft fra White Horse After Shave Lotion. Det er roseolje som danner basen i White Horse parfume og det er nettop rosenolien som er en del af de grundl\u00e6ggende bestanddele . Parfumen er lagret p\u00e5 egetr\u00e6sfad, noget der giver en karakteristisk herrdoft og som har holdt seg popul\u00e6r i flere \u00e5rtier. White Horse klassiske herreduft g\u00f8r at du f\u00f8ler dig godt hele dagen.<br \/>\nWhite Horse Eau de Toilette kan med fordel bruges som barbersprit men ogs\u00e5<br \/>\nover hele din krop om \u00f8nskelig. Du kommer til \u00e5 sette pris p\u00e5 b\u00e5de den klassiske duft og<br \/>\nproduktets h\u00f8ye kvalitet, som virkelig stikker ud i m\u00e6ngden. White Horse Eau de<br \/>\nToilette er parfumen for dig som leder efter en maskulin duft som er frisk og moderne.<\/p>\n","protected":false},"featured_media":1548,"comment_status":"open","ping_status":"closed","template":"","meta":[],"product_brand":[],"product_cat":[44],"product_tag":[],"class_list":{"0":"post-567","1":"product","2":"type-product","3":"status-publish","4":"has-post-thumbnail","6":"product_cat-white-horse-perfume-da","8":"first","9":"instock","10":"taxable","11":"shipping-taxable","12":"purchasable","13":"product-type-simple"},"_links":{"self":[{"href":"https:\/\/whitehorseperfume.com\/da\/wp-json\/wp\/v2\/product\/567","targetHints":{"allow":["GET"]}}],"collection":[{"href":"https:\/\/whitehorseperfume.com\/da\/wp-json\/wp\/v2\/product"}],"about":[{"href":"https:\/\/whitehorseperfume.com\/da\/wp-json\/wp\/v2\/types\/product"}],"replies":[{"embeddable":true,"href":"https:\/\/whitehorseperfume.com\/da\/wp-json\/wp\/v2\/comments?post=567"}],"wp:featuredmedia":[{"embeddable":true,"href":"https:\/\/whitehorseperfume.com\/da\/wp-json\/wp\/v2\/media\/1548"}],"wp:attachment":[{"href":"https:\/\/whitehorseperfume.com\/da\/wp-json\/wp\/v2\/media?parent=567"}],"wp:term":[{"taxonomy":"product_brand","embeddable":true,"href":"https:\/\/whitehorseperfume.com\/da\/wp-json\/wp\/v2\/product_brand?post=567"},{"taxonomy":"product_cat","embeddable":true,"href":"https:\/\/whitehorseperfume.com\/da\/wp-json\/wp\/v2\/product_cat?post=567"},{"taxonomy":"product_tag","embeddable":true,"href":"https:\/\/whitehorseperfume.com\/da\/wp-json\/wp\/v2\/product_tag?post=567"}],"curies":[{"name":"wp","href":"https:\/\/api.w.org\/{rel}","templated":true}]}}