{"id":565,"date":"2018-06-03T20:48:29","date_gmt":"2018-06-03T20:48:29","guid":{"rendered":"https:\/\/whitehorseperfume.com\/product\/white-horse-after-shave-lotion-100ml-fl\/"},"modified":"2026-05-09T00:03:02","modified_gmt":"2026-05-08T22:03:02","slug":"white-horse-after-shave-lotion-100ml-fl","status":"publish","type":"product","link":"https:\/\/whitehorseperfume.com\/da\/vare\/white-horse-after-shave-lotion-100ml-fl\/","title":{"rendered":"White Horse After Shave Lotion 100ml Fl"},"content":{"rendered":"","protected":false},"excerpt":{"rendered":"<h2>Barbersprit for m\u00e6nd<\/h2>\n<p>White Horse After Shave Lotion har en klassisk og velkent maskulin herreduft. Afslut barberingen med en duftende og forfriskende f\u00f8lelse, der forblir p\u00e5 hele dagen. Brug White Horse After Shave Lotion efter barberingen og f\u00f8l en herlig friskhed og en behagelig ru-hed. White Horse After Shave er et dejligt barbervand med snerpende, sammentr\u00e6kkende effekt, som inneb\u00e6rer at den alkaliske virkning p\u00e5 huden som for\u00e5rsages af s\u00e6ben, neutraliseres saa at huden genvinder sit riktige PH-v\u00e6rdi og igen f\u00f8les frisk og komfortabel.<br \/>\nBrug White Horse After Shave Lotion for at afslute barberingen med en velduftende og oppfriskende f\u00f8lelse, som varer hele dagen. Ingen barbering er komplett uden et afslutende efterbarberingsvand for \u00e5 sette prikken over i&#8217;et og virkelig f\u00e5 den nybarberte f\u00f8lelsen til \u00e5 forbli lenge. Duften p\u00e5 denne after shave-lotion baserer seg p\u00e5 den popul\u00e6re originalopskriften fra 50-tallet, med bl.a. ekte rosenolie som base. Duften er en riktig klassiker bland produkter for m\u00e6nd, og har i lang tid blevet verdsatt og elsket for b\u00e5de sin friske virkning og sin h\u00f8ye kvalitet. Du kommer straks til \u00e5 merke duftens kvalitet fordi dette er et efterbarbervand hvis herreduft varer betydelig l\u00e6ngre end mange andre lignende produkter.<\/p>\n","protected":false},"featured_media":1542,"comment_status":"open","ping_status":"closed","template":"","meta":[],"product_brand":[],"product_cat":[44],"product_tag":[],"class_list":{"0":"post-565","1":"product","2":"type-product","3":"status-publish","4":"has-post-thumbnail","6":"product_cat-white-horse-perfume-da","8":"first","9":"instock","10":"taxable","11":"shipping-taxable","12":"purchasable","13":"product-type-simple"},"_links":{"self":[{"href":"https:\/\/whitehorseperfume.com\/da\/wp-json\/wp\/v2\/product\/565","targetHints":{"allow":["GET"]}}],"collection":[{"href":"https:\/\/whitehorseperfume.com\/da\/wp-json\/wp\/v2\/product"}],"about":[{"href":"https:\/\/whitehorseperfume.com\/da\/wp-json\/wp\/v2\/types\/product"}],"replies":[{"embeddable":true,"href":"https:\/\/whitehorseperfume.com\/da\/wp-json\/wp\/v2\/comments?post=565"}],"wp:featuredmedia":[{"embeddable":true,"href":"https:\/\/whitehorseperfume.com\/da\/wp-json\/wp\/v2\/media\/1542"}],"wp:attachment":[{"href":"https:\/\/whitehorseperfume.com\/da\/wp-json\/wp\/v2\/media?parent=565"}],"wp:term":[{"taxonomy":"product_brand","embeddable":true,"href":"https:\/\/whitehorseperfume.com\/da\/wp-json\/wp\/v2\/product_brand?post=565"},{"taxonomy":"product_cat","embeddable":true,"href":"https:\/\/whitehorseperfume.com\/da\/wp-json\/wp\/v2\/product_cat?post=565"},{"taxonomy":"product_tag","embeddable":true,"href":"https:\/\/whitehorseperfume.com\/da\/wp-json\/wp\/v2\/product_tag?post=565"}],"curies":[{"name":"wp","href":"https:\/\/api.w.org\/{rel}","templated":true}]}}