{"id":559,"date":"2018-06-29T09:05:09","date_gmt":"2018-06-29T09:05:09","guid":{"rendered":"https:\/\/whitehorseperfume.com\/product\/white-horse-hair-control-cream\/"},"modified":"2026-04-29T05:37:00","modified_gmt":"2026-04-29T03:37:00","slug":"white-horse-hair-control-cream","status":"publish","type":"product","link":"https:\/\/whitehorseperfume.com\/da\/vare\/white-horse-hair-control-cream\/","title":{"rendered":"White Horse Hair Control Cream"},"content":{"rendered":"","protected":false},"excerpt":{"rendered":"<h2>H\u00e5rcreme for m\u00e6nd<\/h2>\n<h3><strong>Glem kl\u00e6brige cremer og stiv voks!\u00a0<\/strong><\/h3>\n<p>White Horse Hair Control Cream &#8211; er et alsidigt produkt, der giver dit h\u00e5r stabilitet og glans mens du f\u00e5r en bl\u00f8d finish. Cremen er meget dr\u00f8j, og et lille klik er nok til at skabe en frisure, der holder hele dagen. Uanset om du vil ha en afslappet og naturlig finish, en klassisk herrefrisyre eller et 50\u00b4ers-inspireret look, giver h\u00e5rcremen dig de optimale forhold.<\/p>\n<p>Du kan bruge cremen i b\u00e5de v\u00e5dt og t\u00f8rt h\u00e5r. Tag et lille klik i din h\u00e5ndflade, gnid dine h\u00e6nder mod hinanden og p\u00e5f\u00f8r h\u00e5ret for at bagefter forme den frisure du \u00f8nsker. Cremen har en frisk og meget mild duft, der ikke forstyrrer andre dufte fra for eksempel barbersprit.<\/p>\n<p>White Horse h\u00e5rcreme produceres i Sverige &#8211; og er originalet fra 50\u00b4erne, et ikonisk produkt, der sammen med Brylcream dominerede markedet &#8211; med James Dean, jeans og rock n\u00b4roll som rollemodel.<\/p>\n","protected":false},"featured_media":2619,"comment_status":"open","ping_status":"closed","template":"","meta":[],"product_brand":[],"product_cat":[44],"product_tag":[],"class_list":{"0":"post-559","1":"product","2":"type-product","3":"status-publish","4":"has-post-thumbnail","6":"product_cat-white-horse-perfume-da","8":"first","9":"outofstock","10":"taxable","11":"shipping-taxable","12":"purchasable","13":"product-type-simple"},"_links":{"self":[{"href":"https:\/\/whitehorseperfume.com\/da\/wp-json\/wp\/v2\/product\/559","targetHints":{"allow":["GET"]}}],"collection":[{"href":"https:\/\/whitehorseperfume.com\/da\/wp-json\/wp\/v2\/product"}],"about":[{"href":"https:\/\/whitehorseperfume.com\/da\/wp-json\/wp\/v2\/types\/product"}],"replies":[{"embeddable":true,"href":"https:\/\/whitehorseperfume.com\/da\/wp-json\/wp\/v2\/comments?post=559"}],"wp:featuredmedia":[{"embeddable":true,"href":"https:\/\/whitehorseperfume.com\/da\/wp-json\/wp\/v2\/media\/2619"}],"wp:attachment":[{"href":"https:\/\/whitehorseperfume.com\/da\/wp-json\/wp\/v2\/media?parent=559"}],"wp:term":[{"taxonomy":"product_brand","embeddable":true,"href":"https:\/\/whitehorseperfume.com\/da\/wp-json\/wp\/v2\/product_brand?post=559"},{"taxonomy":"product_cat","embeddable":true,"href":"https:\/\/whitehorseperfume.com\/da\/wp-json\/wp\/v2\/product_cat?post=559"},{"taxonomy":"product_tag","embeddable":true,"href":"https:\/\/whitehorseperfume.com\/da\/wp-json\/wp\/v2\/product_tag?post=559"}],"curies":[{"name":"wp","href":"https:\/\/api.w.org\/{rel}","templated":true}]}}