{"id":2016,"date":"2018-06-03T20:41:32","date_gmt":"2018-06-03T20:41:32","guid":{"rendered":"https:\/\/whitehorseperfume.com\/product\/presentkartong-white-horse-harcream-white-horse-eau-de-toilette\/"},"modified":"2023-09-13T09:42:50","modified_gmt":"2023-09-13T07:42:50","slug":"gaveaeske-white-horse-harcreme-white-horse-eau-de-toilette-1","status":"publish","type":"product","link":"https:\/\/whitehorseperfume.com\/da\/vare\/gaveaeske-white-horse-harcreme-white-horse-eau-de-toilette-1\/","title":{"rendered":"Gave\u00e6ske \u2013 White Horse H\u00e5rcreme + White Horse Eau de Toilette"},"content":{"rendered":"<h2>Gave\u00e6ske\u00a0for m\u00e6nd \u2013 Indhold<\/h2>\n<h2>White Horse Eau de Toilette<\/h2>\n<p>En del av hemligheten bakom den klassiska parfymen fr\u00e5n White Horse \u00e4r att den \u00e4n idag lagras p\u00e5 ekfat. Basnoterna i parfymen \u00e4r bland annat cedertr\u00e4 och eterisk olja fr\u00e5n Patchouli. Som en annan del av hemligheten toppas parfymen dessutom av \u00e4kta rosenolja. White Horse Eau de Toilette\u2019s gift set parfym herr kan b\u00e5de anv\u00e4ndas som rakvatten och som parfym, p\u00e5 exempelvis handleder, hals och tinningar. Den karakteristiska och behagliga doften h\u00e5ller i sig l\u00e4nge<\/p>\n<h2>White Horse Hair Control Cream<\/h2>\n<p>Originalet, der aldrig har stoppet med at finde nye brugere som favorit i toilettasken. En dr\u00f8j h\u00e5rcreme som er nem at bruge, uden en kl\u00e6brig eller uregelm\u00e6ssig frisure som resultat. Du styrer h\u00e5rets kr\u00f8ller og stabilitet p\u00e5 frisuren som varer hele dagen. Dessuden gir White Horse h\u00e5rcreme liv i h\u00e5ret uden at det slides, og det dufter mildt af den ikoniske White Horse-parfymen.<\/p>\n<p>V\u00e6r opm\u00e6rksom p\u00e5 at produktet indeholder en White Horse Eau de Toilette, mens det p\u00e5 billedet vises en After Shave Lotion.<\/p>\n","protected":false},"excerpt":{"rendered":"<h2>White Horse Parfume \u2013 Et gaveset med en historie<\/h2>\n<p>Lurer du p\u00e5 at for\u00e6re nogen en elegant parfume? Dette parfume-gaveset indeholder<br \/>\nklassisk parfume for m\u00e6nd. White Horse Eau de Toilette som kan bruges b\u00e5de som<br \/>\nbarbersprit og som parfume, og s\u00e5 den fabelaktige h\u00e5rcremen fra White Horse som giver liv og<br \/>\nstabilitet til frisyren. Alt elegant pakket i en gave\u00e6ske. L\u00e5gets inside prydes af et billede<br \/>\naf engelsk r\u00e6vejagt; som det s\u00e5 ud p\u00e5 Downtown Abbeys tid. Lige hyggeligt at give som at f\u00e5.<br \/>\nV\u00e6lg en gave med en historisk baggrund. Whitehorse er et \u00e6rv\u00e6rdigt m\u00e6rke grundlagt for over 60 \u00e5r siden af Monsieur Jonas \u2013 Sveriges eneste dav\u00e6rende parfum\u00f8r. Idag fremstilles produkterne i Link\u00f6ping, under tilsyn av familien Jonas. De de \u00e6gte White Horse produkterne st\u00e5r h\u00f8jt i kursus hos b\u00e5de b\u00e5de yngre og \u00e6ldre m\u00e6nd, som vil ta vare p\u00e5 sig selv og holde sig proper med stil. Det g\u00f8r dette parfume-gaveset for m\u00e6nd til en fin og omtenksom gave. Fork\u00e6le enhver, der fortjener det med en ikonisk m\u00e6nds serie for grooming!<\/p>\n","protected":false},"featured_media":3259,"comment_status":"open","ping_status":"closed","template":"","meta":[],"product_brand":[],"product_cat":[44],"product_tag":[],"class_list":{"0":"post-2016","1":"product","2":"type-product","3":"status-publish","4":"has-post-thumbnail","6":"product_cat-white-horse-perfume-da","7":"product_shipping_class-presentkartang-da","9":"first","10":"instock","11":"taxable","12":"shipping-taxable","13":"purchasable","14":"product-type-simple"},"_links":{"self":[{"href":"https:\/\/whitehorseperfume.com\/da\/wp-json\/wp\/v2\/product\/2016","targetHints":{"allow":["GET"]}}],"collection":[{"href":"https:\/\/whitehorseperfume.com\/da\/wp-json\/wp\/v2\/product"}],"about":[{"href":"https:\/\/whitehorseperfume.com\/da\/wp-json\/wp\/v2\/types\/product"}],"replies":[{"embeddable":true,"href":"https:\/\/whitehorseperfume.com\/da\/wp-json\/wp\/v2\/comments?post=2016"}],"wp:featuredmedia":[{"embeddable":true,"href":"https:\/\/whitehorseperfume.com\/da\/wp-json\/wp\/v2\/media\/3259"}],"wp:attachment":[{"href":"https:\/\/whitehorseperfume.com\/da\/wp-json\/wp\/v2\/media?parent=2016"}],"wp:term":[{"taxonomy":"product_brand","embeddable":true,"href":"https:\/\/whitehorseperfume.com\/da\/wp-json\/wp\/v2\/product_brand?post=2016"},{"taxonomy":"product_cat","embeddable":true,"href":"https:\/\/whitehorseperfume.com\/da\/wp-json\/wp\/v2\/product_cat?post=2016"},{"taxonomy":"product_tag","embeddable":true,"href":"https:\/\/whitehorseperfume.com\/da\/wp-json\/wp\/v2\/product_tag?post=2016"}],"curies":[{"name":"wp","href":"https:\/\/api.w.org\/{rel}","templated":true}]}}