{"id":587,"date":"2018-07-28T09:34:29","date_gmt":"2018-07-28T09:34:29","guid":{"rendered":"https:\/\/whitehorseperfume.com\/?page_id=587"},"modified":"2025-02-21T15:42:20","modified_gmt":"2025-02-21T13:42:20","slug":"koebe-betingelser","status":"publish","type":"page","link":"https:\/\/whitehorseperfume.com\/da\/koebe-betingelser\/","title":{"rendered":"K\u00d8BE BETINGELSER"},"content":{"rendered":"\n<div class=\"row\"  id=\"row-1501634940\">\n\n\n\t<div id=\"col-1913877126\" class=\"col small-12 large-12\"  >\n\t\t\t\t<div class=\"col-inner\"  >\n\t\t\t\n\t\t\t\n\n<h1>K\u00f8be betingelser<\/h1>\n<p><strong>Generelt<\/strong><br \/>Denne web-butik drives af White Horse Products, SE 182 38 Danderyd Sverige med virksomhedsno. 556272-5704. Ved<br \/>bestillinger i web-butiken indg\u00e5r kunden en aftale med firmaet og godkender k\u00f8bebetingelserne i sin helhed som de er angivet nedenfor. Retur af u\u00e5bnet vare inden for 14 dage er gaeldende&nbsp; i henhold til lovgivningen for e-handel.<\/p>\n<p><strong>Ordrebekr\u00e6ftelse<\/strong><br \/>For godkendte ordrer modtager kunden en e-mail-melding, der g\u00e6lder som ordrebekr\u00e6ftelse<\/p>\n<p><strong>Priser<\/strong><br \/>Alle priser er i Danske kroner (Dkk) og er inklusive svensk moms.<\/p>\n<p><strong>Betaling<\/strong><br \/>Vi benytter tjenesten Paypal og Klarna Checkout. Det betyder at vi samarbejder med Klarna og tilbyder f\u00f8lgende betalings alternativ:<\/p>\n<p>\u2022 Fakturabetaling<br \/>\u2022 Delbetaling<br \/>\u2022 Betaling med kontokort<br \/>\u2022 Direktebetaling via bank<\/p>\n<p>Vi benytter tjenesten Paypal eller Klarna Checkout.<\/p>\n<p>Med Klarna tilbyder vi f\u00f8lgende betalingsalternativ:<\/p>\n<p><a href=\"https:\/\/cdn.klarna.com\/1.0\/shared\/content\/legal\/terms\/Klarna\/en_gb\/checkout\" target=\"_blank\" rel=\"noopener\">https:\/\/cdn.klarna.com\/1.0\/shared\/content\/legal\/terms\/Klarna\/en_gb\/checkout<\/a><\/p>\n<p><strong>Levering og fragt<\/strong><br \/>Fragten I Danmark er 39 Dkk for alle produkter og for White Horse gaves\u00e6t 80 Dkk.<br \/>Ved bestilinger f\u00f8r kl.15.00 leveres varene normalt samme dag . For visse typer af<br \/>varer kan leveringstiden bli l\u00e6ngere. Vi reserverer oss for vanskeligheder i postgangen som er udenfor vores kontrol.<\/p>\n<p>Kundservice: <a href=\"mailto:info@whitehorseperfume.com\">info@whitehorseperfume.com<\/a><\/p>\n\n\t\t<\/div>\n\t\t\t\t\t<\/div>\n\n\t\n\n<\/div>\n","protected":false},"excerpt":{"rendered":"","protected":false},"author":2,"featured_media":0,"parent":0,"menu_order":50,"comment_status":"closed","ping_status":"closed","template":"page-blank.php","meta":{"footnotes":""},"class_list":["post-587","page","type-page","status-publish","hentry"],"_links":{"self":[{"href":"https:\/\/whitehorseperfume.com\/da\/wp-json\/wp\/v2\/pages\/587","targetHints":{"allow":["GET"]}}],"collection":[{"href":"https:\/\/whitehorseperfume.com\/da\/wp-json\/wp\/v2\/pages"}],"about":[{"href":"https:\/\/whitehorseperfume.com\/da\/wp-json\/wp\/v2\/types\/page"}],"author":[{"embeddable":true,"href":"https:\/\/whitehorseperfume.com\/da\/wp-json\/wp\/v2\/users\/2"}],"replies":[{"embeddable":true,"href":"https:\/\/whitehorseperfume.com\/da\/wp-json\/wp\/v2\/comments?post=587"}],"version-history":[{"count":5,"href":"https:\/\/whitehorseperfume.com\/da\/wp-json\/wp\/v2\/pages\/587\/revisions"}],"predecessor-version":[{"id":3068,"href":"https:\/\/whitehorseperfume.com\/da\/wp-json\/wp\/v2\/pages\/587\/revisions\/3068"}],"wp:attachment":[{"href":"https:\/\/whitehorseperfume.com\/da\/wp-json\/wp\/v2\/media?parent=587"}],"curies":[{"name":"wp","href":"https:\/\/api.w.org\/{rel}","templated":true}]}}