{"id":584,"date":"2018-07-28T09:32:38","date_gmt":"2018-07-28T09:32:38","guid":{"rendered":"https:\/\/whitehorseperfume.com\/?page_id=584"},"modified":"2023-09-13T09:01:03","modified_gmt":"2023-09-13T07:01:03","slug":"historie","status":"publish","type":"page","link":"https:\/\/whitehorseperfume.com\/da\/historie\/","title":{"rendered":"Historie"},"content":{"rendered":"\n<div id=\"fws_5ad0891789726\" class=\"wpb_row vc_row-fluid vc_row standard_section \" data-midnight=\"dark\" data-bg-mobile-hidden=\"\">\n<div class=\"col span_12 dark left\">\n<div class=\"vc_col-sm-6 wpb_column column_container vc_column_container col no-extra-padding instance-0\" data-bg-cover=\"\" data-padding-pos=\"all\" data-has-bg-color=\"false\" data-bg-color=\"\" data-bg-opacity=\"1\" data-hover-bg=\"\" data-hover-bg-opacity=\"1\" data-animation=\"\" data-delay=\"0\">\n<div class=\"vc_column-inner\">\n<div class=\"wpb_wrapper\">\n<div class=\"wpb_text_column wpb_content_element \">\n<div class=\"wpb_wrapper\">\n<h1><span style=\"color: #282828;\">Genuin herreserie g\u00f8r comeback<a href=\"https:\/\/whitehorseperfume.com\/wp-content\/uploads\/2018\/06\/fotostart-large.png\"><img loading=\"lazy\" decoding=\"async\" class=\"alignright wp-image-207 size-full\" src=\"https:\/\/whitehorseperfume.com\/wp-content\/uploads\/2018\/06\/fotostart-large.png\" alt=\"Monsieur Jonas, Sveriges eneste parfum\u00f8r p\u00e5 det tidspunkt, skabte White Horse for over 60 \u00e5r siden\" width=\"518\" height=\"326\" srcset=\"https:\/\/whitehorseperfume.com\/wp-content\/uploads\/2018\/06\/fotostart-large.png 518w, https:\/\/whitehorseperfume.com\/wp-content\/uploads\/2018\/06\/fotostart-large-510x321.png 510w\" sizes=\"auto, (max-width: 518px) 100vw, 518px\" \/><\/a><\/span><\/h1>\n<p><span style=\"color: #282828;\">Den kente herreserien med varem\u00e6rket White Horse, blev opprinnelig skapt for over 60 \u00e5r siden af Sveriges eneste dav\u00e6rende parfumeur Monsieur Jonas. Nu har vi igen taget frem opskriften til dette klassiske mandlige herreduft. Nogle parfumeoljer er p.g.a. r\u00e5dende bestemmelser blevet erstattet af syntetiske olier. Dog indg\u00e5r fortsat \u00e6gte rosenolie i White Horse. Inkluderet ogsaa &#8211; noget som er unikt &#8211; White Horse Eau de Toilette er stadig opbevaret p\u00e5 egetr\u00e6dsfad.<\/span><\/p>\n<\/div>\n<\/div>\n<\/div>\n<\/div>\n<\/div>\n<div class=\"vc_col-sm-6 wpb_column column_container vc_column_container col no-extra-padding instance-1\" data-bg-cover=\"\" data-padding-pos=\"all\" data-has-bg-color=\"false\" data-bg-color=\"\" data-bg-opacity=\"1\" data-hover-bg=\"\" data-hover-bg-opacity=\"1\" data-animation=\"\" data-delay=\"0\">\n<div class=\"vc_column-inner\">\n<div class=\"wpb_wrapper\">\n<div class=\"wpb_text_column wpb_content_element \">\n<div class=\"wpb_wrapper\">\u00a0<\/div>\n<\/div>\n<\/div>\n<\/div>\n<\/div>\n<\/div>\n<\/div>\n<div id=\"fws_5ad0891794cbc\" class=\"wpb_row vc_row-fluid vc_row standard_section \" data-midnight=\"dark\" data-bg-mobile-hidden=\"\">\n<div class=\"row-bg-wrap instance-1\">\n<div class=\"row-bg \" data-color_overlay=\"\" data-color_overlay_2=\"\" data-gradient_direction=\"\" data-overlay_strength=\"0.3\" data-enable_gradient=\"false\">\u00a0<\/div>\n<\/div>\n<div class=\"col span_12 dark left\">\n<div class=\"vc_col-sm-12 wpb_column column_container vc_column_container col no-extra-padding instance-2\" data-bg-cover=\"\" data-padding-pos=\"all\" data-has-bg-color=\"false\" data-bg-color=\"\" data-bg-opacity=\"1\" data-hover-bg=\"\" data-hover-bg-opacity=\"1\" data-animation=\"\" data-delay=\"0\">\n<div class=\"vc_column-inner\">\n<div class=\"wpb_wrapper\">\n<div class=\"wpb_text_column wpb_content_element \">\n<div class=\"wpb_wrapper\">\n<div class=\"art-layout-cell layout-item-2\">\n<p><span style=\"color: #282828;\">White Horse er helsvenskt og blev opprinnelig produceret i Parfymeri Segers lokaler p\u00e5 Karlav\u00e4gen i Stockholm. I begynnelsen av 60-erne var White Horse den dominerende serien for m\u00e6nd p\u00e5 det svenske markedet og den eneste komplette med produkter som Hair Cream, After Shave Lotion, El Shave, Hair Creme, Shampo, Deodorant, Barberkrem,<br \/>S\u00e6be, Barbers\u00e6be, Brilliantine og Balsam. Totalt blev der solgt over 16 millioner forpakninger. White Horse Hair Control Creme har hele tiden v\u00e6ret i handeln og nu re-lanseres altsaa After Shave Lotion og Eau de Toilette (EdT).<\/span><\/p>\n<\/div>\n<div class=\"art-layout-cell layout-item-2\">\n<p><span style=\"color: #282828;\">Efter et antal \u00e5r i udlandet har White Horse varemerket bleved taget hjem af J. Nordstr\u00f8ms H. AB. Nu har den hvide hesten atter igen f\u00e5et komme tilbage til sin hjemmestald og er svensk og eies nu af familien Jonas. &#8211; &#8220;Vi er overbevist om at White Horse produkterne har en gunstig platform for en helsvensk herreserie p\u00e5 et ekspansivt marked<br \/>f\u00f8rst og fremest i Norden. M\u00e6nd bruger i stadig st\u00f8rre grad kosmetiske produkter, dessuden ser vi et voksende interesse fra udlandet for svenske kosmetikprodukter&#8221;, siger Leif Jonas, s\u00f8n til produkternes parfum\u00f6r.<\/span><\/p>\n<p><span style=\"color: #282828;\">White Horse er helsvenskt og bliver produseret p\u00e5 LTF (Link\u00f6pings Tekniske Fabrikk) i Link\u00f6ping som er sertifiserte ISO 9001 respektive ISO 13485 (Medicinske produkter), hvilket borger for god kvalitet og for at ivareta milj\u00f8et.<\/span><\/p>\n<\/div>\n<\/div>\n<\/div>\n<\/div>\n<\/div>\n<\/div>\n<\/div>\n<\/div>\n","protected":false},"excerpt":{"rendered":"<p>Genuin herreserie g\u00f8r comeback Den kente herreserien med varem\u00e6rket White Horse, blev opprinnelig skapt for over 60 \u00e5r siden af Sveriges eneste dav\u00e6rende parfumeur Monsieur Jonas. Nu har vi igen taget frem opskriften til dette klassiske mandlige herreduft. Nogle parfumeoljer er p.g.a. r\u00e5dende bestemmelser blevet erstattet af syntetiske olier. Dog indg\u00e5r fortsat \u00e6gte rosenolie i [&#8230;]\n","protected":false},"author":2,"featured_media":0,"parent":0,"menu_order":20,"comment_status":"closed","ping_status":"closed","template":"","meta":{"footnotes":""},"class_list":["post-584","page","type-page","status-publish","hentry"],"_links":{"self":[{"href":"https:\/\/whitehorseperfume.com\/da\/wp-json\/wp\/v2\/pages\/584","targetHints":{"allow":["GET"]}}],"collection":[{"href":"https:\/\/whitehorseperfume.com\/da\/wp-json\/wp\/v2\/pages"}],"about":[{"href":"https:\/\/whitehorseperfume.com\/da\/wp-json\/wp\/v2\/types\/page"}],"author":[{"embeddable":true,"href":"https:\/\/whitehorseperfume.com\/da\/wp-json\/wp\/v2\/users\/2"}],"replies":[{"embeddable":true,"href":"https:\/\/whitehorseperfume.com\/da\/wp-json\/wp\/v2\/comments?post=584"}],"version-history":[{"count":3,"href":"https:\/\/whitehorseperfume.com\/da\/wp-json\/wp\/v2\/pages\/584\/revisions"}],"predecessor-version":[{"id":2710,"href":"https:\/\/whitehorseperfume.com\/da\/wp-json\/wp\/v2\/pages\/584\/revisions\/2710"}],"wp:attachment":[{"href":"https:\/\/whitehorseperfume.com\/da\/wp-json\/wp\/v2\/media?parent=584"}],"curies":[{"name":"wp","href":"https:\/\/api.w.org\/{rel}","templated":true}]}}