{"id":573,"date":"2018-05-28T21:02:26","date_gmt":"2018-05-28T21:02:26","guid":{"rendered":"https:\/\/whitehorseperfume.com\/home\/"},"modified":"2025-01-22T17:38:54","modified_gmt":"2025-01-22T15:38:54","slug":"home","status":"publish","type":"page","link":"https:\/\/whitehorseperfume.com\/da\/","title":{"rendered":"Home"},"content":{"rendered":"\n\n\t<section class=\"section\" id=\"section_1614943217\">\n\t\t<div class=\"section-bg fill\" >\n\t\t\t\t\t\t\t\t\t\n\t\t\t\n\n\t\t<\/div>\n\n\t\t\n\n\t\t<div class=\"section-content relative\">\n\t\t\t\n\n\n  <div class=\"banner has-hover\" id=\"banner-1373906216\">\n          <div class=\"banner-inner fill\">\n        <div class=\"banner-bg fill\" >\n            <img loading=\"lazy\" decoding=\"async\" width=\"1920\" height=\"600\" src=\"https:\/\/whitehorseperfume.com\/wp-content\/uploads\/2018\/05\/White-horse-background.jpg\" class=\"bg attachment-original size-original\" alt=\"\" \/>                        <div class=\"overlay\"><\/div>            \n                    <\/div>\n\t\t\n        <div class=\"banner-layers container\">\n            <div class=\"fill banner-link\"><\/div>            \n\n   <div id=\"text-box-1776423807\" class=\"text-box banner-layer x50 md-x5 lg-x5 y50 md-y70 lg-y70 res-text\">\n                                <div class=\"text-box-content text dark\">\n              \n              <div class=\"text-inner text-left\">\n                  \n\n<div class=\"SloganTitle\">\n<p class=\"h3\">Exclusive products<\/p>\n<p class=\"h3 Sloganright\">for gentlemen<br \/> made by sweden<\/strong><\/p>\n<\/div>\n<p class=\"h4\">Lagret p\u00e5 egetr\u00e6sfad - for unik duft<\/p>\n\n              <\/div>\n           <\/div>\n                            \n<style>\n#text-box-1776423807 {\n  width: 80%;\n}\n#text-box-1776423807 .text-box-content {\n  font-size: 100%;\n}\n@media (min-width:550px) {\n  #text-box-1776423807 {\n    width: 60%;\n  }\n}\n<\/style>\n    <\/div>\n \n\t<div class=\"img has-hover x90 md-x90 lg-x90 y50 md-y50 lg-y50\" id=\"image_834515238\">\n\t\t\t\t\t\t<div data-animate=\"fadeInRight\">\t\t<div class=\"img-inner dark\" >\n\t\t\t\t\t\t\t\t\t\n\t\t\t\t\t<\/div>\n\t\t<\/div>\t\t\t\t\t\t\n<style>\n#image_834515238 {\n  width: 38%;\n}\n<\/style>\n\t<\/div>\n\t\n\n\n        <\/div>\n      <\/div>\n\n            \n<style>\n#banner-1373906216 {\n  padding-top: 400px;\n}\n#banner-1373906216 .overlay {\n  background-color: rgba(0,0,0,.5);\n}\n#banner-1373906216 .banner-bg img {\n  object-position: 38% 38%;\n}\n@media (min-width:550px) {\n  #banner-1373906216 {\n    padding-top: 600px;\n  }\n}\n<\/style>\n  <\/div>\n\n\n<div class=\"row align-center\"  id=\"row-125893832\">\n\n\n\t<div id=\"col-855049362\" class=\"col small-12 large-12\"  >\n\t\t\t\t<div class=\"col-inner\"  >\n\t\t\t\n\t\t\t\n\n<h1 class=\"h2 uppercase\" style=\"text-align: center;\">WHITE HORSE ER ET KLASSISK, SVENSK M\u00c6RKE OG TILBYDER H\u00c5RECREME, PARFUME OG AFTERSHAVE TIL M\u00c6ND<\/h1>\n<h2 class=\"h3 thin-font\" style=\"text-align: center;\"><strong>MADE BY SWEDEN<\/strong><\/h2>\n\n\t\t<\/div>\n\t\t\t\t\t<\/div>\n\n\t\n\n<\/div>\n\n\t\t<\/div>\n\n\t\t\n<style>\n#section_1614943217 {\n  padding-top: 0px;\n  padding-bottom: 0px;\n}\n<\/style>\n\t<\/section>\n\t\n\n\n\t<section class=\"section\" id=\"section_1336804415\">\n\t\t<div class=\"section-bg fill\" >\n\t\t\t\t\t\t\t\t\t\n\t\t\t\n\n\t\t<\/div>\n\n\t\t\n\n\t\t<div class=\"section-content relative\">\n\t\t\t\n\n<div class=\"row row-small\" style=\"max-width:1300px\" id=\"row-433531675\">\n\n\n\t<div id=\"col-2065435809\" class=\"col medium-12 large-4\"  >\n\t\t\t\t<div class=\"col-inner\"  >\n\t\t\t\n\t\t\t\n\n\n  <div class=\"banner has-hover\" id=\"banner-2067124783\">\n          <div class=\"banner-inner fill\">\n        <div class=\"banner-bg fill\" >\n            <img loading=\"lazy\" decoding=\"async\" width=\"600\" height=\"480\" src=\"https:\/\/whitehorseperfume.com\/wp-content\/uploads\/2018\/05\/White-Horse-Webshop.jpg\" class=\"bg attachment-large size-large\" alt=\"\" \/>                                    \n                    <\/div>\n\t\t\n        <div class=\"banner-layers container\">\n            <a class=\"fill\" href=\"https:\/\/whitehorseperfume.com\/da\/produkter\/\" ><div class=\"fill banner-link\"><\/div><\/a>            \n\n   <div id=\"text-box-1045635026\" class=\"text-box banner-layer x50 md-x50 lg-x50 y95 md-y95 lg-y95 res-text\">\n                                <div class=\"text-box-content text dark\">\n              \n              <div class=\"text-inner text-center\">\n                  \n\n<h3 class=\"uppercase\"><a href=\"https:\/\/whitehorseperfume.com\/butik\/\"><strong>WEBSHOP<\/strong><\/a><\/h3>\n\n              <\/div>\n           <\/div>\n                            \n<style>\n#text-box-1045635026 .text-box-content {\n  background-color: rgb(165, 18, 37);\n  font-size: 100%;\n}\n#text-box-1045635026 .text-inner {\n  padding: 20px 0px 20px 0px;\n}\n#text-box-1045635026 {\n  width: 60%;\n}\n<\/style>\n    <\/div>\n \n\n        <\/div>\n      <\/div>\n\n            \n<style>\n#banner-2067124783 {\n  padding-top: 99.99%;\n}\n#banner-2067124783 .banner-bg img {\n  object-position: 58% 44%;\n}\n@media (min-width:850px) {\n  #banner-2067124783 {\n    padding-top: 375px;\n  }\n}\n<\/style>\n  <\/div>\n\n\n\n\t\t<\/div>\n\t\t\t\t\t<\/div>\n\n\t\n\n\t<div id=\"col-1658117331\" class=\"col medium-6 large-4\"  >\n\t\t\t\t<div class=\"col-inner\"  >\n\t\t\t\n\t\t\t\n\n<p style=\"font-size: 14.4px;\"><span style=\"font-size: 14.4px;\"><\/p>\n\n  <div class=\"banner has-hover\" id=\"banner-1703392183\">\n          <div class=\"banner-inner fill\">\n        <div class=\"banner-bg fill\" >\n            <img loading=\"lazy\" decoding=\"async\" width=\"800\" height=\"800\" src=\"https:\/\/whitehorseperfume.com\/wp-content\/uploads\/2018\/05\/White-Horse-Control-Cream-2pack-800x800.jpg\" class=\"bg attachment-large size-large\" alt=\"\" \/>                                    \n                    <\/div>\n\t\t\n        <div class=\"banner-layers container\">\n            <a class=\"fill\" href=\"https:\/\/whitehorseperfume.com\/da\/vare\/white-horse-hair-control-cream\/\" ><div class=\"fill banner-link\"><\/div><\/a>            \n\n<p><\/span><\/p>\n   <div id=\"text-box-890776609\" class=\"text-box banner-layer x50 md-x50 lg-x50 y95 md-y95 lg-y95 res-text\">\n                                <div class=\"text-box-content text dark\">\n              \n              <div class=\"text-inner text-center\">\n                  \n\n<h3 class=\"uppercase\"><a href=\"https:\/\/whitehorseperfume.com\/da\/vare\/white-horse-hair-control-cream\/\"><strong>215 Dkk<\/strong><\/a><\/h3>\n\n\n              <\/div>\n           <\/div>\n                            \n<style>\n#text-box-890776609 .text-box-content {\n  background-color: rgb(165, 18, 37);\n  font-size: 100%;\n}\n#text-box-890776609 .text-inner {\n  padding: 20px 0px 20px 0px;\n}\n#text-box-890776609 {\n  width: 60%;\n}\n<\/style>\n    <\/div>\n \n   <div id=\"text-box-114715280\" class=\"text-box banner-layer text-box-circle x5 md-x5 lg-x5 y5 md-y5 lg-y5 res-text\">\n                                <div class=\"text-box-content text dark\">\n              \n              <div class=\"text-inner text-center\">\n                  \n\n<p class=\"uppercase\"><strong>Tilbud!<\/strong><\/p>\n\n              <\/div>\n           <\/div>\n                            \n<style>\n#text-box-114715280 .text-box-content {\n  background-color: rgba(165, 18, 37, 0.98);\n  font-size: 100%;\n}\n#text-box-114715280 .text-inner {\n  padding: 0px 0px 0px 0px;\n}\n#text-box-114715280 {\n  width: 23%;\n}\n<\/style>\n    <\/div>\n \n\n        <\/div>\n      <\/div>\n\n            \n<style>\n#banner-1703392183 {\n  padding-top: 99.99%;\n}\n#banner-1703392183 .banner-bg img {\n  object-position: 50% 50%;\n}\n@media (min-width:550px) {\n  #banner-1703392183 {\n    padding-top: 99.99%;\n  }\n}\n@media (min-width:850px) {\n  #banner-1703392183 {\n    padding-top: 375px;\n  }\n}\n<\/style>\n  <\/div>\n\n\n\n\t\t<\/div>\n\t\t\t\t\t<\/div>\n\n\t\n\n\t<div id=\"col-1476723946\" class=\"col medium-6 large-4\"  >\n\t\t\t\t<div class=\"col-inner\"  >\n\t\t\t\n\t\t\t\n\n\n  <div class=\"banner has-hover\" id=\"banner-1115371217\">\n          <div class=\"banner-inner fill\">\n        <div class=\"banner-bg fill\" >\n            <img loading=\"lazy\" decoding=\"async\" width=\"1020\" height=\"682\" src=\"https:\/\/whitehorseperfume.com\/wp-content\/uploads\/2020\/10\/Presentation1201-1196x800.jpg\" class=\"bg attachment-large size-large\" alt=\"Vita h\u00e4sten\" \/>                                    \n                    <\/div>\n\t\t\n        <div class=\"banner-layers container\">\n            <a class=\"fill\" href=\"https:\/\/whitehorseperfume.com\/da\/kampanj\/\" ><div class=\"fill banner-link\"><\/div><\/a>            \n\n   <div id=\"text-box-178091903\" class=\"text-box banner-layer x50 md-x50 lg-x50 y95 md-y95 lg-y95 res-text\">\n                                <div class=\"text-box-content text dark\">\n              \n              <div class=\"text-inner text-center\">\n                  \n\n<h3 class=\"uppercase\"><a href=\"https:\/\/whitehorseperfume.com\/da\/kampanj\/\"><strong>Kampanj<\/strong><\/a><\/h3>\n\n              <\/div>\n           <\/div>\n                            \n<style>\n#text-box-178091903 .text-box-content {\n  background-color: rgb(165, 18, 37);\n  font-size: 100%;\n}\n#text-box-178091903 .text-inner {\n  padding: 20px 0px 20px 0px;\n}\n#text-box-178091903 {\n  width: 60%;\n}\n<\/style>\n    <\/div>\n \n\n        <\/div>\n      <\/div>\n\n            \n<style>\n#banner-1115371217 {\n  padding-top: 99.99%;\n}\n#banner-1115371217 .banner-bg img {\n  object-position: 56% 0%;\n}\n@media (min-width:850px) {\n  #banner-1115371217 {\n    padding-top: 375px;\n  }\n}\n<\/style>\n  <\/div>\n\n\n\n\t\t<\/div>\n\t\t\t\t\t<\/div>\n\n\t\n\n<\/div>\n\n\t\t<\/div>\n\n\t\t\n<style>\n#section_1336804415 {\n  padding-top: 10px;\n  padding-bottom: 10px;\n}\n<\/style>\n\t<\/section>\n\t\n\n\t<section class=\"section\" id=\"section_614937981\">\n\t\t<div class=\"section-bg fill\" >\n\t\t\t\t\t\t\t\t\t\n\t\t\t\n\n\t\t<\/div>\n\n\t\t\n\n\t\t<div class=\"section-content relative\">\n\t\t\t\n\n<div class=\"row row-collapse\"  id=\"row-1852414648\">\n\n\n\t<div id=\"col-669054382\" class=\"col small-12 large-12\"  >\n\t\t\t\t<div class=\"col-inner\"  >\n\t\t\t\n\t\t\t\n\n<h2 class=\"uppercase\" style=\"font-size: 23.04px; text-align: center;\"><span style=\"font-size: 23.04px;\">White horse<\/span><\/h2>\n<p style=\"text-align: center;\">\u00a0<\/p>\n<p class=\"thin-font\" style=\"text-align: left;\">White Horse tilbyder h\u00e5rcreme, parfume og after shave. M\u00e6rket har en lang historie og et n\u00e6sten ikonisk stempel inden for kropspleje produkter til m\u00e6nd. White Horse passer for deg som er p\u00e5 jakt efter en riktig klassisk parfymeflaske med Eau de Toilette som lagres p\u00e5 egetr\u00e6sfad . Dette giver parfumen dens klassiske duft og h\u00f8je kvalitet. Duften varer lenge og kan bruges som b\u00e5de barbervand og parfume.<\/p>\n<p>Sortimentet omfatter ogs\u00e5 White Horse Hair Control Cream med en meget mild duft. White Horse Hair Control Cream giver dig et velopdragen udseende, der varer lang tid uden at t\u00f8rke eller at g\u00f8re dit h\u00e5r skr\u00f8beligt. White Horse Hair Control Cream er den klassiske m\u00e5de at style dit h\u00e5r p\u00e5 og passe godt sammen med de andre produkter i sortimentet. Kigger du efter en barberprodukt som passer p\u00e5 din hud efter barbering, og som ogsaa har den klassiske White Horse duften, saa skal duv\u00e6lge White Horse After Shave lotion, med en mildere duft end Eau de Toilette, men som holder samme h\u00f8je kvalitet og duftintensitet. At afslutte en god barbering med en frisk after shave er en m\u00e5de at f\u00f8le sig frisk og sikker p\u00e5 og vide, at du f\u00f8ler dig komfortabel resten af dagen &#8230;. l\u00e6s mere.<\/p>\n\n\t\t<\/div>\n\t\t\t\t\t<\/div>\n\n\t\n\n\t<div id=\"col-1157684508\" class=\"col small-12 large-12\"  >\n\t\t\t\t<div class=\"col-inner\"  >\n\t\t\t\n\t\t\t\n\n<h2 class=\"uppercase\" style=\"text-align: center;\">Klassiskt m\u00e6rke<\/h2>\n<p>White Horse er et klassisk, svensk m\u00e6rke, med aner tilbage til 1960-erne. L\u00e6nge var White Horse det ledende m\u00e6rket for m\u00e6nd og deres pleie og udseende. Dengang blev alle White Horse produkterfremstilleti Stockholm, og White Horse Eau de Toilette har altid haft sin unike duft fra opbevaring p\u00e5 egetr\u00e6dsfad. Den klassiske duften kan ogs\u00e5 spores tilbage til rosenolien som er inkluderet i produkterne. White Horse har altid v\u00e6ret v\u00e6rdsat for sin h\u00f8je kvalitet og sin klassiske duft, og produseres idag i Link\u00f6ping p\u00e5 Link\u00f6pings Tekniska Fabrik.<\/p>\n<p>Produkterne holder samme h\u00f8je kvalitet, og hvor omsorg og kontrol av ingredienser og velv\u00e6re er i fokus. White Horse er m\u00e6rket for dig der syns om at tage sig af sig selv og sin krop, der s\u00e6tter pris p\u00e5 produkter af h\u00f8j kvalitet.I White Horse sortimentet finder du b\u00e5de parfume, After Shave og Hair Control Cream for at f\u00e5 dig til at f\u00f8le dig frisk hele dagen lang. Fork\u00e6l dig selv med White Horse produkter af h\u00f8j kvalitet. <\/p>\n\n\t\t<\/div>\n\t\t\t\t\t<\/div>\n\n\t\n\n\t<div id=\"col-392837534\" class=\"col small-12 large-12\"  >\n\t\t\t\t<div class=\"col-inner text-center\"  >\n\t\t\t\n\t\t\t\n\n\t<div class=\"img has-hover x md-x lg-x y md-y lg-y\" id=\"image_537289069\">\n\t\t\t\t\t\t\t\t<div class=\"img-inner dark\" >\n\t\t\t<img loading=\"lazy\" decoding=\"async\" width=\"1020\" height=\"106\" src=\"https:\/\/whitehorseperfume.com\/wp-content\/uploads\/2018\/06\/payments-1400x146.png\" class=\"attachment-large size-large\" alt=\"Betalning via Klarna, Paypal &amp; Postnord\" srcset=\"https:\/\/whitehorseperfume.com\/wp-content\/uploads\/2018\/06\/payments-1400x146.png 1400w, https:\/\/whitehorseperfume.com\/wp-content\/uploads\/2018\/06\/payments-510x53.png 510w, https:\/\/whitehorseperfume.com\/wp-content\/uploads\/2018\/06\/payments-800x83.png 800w, https:\/\/whitehorseperfume.com\/wp-content\/uploads\/2018\/06\/payments-768x80.png 768w, https:\/\/whitehorseperfume.com\/wp-content\/uploads\/2018\/06\/payments.png 1528w\" sizes=\"auto, (max-width: 1020px) 100vw, 1020px\" \/>\t\t\t\t\t\t\n\t\t\t\t\t<\/div>\n\t\t\t\t\t\t\t\t\n<style>\n#image_537289069 {\n  width: 46%;\n}\n<\/style>\n\t<\/div>\n\t\n\n\t<div class=\"img has-hover x md-x lg-x y md-y lg-y\" id=\"image_298233022\">\n\t\t\t\t\t\t\t\t<div class=\"img-inner dark\" >\n\t\t\t<img loading=\"lazy\" decoding=\"async\" width=\"1020\" height=\"195\" src=\"https:\/\/whitehorseperfume.com\/wp-content\/uploads\/2023\/02\/INT-We-support-Team@2x-1400x268.png\" class=\"attachment-large size-large\" alt=\"We support children with critical illnes\" srcset=\"https:\/\/whitehorseperfume.com\/wp-content\/uploads\/2023\/02\/INT-We-support-Team@2x-1400x268.png 1400w, https:\/\/whitehorseperfume.com\/wp-content\/uploads\/2023\/02\/INT-We-support-Team@2x-800x153.png 800w, https:\/\/whitehorseperfume.com\/wp-content\/uploads\/2023\/02\/INT-We-support-Team@2x-768x147.png 768w, https:\/\/whitehorseperfume.com\/wp-content\/uploads\/2023\/02\/INT-We-support-Team@2x-510x98.png 510w, https:\/\/whitehorseperfume.com\/wp-content\/uploads\/2023\/02\/INT-We-support-Team@2x.png 1472w\" sizes=\"auto, (max-width: 1020px) 100vw, 1020px\" \/>\t\t\t\t\t\t\n\t\t\t\t\t<\/div>\n\t\t\t\t\t\t\t\t\n<style>\n#image_298233022 {\n  width: 100%;\n}\n<\/style>\n\t<\/div>\n\t\n\n\n\t\t<\/div>\n\t\t\t\t\t<\/div>\n\n\t\n\n<\/div>\n\n\t\t<\/div>\n\n\t\t\n<style>\n#section_614937981 {\n  padding-top: 20px;\n  padding-bottom: 20px;\n  background-color: rgb(255, 255, 255);\n}\n<\/style>\n\t<\/section>\n\t\n\n","protected":false},"excerpt":{"rendered":"","protected":false},"author":1,"featured_media":0,"parent":0,"menu_order":0,"comment_status":"closed","ping_status":"closed","template":"page-blank.php","meta":{"footnotes":""},"class_list":["post-573","page","type-page","status-publish","hentry"],"_links":{"self":[{"href":"https:\/\/whitehorseperfume.com\/da\/wp-json\/wp\/v2\/pages\/573","targetHints":{"allow":["GET"]}}],"collection":[{"href":"https:\/\/whitehorseperfume.com\/da\/wp-json\/wp\/v2\/pages"}],"about":[{"href":"https:\/\/whitehorseperfume.com\/da\/wp-json\/wp\/v2\/types\/page"}],"author":[{"embeddable":true,"href":"https:\/\/whitehorseperfume.com\/da\/wp-json\/wp\/v2\/users\/1"}],"replies":[{"embeddable":true,"href":"https:\/\/whitehorseperfume.com\/da\/wp-json\/wp\/v2\/comments?post=573"}],"version-history":[{"count":5,"href":"https:\/\/whitehorseperfume.com\/da\/wp-json\/wp\/v2\/pages\/573\/revisions"}],"predecessor-version":[{"id":3047,"href":"https:\/\/whitehorseperfume.com\/da\/wp-json\/wp\/v2\/pages\/573\/revisions\/3047"}],"wp:attachment":[{"href":"https:\/\/whitehorseperfume.com\/da\/wp-json\/wp\/v2\/media?parent=573"}],"curies":[{"name":"wp","href":"https:\/\/api.w.org\/{rel}","templated":true}]}}